{"id":840,"date":"2023-02-22T14:28:35","date_gmt":"2023-02-22T12:28:35","guid":{"rendered":"http:\/\/alpha.sileno.fr.185-178-193-66.227.hosttech.eu\/?page_id=840"},"modified":"2024-08-26T14:17:01","modified_gmt":"2024-08-26T12:17:01","slug":"mentions-legales","status":"publish","type":"page","link":"https:\/\/sileno.com\/fr\/mentions-legales\/","title":{"rendered":"Mentions l\u00e9gales"},"content":{"rendered":"<h4><span class=\"HwtZe\" lang=\"fr\"><span class=\"jCAhz ChMk0b\"><span class=\"ryNqvb\">MENTIONS L\u00c9GALES \u2013 POLITIQUE DE CONFIDENTIALIT\u00c9 \u2013 COPYRIGHTS<\/span><\/span> <\/span><\/h4>\n<p><span class=\"HwtZe\" lang=\"fr\"><span class=\"jCAhz ChMk0b\"><span class=\"ryNqvb\">Voici les mentions l\u00e9gales de notre site web.<\/span><\/span> <\/span><\/p>\n<p><span class=\"HwtZe\" lang=\"fr\"><span class=\"jCAhz ChMk0b\"><span class=\"ryNqvb\">Merci d&rsquo;avoir visit\u00e9 le site Web de <a href=\"\/fr\/a-propos\">SILENO\u00a0<\/a>!<\/span><\/span> <\/span><\/p>\n<h4><span class=\"HwtZe\" lang=\"fr\"><span class=\"jCAhz ChMk0b\"><span class=\"ryNqvb\">Qui sommes<\/span><\/span> nous ? <\/span><\/h4>\n<p><span class=\"HwtZe\" lang=\"fr\"><span class=\"jCAhz ChMk0b\"><span class=\"ryNqvb\">L&rsquo;adresse de notre site Web est : <a href=\"http:\/\/www.sileno.com\">http:\/\/www.sileno.com<\/a><\/span><\/span><\/span><\/p>\n<p><span class=\"HwtZe\" lang=\"fr\"> <span class=\"jCAhz ChMk0b\"><span class=\"ryNqvb\">Il s&rsquo;agit du site WEB de la soci\u00e9t\u00e9 SILENO AG, sise Schleitheimerstrasse 42, 8222 Beringen en Suisse et h\u00e9berg\u00e9 par <a href=\"https:\/\/www.hosttech.de\/\">Hosttech GmbH<\/a>, DATAROCK, CH &#8211; 6207 Nottwil<\/span><\/span> <\/span><\/p>\n<h4><span class=\"HwtZe\" lang=\"fr\"><span class=\"jCAhz ChMk0b\"><span class=\"ryNqvb\">Protection des donn\u00e9es<\/span><\/span> <\/span><\/h4>\n<p><span class=\"HwtZe\" lang=\"fr\"><span class=\"jCAhz ChMk0b\"><span class=\"ryNqvb\">La protection et la s\u00e9curit\u00e9 des donn\u00e9es sont tr\u00e8s importantes pour SILENO AG &#8211; aussi importantes que votre confiance dans nos produits et services.<\/span><\/span> <span class=\"jCAhz ChMk0b\"><span class=\"ryNqvb\">SILENO AG s&rsquo;engage \u00e0 traiter vos donn\u00e9es personnelles de mani\u00e8re responsable et conform\u00e9ment aux dispositions l\u00e9gales applicables.<\/span><\/span> <\/span><\/p>\n<p><span class=\"HwtZe\" lang=\"fr\"><span class=\"jCAhz ChMk0b\"><span class=\"ryNqvb\">Cette d\u00e9claration de confidentialit\u00e9 d\u00e9finit la mani\u00e8re dont SILENO AG mentionn\u00e9e dans la section \u00ab\u00a0Informations sur la soci\u00e9t\u00e9\u00a0\u00bb de ce site Web (\u00ab\u00a0SILENO\u00a0\u00bb, \u00ab\u00a0nous\u00a0\u00bb, \u00ab\u00a0notre\u00a0\u00bb, \u00ab\u00a0notre\u00a0\u00bb) collecte et traite vos donn\u00e9es personnelles lorsque vous utilisez le site Web.<\/span><\/span> <\/span><\/p>\n<h4><span class=\"HwtZe\" lang=\"fr\"><span class=\"jCAhz ChMk0b\"><span class=\"ryNqvb\">Informations que nous collectons pour r\u00e9pondre \u00e0 vos demandes:<\/span><\/span> <\/span><\/h4>\n<p><span class=\"HwtZe\" lang=\"fr\"><span class=\"jCAhz ChMk0b\"><span class=\"ryNqvb\">Vous pouvez visiter notre site Web et obtenir des informations sur nos produits et services sans nous dire qui vous \u00eates.<\/span><\/span> <span class=\"jCAhz ChMk0b\"><span class=\"ryNqvb\">Si vous nous contactez via le \u00ab Formulaire de contact \u00bb ou via l&rsquo;un des boutons automatis\u00e9s proposant de nous contacter, nous collectons les donn\u00e9es et informations que vous nous fournissez.<\/span><\/span> <\/span><\/p>\n<p><span class=\"HwtZe\" lang=\"fr\"><span class=\"jCAhz ChMk0b\"><span class=\"ryNqvb\">Cela inclut des informations personnelles telles que votre nom, votre adresse e-mail professionnelle et votre num\u00e9ro de t\u00e9l\u00e9phone, ainsi que l&rsquo;adresse de l&rsquo;entreprise pour laquelle vous travaillez ou au nom de laquelle vous nous contactez.<\/span><\/span> <span class=\"jCAhz ChMk0b\"><span class=\"ryNqvb\">Nous utilisons vos donn\u00e9es personnelles aux fins pour lesquelles vous nous les fournissez.<\/span><\/span> <\/span><\/p>\n<p><span class=\"HwtZe\" lang=\"fr\"><span class=\"jCAhz ChMk0b\"><span class=\"ryNqvb\">En particulier, nous utilisons vos donn\u00e9es personnelles pour r\u00e9pondre \u00e0 votre demande, pour vous appeler si nous avons des questions concernant votre demande, pour traiter vos commandes ou pour vous donner acc\u00e8s \u00e0 d&rsquo;autres informations ou offres.<\/span><\/span> <\/span><\/p>\n<p><span class=\"HwtZe\" lang=\"fr\"><span class=\"jCAhz ChMk0b\"><span class=\"ryNqvb\">En raison de nos efforts pour informer les clients existants et les parties int\u00e9ress\u00e9es sur nos produits et services, nous pouvons \u00eatre amen\u00e9s \u00e0 vous recontacter concernant votre demande de vous informer sur de nouveaux produits, services ou offres.<\/span><\/span> <\/span><\/p>\n<h4><span class=\"HwtZe\" lang=\"fr\"><span class=\"jCAhz ChMk0b\"><span class=\"ryNqvb\">Donn\u00e9es que nous traitons pour analyser et am\u00e9liorer l&rsquo;utilisation de notre site Web<\/span><\/span><\/span><\/h4>\n<p><span class=\"HwtZe\" lang=\"fr\"> <span class=\"jCAhz ChMk0b\"><span class=\"ryNqvb\">De plus, en raison de notre souci de vous offrir une exp\u00e9rience utilisateur optimale, nous analysons l&rsquo;utilisation de ce site Web afin d&rsquo;avoir un aper\u00e7u de la mani\u00e8re dont nous pouvons am\u00e9liorer nos services.<\/span><\/span> <\/span><\/p>\n<p><span class=\"HwtZe\" lang=\"fr\"><span class=\"jCAhz ChMk0b\"><span class=\"ryNqvb\">\u00c0 l&rsquo;exception de votre adresse IP, qui peut \u00eatre consid\u00e9r\u00e9e comme une information personnelle dans certaines circonstances, ces informations sont des donn\u00e9es anonymes.<\/span><\/span> <span class=\"jCAhz ChMk0b\"><span class=\"ryNqvb\">Il peut \u00e9galement inclure des informations sur le type de navigateur Web ou d&rsquo;appareil que vous utilisez pour acc\u00e9der au site Web, la r\u00e9gion g\u00e9ographique \u00e0 partir de laquelle vous acc\u00e9dez au site Web, la date et l&rsquo;heure d&rsquo;acc\u00e8s et les parties de nos sites Web auxquelles vous acc\u00e9dez.<\/span><\/span> <\/span><\/p>\n<p><span class=\"HwtZe\" lang=\"fr\"><span class=\"jCAhz ChMk0b\"><span class=\"ryNqvb\">Nous collectons et traitons vos donn\u00e9es personnelles de mani\u00e8re l\u00e9gales,\u00a0 responsable et conform\u00e9ment aux dispositions l\u00e9gales applicables et au R\u00e8glement g\u00e9n\u00e9ral europ\u00e9en sur la protection des donn\u00e9es (RGPD).<\/span><\/span> <\/span><\/p>\n<p><span class=\"HwtZe\" lang=\"fr\"><span class=\"jCAhz ChMk0b\"><span class=\"ryNqvb\">SILENO traite vos donn\u00e9es personnelles exclusivement aux fins pour lesquelles vous nous fournissez les donn\u00e9es personnelles ou aux fins \u00e9nonc\u00e9es dans la pr\u00e9sente d\u00e9claration de protection des donn\u00e9es.<\/span><\/span> <\/span><\/p>\n<p><span class=\"HwtZe\" lang=\"fr\"><span class=\"jCAhz ChMk0b\"><span class=\"ryNqvb\">Nous utilisons des mesures de s\u00e9curit\u00e9 techniques et organisationnelles adapt\u00e9es au risque pour prot\u00e9ger la confidentialit\u00e9 et l&rsquo;int\u00e9grit\u00e9 des donn\u00e9es personnelles que nous collectons via ce site Web.<\/span><\/span> <span class=\"jCAhz ChMk0b\"><span class=\"ryNqvb\">Nous ne stockons vos donn\u00e9es personnelles que dans la mesure et aussi longtemps que cela est n\u00e9cessaire pour que SILENO AG remplisse les objectifs pour lesquels les donn\u00e9es ont \u00e9t\u00e9 collect\u00e9es ou si nous sommes l\u00e9galement tenus de conserver les donn\u00e9es.<\/span><\/span> <\/span><\/p>\n<p><span class=\"HwtZe\" lang=\"fr\"><span class=\"jCAhz ChMk0b\"><span class=\"ryNqvb\">Ces donn\u00e9es anonymes sont stock\u00e9es s\u00e9par\u00e9ment des donn\u00e9es personnelles que vous avez \u00e9ventuellement fournies et ne permettent pas de tirer des conclusions sur une personne en particulier.<\/span><\/span> <span class=\"jCAhz ChMk0b\"><span class=\"ryNqvb\">Ils sont \u00e9valu\u00e9s \u00e0 des fins statistiques afin de pouvoir optimiser notre site Internet et nos offres.<\/span><\/span> <\/span><\/p>\n<h4><span class=\"HwtZe\" lang=\"fr\"><span class=\"jCAhz ChMk0b\"><span class=\"ryNqvb\">Donn\u00e9es de la newsletter et autres demandes d&rsquo;informations<\/span><\/span><\/span><\/h4>\n<p><span class=\"HwtZe\" lang=\"fr\"> <span class=\"jCAhz ChMk0b\"><span class=\"ryNqvb\">Si vous souhaitez recevoir la newsletter ou demander plus d&rsquo;informations comme propos\u00e9 sur le site Web, nous avons besoin d&rsquo;une adresse e-mail de votre part ainsi que d&rsquo;informations nous permettant de v\u00e9rifier que vous \u00eates le propri\u00e9taire de l&rsquo;adresse e-mail fournie et<\/span><\/span> <span class=\"jCAhz ChMk0b\"><span class=\"ryNqvb\">que vous acceptez de recevoir la newsletter ou des informations compl\u00e9mentaires.<\/span><\/span> <\/span><\/p>\n<p><span class=\"HwtZe\" lang=\"fr\"><span class=\"jCAhz ChMk0b\"><span class=\"ryNqvb\">Aucune autre donn\u00e9e n&rsquo;est collect\u00e9e.<\/span><\/span> <span class=\"jCAhz ChMk0b\"><span class=\"ryNqvb\">Nous utilisons ces donn\u00e9es exclusivement pour envoyer les informations demand\u00e9es et ne les transmettons pas \u00e0 des tiers.<\/span><\/span> <span class=\"jCAhz ChMk0b\"><span class=\"ryNqvb\">Vous pouvez r\u00e9voquer \u00e0 tout moment votre consentement au stockage des donn\u00e9es, de l&rsquo;adresse e-mail et de leur utilisation pour l&rsquo;envoi de la newsletter ou de toute autre information, par exemple via le lien \u00ab\u00a0d\u00e9sinscription\u00a0\u00bb dans la newsletter ou comme titre d&rsquo;un simple<\/span><\/span> <span class=\"jCAhz ChMk0b\"><span class=\"ryNqvb\">e-mail envoy\u00e9 \u00e0 <a href=\"mailto:contact@scadasoft.com\">contact@scadasoft.com<\/a><\/span><\/span> <\/span><\/p>\n<h4><span class=\"HwtZe\" lang=\"fr\"><span class=\"jCAhz ChMk0b\"><span class=\"ryNqvb\">Cookies<\/span><\/span><\/span><\/h4>\n<p><span class=\"HwtZe\" lang=\"fr\"><span class=\"jCAhz ChMk0b\"><span class=\"ryNqvb\">Notre site internet utilise des cookies.<\/span><\/span> <span class=\"jCAhz ChMk0b\"><span class=\"ryNqvb\">Si vous utilisez notre site Web, vous pouvez choisir d&rsquo;enregistrer votre nom, votre adresse e-mail et votre site Web dans des cookies.<\/span><\/span> <span class=\"jCAhz ChMk0b\"><span class=\"ryNqvb\">Ceux-ci sont pour votre commodit\u00e9 afin que vous n&rsquo;ayez pas \u00e0 remplir \u00e0 nouveau vos coordonn\u00e9es lorsque vous laissez un autre commentaire.<\/span><\/span> <span class=\"jCAhz ChMk0b\"><span class=\"ryNqvb\">Ces cookies dureront un an.<\/span><\/span><\/span><\/p>\n<h4>Contenu int\u00e9gr\u00e9 d&rsquo;autres sites Web<\/h4>\n<p>Les articles, notes, textes, images ou tout autre contenu de ce site peuvent inclure des contenus int\u00e9gr\u00e9s (par exemple des vid\u00e9os, des images, des articles, etc.). Le contenu int\u00e9gr\u00e9 d&rsquo;autres sites Web se comporte exactement de la m\u00eame mani\u00e8re que si le visiteur avait visit\u00e9 l&rsquo;autre site Web.<\/p>\n<p>Ces sites Web peuvent collecter des donn\u00e9es vous concernant, utiliser des cookies, int\u00e9grer un suivi tiers suppl\u00e9mentaire et surveiller votre interaction avec ce contenu int\u00e9gr\u00e9, y compris le suivi de votre interaction avec le contenu int\u00e9gr\u00e9 si vous avez un compte et \u00eates connect\u00e9 \u00e0 ce site Web.<\/p>\n<h4>Clause de non-responsabilit\u00e9\u00a0: responsabilit\u00e9 pour le contenu<\/h4>\n<p>Le contenu de nos pages a \u00e9t\u00e9 cr\u00e9\u00e9 avec le plus grand soin. Cependant, nous ne pouvons pas garantir que le contenu est correct, complet ou \u00e0 jour. En tant que prestataire de services, nous sommes responsables de notre propre contenu sur ces pages conform\u00e9ment \u00e0 la l\u00e9gislation g\u00e9n\u00e9rale. En tant que prestataire de services, nous ne sommes cependant pas tenus de surveiller les informations tierces transmises ou stock\u00e9es ou d&rsquo;enqu\u00eater sur les circonstances qui indiquent une activit\u00e9 ill\u00e9gale. Les obligations de supprimer ou de bloquer l&rsquo;utilisation des informations conform\u00e9ment aux lois g\u00e9n\u00e9rales restent inchang\u00e9es. Toutefois, la responsabilit\u00e9 \u00e0 cet \u00e9gard n&rsquo;est possible qu&rsquo;\u00e0 partir du moment o\u00f9 la connaissance d&rsquo;une infraction concr\u00e8te \u00e0 la loi est connue. D\u00e8s que nous prendrons connaissance de toute violation de la loi, nous supprimerons imm\u00e9diatement ce contenu.<\/p>\n<h4>Responsabilit\u00e9 pour les liens<\/h4>\n<p>Notre site Web contient des liens vers des sites Web tiers externes sur lesquels nous n&rsquo;avons aucune influence. Par cons\u00e9quent, nous ne pouvons assumer aucune responsabilit\u00e9 pour ce contenu externe. Le fournisseur ou l&rsquo;exploitant respectif des pages est toujours responsable du contenu des pages li\u00e9es. Les pages li\u00e9es ont \u00e9t\u00e9 v\u00e9rifi\u00e9es pour d&rsquo;\u00e9ventuelles violations de la loi au moment de la liaison. Le contenu ill\u00e9gal n&rsquo;\u00e9tait pas reconnaissable au moment de la cr\u00e9ation du lien. Cependant, un contr\u00f4le permanent du contenu des pages li\u00e9es n&rsquo;est pas raisonnable sans preuves concr\u00e8tes d&rsquo;une infraction. D\u00e8s que nous aurons connaissance de violations l\u00e9gales, nous supprimerons imm\u00e9diatement ces liens.<\/p>\n<h4>Google Analytics<\/h4>\n<p>Ce site Web utilise les fonctions du service d&rsquo;analyse Web Google Analytics. Google Analytics utilise des \u00ab cookies \u00bb. Il s&rsquo;agit de fichiers texte qui sont stock\u00e9s sur votre ordinateur et qui permettent une analyse de votre utilisation du site Web. Les informations g\u00e9n\u00e9r\u00e9es par le cookie concernant votre utilisation de ce site Web sont g\u00e9n\u00e9ralement transmises \u00e0 un serveur de Google aux \u00c9tats-Unis et y sont stock\u00e9es. Veuillez vous r\u00e9f\u00e9rer \u00e0 la documentation de Google en cas d&rsquo;objection contre la collecte de donn\u00e9es<\/p>\n<h4>Comment pouvez-vous nous contacter<\/h4>\n<p>Si vous avez des questions ou des pr\u00e9occupations concernant l&rsquo;utilisation de notre site Web, vous pouvez nous contacter en utilisant le formulaire de contact ou notre responsable de la protection des donn\u00e9es par e-mail {dataprivacy(at)sileno.com} ou par courrier Sileno AG, Schleitheimerstrasse 42, 8222 Beringen Suisse.<\/p>\n<h4>Produits et services SILENO Politique de confidentialit\u00e9<\/h4>\n<p>Si vous avez des questions concernant notre politique de confidentialit\u00e9 relative \u00e0 nos produits et services, veuillez contacter notre responsable de la protection des donn\u00e9es par e-mail {dataprivacy(at)sileno.com} avec la liste compl\u00e8te et d\u00e9taill\u00e9e des produits et services, y compris le num\u00e9ro de s\u00e9rie et les num\u00e9ros de licence afin d&rsquo;obtenir votre propre copie de nos engagements en mati\u00e8re de confidentialit\u00e9 des donn\u00e9es.<\/p>\n<h4>Modifications de la politique de confidentialit\u00e9<\/h4>\n<p>Nous nous r\u00e9servons le droit de modifier cette politique de confidentialit\u00e9 \u00e0 tout moment. La version publi\u00e9e sur le site SILENO est la version applicable.<\/p>\n<h4>Droits d&rsquo;auteur et marques:<\/h4>\n<p>Il existe de nombreuses indications d&rsquo;autres produits ou services d&rsquo;autres soci\u00e9t\u00e9s que SILENO AG sur notre site Web. Tous ces autres produits et services, noms et marques sont des marques d\u00e9pos\u00e9es de leurs soci\u00e9t\u00e9s respectives.<\/p>\n<p>Les informations contenues dans le texte sont non contractuelles et \u00e0 titre informatif uniquement. Les produits peuvent pr\u00e9senter des diff\u00e9rences sp\u00e9cifiques \u00e0 chaque pays.<\/p>\n<h4>Images et illustrations<\/h4>\n<p>SILENO AG a s\u00e9lectionn\u00e9 tr\u00e8s soigneusement toutes les images et illustrations de ce site Web en s&rsquo;assurant que ces ressources sont libres d&rsquo;utilisation et autoris\u00e9es \u00e0 \u00eatre utilis\u00e9es sur notre site Web sans aucune violation des droits ou licences de tiers. La plupart des images et illustrations ont \u00e9t\u00e9 s\u00e9lectionn\u00e9es \u00e0 partir d&rsquo;ADOBE STOCK (stock.adobe.com) ou alternativement de PEXELS (www.pexels.com) ou d&rsquo;autres ressources Internet gratuites. Certaines illustrations sont des combinaisons d&rsquo;un ou plusieurs documents tiers ou ont \u00e9t\u00e9 \u00e9dit\u00e9es ou cr\u00e9\u00e9es par SCADA SOFT. Nous avons fait de notre mieux pour nous assurer que nous ne violons aucun droit, droit d&rsquo;auteur ou licence, mais si cela se produit, veuillez nous en informer et nous le supprimerons imm\u00e9diatement de notre site Web.<\/p>\n<p>&nbsp;<\/p>\n<p>Merci d&rsquo;avoir pris connaissance de nos mentions l\u00e9gales.<\/p>\n","protected":false},"excerpt":{"rendered":"<p>MENTIONS L\u00c9GALES \u2013 POLITIQUE DE CONFIDENTIALIT\u00c9 \u2013 COPYRIGHTS Voici les mentions l\u00e9gales de notre site web. Merci d&rsquo;avoir visit\u00e9 le site Web de SILENO\u00a0! Qui sommes nous ? L&rsquo;adresse de notre site Web est : http:\/\/www.sileno.com Il s&rsquo;agit du site WEB de la soci\u00e9t\u00e9 SILENO AG, sise Schleitheimerstrasse 42, 8222 Beringen en Suisse et h\u00e9berg\u00e9 [&hellip;]<\/p>\n","protected":false},"author":5,"featured_media":0,"parent":0,"menu_order":31,"comment_status":"closed","ping_status":"closed","template":"","meta":{"footnotes":""},"class_list":["post-840","page","type-page","status-publish","hentry"],"acf":[],"yoast_head":"<!-- This site is optimized with the Yoast SEO plugin v24.0 - https:\/\/yoast.com\/wordpress\/plugins\/seo\/ -->\n<title>Mentions l\u00e9gales | SILENO<\/title>\n<meta name=\"description\" content=\"D\u00e9couvrez les mentions l\u00e9gales de SILENO, fournisseur de solutions innovantes de contr\u00f4le et supervision en Suisse.\" \/>\n<meta name=\"robots\" content=\"index, follow, max-snippet:-1, max-image-preview:large, max-video-preview:-1\" \/>\n<link rel=\"canonical\" href=\"https:\/\/sileno.com\/fr\/mentions-legales\/\" \/>\n<meta property=\"og:locale\" content=\"fr_FR\" \/>\n<meta property=\"og:type\" content=\"article\" \/>\n<meta property=\"og:title\" content=\"Mentions l\u00e9gales | SILENO\" \/>\n<meta property=\"og:description\" content=\"D\u00e9couvrez les mentions l\u00e9gales de SILENO, fournisseur de solutions innovantes de contr\u00f4le et supervision en Suisse.\" \/>\n<meta property=\"og:url\" content=\"https:\/\/sileno.com\/fr\/mentions-legales\/\" \/>\n<meta property=\"og:site_name\" content=\"SILENO\" \/>\n<meta property=\"article:modified_time\" content=\"2024-08-26T12:17:01+00:00\" \/>\n<meta name=\"twitter:card\" content=\"summary_large_image\" \/>\n<meta name=\"twitter:label1\" content=\"Dur\u00e9e de lecture estim\u00e9e\" \/>\n\t<meta name=\"twitter:data1\" content=\"7 minutes\" \/>\n<script type=\"application\/ld+json\" class=\"yoast-schema-graph\">{\"@context\":\"https:\/\/schema.org\",\"@graph\":[{\"@type\":\"WebPage\",\"@id\":\"https:\/\/sileno.com\/fr\/mentions-legales\/\",\"url\":\"https:\/\/sileno.com\/fr\/mentions-legales\/\",\"name\":\"Mentions l\u00e9gales | SILENO\",\"isPartOf\":{\"@id\":\"https:\/\/sileno.com\/#website\"},\"datePublished\":\"2023-02-22T12:28:35+00:00\",\"dateModified\":\"2024-08-26T12:17:01+00:00\",\"description\":\"D\u00e9couvrez les mentions l\u00e9gales de SILENO, fournisseur de solutions innovantes de contr\u00f4le et supervision en Suisse.\",\"breadcrumb\":{\"@id\":\"https:\/\/sileno.com\/fr\/mentions-legales\/#breadcrumb\"},\"inLanguage\":\"fr-FR\",\"potentialAction\":[{\"@type\":\"ReadAction\",\"target\":[\"https:\/\/sileno.com\/fr\/mentions-legales\/\"]}]},{\"@type\":\"BreadcrumbList\",\"@id\":\"https:\/\/sileno.com\/fr\/mentions-legales\/#breadcrumb\",\"itemListElement\":[{\"@type\":\"ListItem\",\"position\":1,\"name\":\"Home\",\"item\":\"https:\/\/sileno.com\/fr\/\"},{\"@type\":\"ListItem\",\"position\":2,\"name\":\"Mentions l\u00e9gales\"}]},{\"@type\":\"WebSite\",\"@id\":\"https:\/\/sileno.com\/#website\",\"url\":\"https:\/\/sileno.com\/\",\"name\":\"SILENO\",\"description\":\"SCADA and EnMS energy management solution\",\"publisher\":{\"@id\":\"https:\/\/sileno.com\/#organization\"},\"potentialAction\":[{\"@type\":\"SearchAction\",\"target\":{\"@type\":\"EntryPoint\",\"urlTemplate\":\"https:\/\/sileno.com\/?s={search_term_string}\"},\"query-input\":{\"@type\":\"PropertyValueSpecification\",\"valueRequired\":true,\"valueName\":\"search_term_string\"}}],\"inLanguage\":\"fr-FR\"},{\"@type\":\"Organization\",\"@id\":\"https:\/\/sileno.com\/#organization\",\"name\":\"SILENO\",\"url\":\"https:\/\/sileno.com\/\",\"logo\":{\"@type\":\"ImageObject\",\"inLanguage\":\"fr-FR\",\"@id\":\"https:\/\/sileno.com\/#\/schema\/logo\/image\/\",\"url\":\"https:\/\/sileno.com\/wp-content\/uploads\/2023\/02\/logo.png\",\"contentUrl\":\"https:\/\/sileno.com\/wp-content\/uploads\/2023\/02\/logo.png\",\"width\":297,\"height\":45,\"caption\":\"SILENO\"},\"image\":{\"@id\":\"https:\/\/sileno.com\/#\/schema\/logo\/image\/\"},\"sameAs\":[\"https:\/\/www.linkedin.com\/company\/10977817\"]}]}<\/script>\n<!-- \/ Yoast SEO plugin. -->","yoast_head_json":{"title":"Mentions l\u00e9gales | SILENO","description":"D\u00e9couvrez les mentions l\u00e9gales de SILENO, fournisseur de solutions innovantes de contr\u00f4le et supervision en Suisse.","robots":{"index":"index","follow":"follow","max-snippet":"max-snippet:-1","max-image-preview":"max-image-preview:large","max-video-preview":"max-video-preview:-1"},"canonical":"https:\/\/sileno.com\/fr\/mentions-legales\/","og_locale":"fr_FR","og_type":"article","og_title":"Mentions l\u00e9gales | SILENO","og_description":"D\u00e9couvrez les mentions l\u00e9gales de SILENO, fournisseur de solutions innovantes de contr\u00f4le et supervision en Suisse.","og_url":"https:\/\/sileno.com\/fr\/mentions-legales\/","og_site_name":"SILENO","article_modified_time":"2024-08-26T12:17:01+00:00","twitter_card":"summary_large_image","twitter_misc":{"Dur\u00e9e de lecture estim\u00e9e":"7 minutes"},"schema":{"@context":"https:\/\/schema.org","@graph":[{"@type":"WebPage","@id":"https:\/\/sileno.com\/fr\/mentions-legales\/","url":"https:\/\/sileno.com\/fr\/mentions-legales\/","name":"Mentions l\u00e9gales | SILENO","isPartOf":{"@id":"https:\/\/sileno.com\/#website"},"datePublished":"2023-02-22T12:28:35+00:00","dateModified":"2024-08-26T12:17:01+00:00","description":"D\u00e9couvrez les mentions l\u00e9gales de SILENO, fournisseur de solutions innovantes de contr\u00f4le et supervision en Suisse.","breadcrumb":{"@id":"https:\/\/sileno.com\/fr\/mentions-legales\/#breadcrumb"},"inLanguage":"fr-FR","potentialAction":[{"@type":"ReadAction","target":["https:\/\/sileno.com\/fr\/mentions-legales\/"]}]},{"@type":"BreadcrumbList","@id":"https:\/\/sileno.com\/fr\/mentions-legales\/#breadcrumb","itemListElement":[{"@type":"ListItem","position":1,"name":"Home","item":"https:\/\/sileno.com\/fr\/"},{"@type":"ListItem","position":2,"name":"Mentions l\u00e9gales"}]},{"@type":"WebSite","@id":"https:\/\/sileno.com\/#website","url":"https:\/\/sileno.com\/","name":"SILENO","description":"SCADA and EnMS energy management solution","publisher":{"@id":"https:\/\/sileno.com\/#organization"},"potentialAction":[{"@type":"SearchAction","target":{"@type":"EntryPoint","urlTemplate":"https:\/\/sileno.com\/?s={search_term_string}"},"query-input":{"@type":"PropertyValueSpecification","valueRequired":true,"valueName":"search_term_string"}}],"inLanguage":"fr-FR"},{"@type":"Organization","@id":"https:\/\/sileno.com\/#organization","name":"SILENO","url":"https:\/\/sileno.com\/","logo":{"@type":"ImageObject","inLanguage":"fr-FR","@id":"https:\/\/sileno.com\/#\/schema\/logo\/image\/","url":"https:\/\/sileno.com\/wp-content\/uploads\/2023\/02\/logo.png","contentUrl":"https:\/\/sileno.com\/wp-content\/uploads\/2023\/02\/logo.png","width":297,"height":45,"caption":"SILENO"},"image":{"@id":"https:\/\/sileno.com\/#\/schema\/logo\/image\/"},"sameAs":["https:\/\/www.linkedin.com\/company\/10977817"]}]}},"_links":{"self":[{"href":"https:\/\/sileno.com\/fr\/wp-json\/wp\/v2\/pages\/840","targetHints":{"allow":["GET"]}}],"collection":[{"href":"https:\/\/sileno.com\/fr\/wp-json\/wp\/v2\/pages"}],"about":[{"href":"https:\/\/sileno.com\/fr\/wp-json\/wp\/v2\/types\/page"}],"author":[{"embeddable":true,"href":"https:\/\/sileno.com\/fr\/wp-json\/wp\/v2\/users\/5"}],"replies":[{"embeddable":true,"href":"https:\/\/sileno.com\/fr\/wp-json\/wp\/v2\/comments?post=840"}],"version-history":[{"count":11,"href":"https:\/\/sileno.com\/fr\/wp-json\/wp\/v2\/pages\/840\/revisions"}],"predecessor-version":[{"id":3522,"href":"https:\/\/sileno.com\/fr\/wp-json\/wp\/v2\/pages\/840\/revisions\/3522"}],"wp:attachment":[{"href":"https:\/\/sileno.com\/fr\/wp-json\/wp\/v2\/media?parent=840"}],"curies":[{"name":"wp","href":"https:\/\/api.w.org\/{rel}","templated":true}]}}