{"id":839,"date":"2023-03-02T13:00:41","date_gmt":"2023-03-02T11:00:41","guid":{"rendered":"http:\/\/alpha.sileno.fr.185-178-193-66.227.hosttech.eu\/?page_id=839"},"modified":"2023-05-31T15:16:23","modified_gmt":"2023-05-31T15:16:23","slug":"actualites","status":"publish","type":"page","link":"https:\/\/sileno.com\/fr\/actualites\/","title":{"rendered":"Actualit\u00e9s"},"content":{"rendered":"<p>Bienvenue dans la section actualit\u00e9s <strong><a href=\"\/fr\/a-propos\/\">SILENO<\/a> <\/strong>de notre site Web, o\u00f9 vous pouvez vous tenir au courant des derni\u00e8res mises \u00e0 jour, annonces et d\u00e9veloppements de notre soci\u00e9t\u00e9.<\/p>\n<p>Ici, nous partageons des nouvelles sur nos produits, services, partenariats et initiatives, ainsi que toute autre information pertinente qui, selon nous, pourrait int\u00e9resser nos clients, nos partenaires et le grand public.<\/p>\n<p>Nous attachons de l&rsquo;importance \u00e0 la transparence et \u00e0 la communication ouverte, et nous croyons que partager nos actualit\u00e9s et mises \u00e0 jour avec notre public est essentiel pour \u00e9tablir des relations solides et favoriser la confiance.<\/p>\n<p>Ainsi, que vous soyez un client actuel ou potentiel, un partenaire, un distributeur ou simplement int\u00e9ress\u00e9 par notre entreprise, nous vous invitons \u00e0 explorer notre section actualit\u00e9s, \u00e0 rester inform\u00e9 de nos derniers d\u00e9veloppements et \u00e0 vous inscrire \u00e0 notre newsletter et <a href=\"https:\/\/www.linkedin.com\/company\/sileno\/\">nos r\u00e9seaux sociaux<\/a>.<\/p>\n","protected":false},"excerpt":{"rendered":"<p>Bienvenue dans la section actualit\u00e9s SILENO de notre site Web, o\u00f9 vous pouvez vous tenir au courant des derni\u00e8res mises \u00e0 jour, annonces et d\u00e9veloppements de notre soci\u00e9t\u00e9. Ici, nous partageons des nouvelles sur nos produits, services, partenariats et initiatives, ainsi que toute autre information pertinente qui, selon nous, pourrait int\u00e9resser nos clients, nos partenaires [&hellip;]<\/p>\n","protected":false},"author":5,"featured_media":2611,"parent":0,"menu_order":25,"comment_status":"closed","ping_status":"closed","template":"page-news.php","meta":{"footnotes":""},"class_list":["post-839","page","type-page","status-publish","has-post-thumbnail","hentry"],"acf":[],"yoast_head":"<!-- This site is optimized with the Yoast SEO plugin v24.0 - https:\/\/yoast.com\/wordpress\/plugins\/seo\/ -->\n<title>Actualit\u00e9s - Toutes les mises \u00e0 jour et annonces r\u00e9centes | SILENO<\/title>\n<meta name=\"description\" content=\"Suivez nos actualit\u00e9s et restez inform\u00e9 de toutes les derni\u00e8res nouvelles de SILENO : produits, services, partenaires, initiatives...\" \/>\n<meta name=\"robots\" content=\"index, follow, max-snippet:-1, max-image-preview:large, max-video-preview:-1\" \/>\n<link rel=\"canonical\" href=\"https:\/\/sileno.com\/fr\/actualites\/\" \/>\n<meta property=\"og:locale\" content=\"fr_FR\" \/>\n<meta property=\"og:type\" content=\"article\" \/>\n<meta property=\"og:title\" content=\"Actualit\u00e9s - Toutes les mises \u00e0 jour et annonces r\u00e9centes | SILENO\" \/>\n<meta property=\"og:description\" content=\"Suivez nos actualit\u00e9s et restez inform\u00e9 de toutes les derni\u00e8res nouvelles de SILENO : produits, services, partenaires, initiatives...\" \/>\n<meta property=\"og:url\" content=\"https:\/\/sileno.com\/fr\/actualites\/\" \/>\n<meta property=\"og:site_name\" content=\"SILENO\" \/>\n<meta property=\"article:modified_time\" content=\"2023-05-31T15:16:23+00:00\" \/>\n<meta property=\"og:image\" content=\"https:\/\/sileno.com\/wp-content\/uploads\/2023\/03\/news_1900x455.jpg\" \/>\n\t<meta property=\"og:image:width\" content=\"1900\" \/>\n\t<meta property=\"og:image:height\" content=\"455\" \/>\n\t<meta property=\"og:image:type\" content=\"image\/jpeg\" \/>\n<meta name=\"twitter:card\" content=\"summary_large_image\" \/>\n<meta name=\"twitter:label1\" content=\"Dur\u00e9e de lecture estim\u00e9e\" \/>\n\t<meta name=\"twitter:data1\" content=\"1 minute\" \/>\n<script type=\"application\/ld+json\" class=\"yoast-schema-graph\">{\"@context\":\"https:\/\/schema.org\",\"@graph\":[{\"@type\":\"WebPage\",\"@id\":\"https:\/\/sileno.com\/fr\/actualites\/\",\"url\":\"https:\/\/sileno.com\/fr\/actualites\/\",\"name\":\"Actualit\u00e9s - Toutes les mises \u00e0 jour et annonces r\u00e9centes | SILENO\",\"isPartOf\":{\"@id\":\"https:\/\/sileno.com\/#website\"},\"primaryImageOfPage\":{\"@id\":\"https:\/\/sileno.com\/fr\/actualites\/#primaryimage\"},\"image\":{\"@id\":\"https:\/\/sileno.com\/fr\/actualites\/#primaryimage\"},\"thumbnailUrl\":\"https:\/\/sileno.com\/wp-content\/uploads\/2023\/03\/news_1900x455.jpg\",\"datePublished\":\"2023-03-02T11:00:41+00:00\",\"dateModified\":\"2023-05-31T15:16:23+00:00\",\"description\":\"Suivez nos actualit\u00e9s et restez inform\u00e9 de toutes les derni\u00e8res nouvelles de SILENO : produits, services, partenaires, initiatives...\",\"breadcrumb\":{\"@id\":\"https:\/\/sileno.com\/fr\/actualites\/#breadcrumb\"},\"inLanguage\":\"fr-FR\",\"potentialAction\":[{\"@type\":\"ReadAction\",\"target\":[\"https:\/\/sileno.com\/fr\/actualites\/\"]}]},{\"@type\":\"ImageObject\",\"inLanguage\":\"fr-FR\",\"@id\":\"https:\/\/sileno.com\/fr\/actualites\/#primaryimage\",\"url\":\"https:\/\/sileno.com\/wp-content\/uploads\/2023\/03\/news_1900x455.jpg\",\"contentUrl\":\"https:\/\/sileno.com\/wp-content\/uploads\/2023\/03\/news_1900x455.jpg\",\"width\":1900,\"height\":455},{\"@type\":\"BreadcrumbList\",\"@id\":\"https:\/\/sileno.com\/fr\/actualites\/#breadcrumb\",\"itemListElement\":[{\"@type\":\"ListItem\",\"position\":1,\"name\":\"Home\",\"item\":\"https:\/\/sileno.com\/fr\/\"},{\"@type\":\"ListItem\",\"position\":2,\"name\":\"Actualit\u00e9s\"}]},{\"@type\":\"WebSite\",\"@id\":\"https:\/\/sileno.com\/#website\",\"url\":\"https:\/\/sileno.com\/\",\"name\":\"SILENO\",\"description\":\"SCADA and EnMS energy management solution\",\"publisher\":{\"@id\":\"https:\/\/sileno.com\/#organization\"},\"potentialAction\":[{\"@type\":\"SearchAction\",\"target\":{\"@type\":\"EntryPoint\",\"urlTemplate\":\"https:\/\/sileno.com\/?s={search_term_string}\"},\"query-input\":{\"@type\":\"PropertyValueSpecification\",\"valueRequired\":true,\"valueName\":\"search_term_string\"}}],\"inLanguage\":\"fr-FR\"},{\"@type\":\"Organization\",\"@id\":\"https:\/\/sileno.com\/#organization\",\"name\":\"SILENO\",\"url\":\"https:\/\/sileno.com\/\",\"logo\":{\"@type\":\"ImageObject\",\"inLanguage\":\"fr-FR\",\"@id\":\"https:\/\/sileno.com\/#\/schema\/logo\/image\/\",\"url\":\"https:\/\/sileno.com\/wp-content\/uploads\/2023\/02\/logo.png\",\"contentUrl\":\"https:\/\/sileno.com\/wp-content\/uploads\/2023\/02\/logo.png\",\"width\":297,\"height\":45,\"caption\":\"SILENO\"},\"image\":{\"@id\":\"https:\/\/sileno.com\/#\/schema\/logo\/image\/\"},\"sameAs\":[\"https:\/\/www.linkedin.com\/company\/10977817\"]}]}<\/script>\n<!-- \/ Yoast SEO plugin. -->","yoast_head_json":{"title":"Actualit\u00e9s - Toutes les mises \u00e0 jour et annonces r\u00e9centes | SILENO","description":"Suivez nos actualit\u00e9s et restez inform\u00e9 de toutes les derni\u00e8res nouvelles de SILENO : produits, services, partenaires, initiatives...","robots":{"index":"index","follow":"follow","max-snippet":"max-snippet:-1","max-image-preview":"max-image-preview:large","max-video-preview":"max-video-preview:-1"},"canonical":"https:\/\/sileno.com\/fr\/actualites\/","og_locale":"fr_FR","og_type":"article","og_title":"Actualit\u00e9s - Toutes les mises \u00e0 jour et annonces r\u00e9centes | SILENO","og_description":"Suivez nos actualit\u00e9s et restez inform\u00e9 de toutes les derni\u00e8res nouvelles de SILENO : produits, services, partenaires, initiatives...","og_url":"https:\/\/sileno.com\/fr\/actualites\/","og_site_name":"SILENO","article_modified_time":"2023-05-31T15:16:23+00:00","og_image":[{"width":1900,"height":455,"url":"https:\/\/sileno.com\/wp-content\/uploads\/2023\/03\/news_1900x455.jpg","type":"image\/jpeg"}],"twitter_card":"summary_large_image","twitter_misc":{"Dur\u00e9e de lecture estim\u00e9e":"1 minute"},"schema":{"@context":"https:\/\/schema.org","@graph":[{"@type":"WebPage","@id":"https:\/\/sileno.com\/fr\/actualites\/","url":"https:\/\/sileno.com\/fr\/actualites\/","name":"Actualit\u00e9s - Toutes les mises \u00e0 jour et annonces r\u00e9centes | SILENO","isPartOf":{"@id":"https:\/\/sileno.com\/#website"},"primaryImageOfPage":{"@id":"https:\/\/sileno.com\/fr\/actualites\/#primaryimage"},"image":{"@id":"https:\/\/sileno.com\/fr\/actualites\/#primaryimage"},"thumbnailUrl":"https:\/\/sileno.com\/wp-content\/uploads\/2023\/03\/news_1900x455.jpg","datePublished":"2023-03-02T11:00:41+00:00","dateModified":"2023-05-31T15:16:23+00:00","description":"Suivez nos actualit\u00e9s et restez inform\u00e9 de toutes les derni\u00e8res nouvelles de SILENO : produits, services, partenaires, initiatives...","breadcrumb":{"@id":"https:\/\/sileno.com\/fr\/actualites\/#breadcrumb"},"inLanguage":"fr-FR","potentialAction":[{"@type":"ReadAction","target":["https:\/\/sileno.com\/fr\/actualites\/"]}]},{"@type":"ImageObject","inLanguage":"fr-FR","@id":"https:\/\/sileno.com\/fr\/actualites\/#primaryimage","url":"https:\/\/sileno.com\/wp-content\/uploads\/2023\/03\/news_1900x455.jpg","contentUrl":"https:\/\/sileno.com\/wp-content\/uploads\/2023\/03\/news_1900x455.jpg","width":1900,"height":455},{"@type":"BreadcrumbList","@id":"https:\/\/sileno.com\/fr\/actualites\/#breadcrumb","itemListElement":[{"@type":"ListItem","position":1,"name":"Home","item":"https:\/\/sileno.com\/fr\/"},{"@type":"ListItem","position":2,"name":"Actualit\u00e9s"}]},{"@type":"WebSite","@id":"https:\/\/sileno.com\/#website","url":"https:\/\/sileno.com\/","name":"SILENO","description":"SCADA and EnMS energy management solution","publisher":{"@id":"https:\/\/sileno.com\/#organization"},"potentialAction":[{"@type":"SearchAction","target":{"@type":"EntryPoint","urlTemplate":"https:\/\/sileno.com\/?s={search_term_string}"},"query-input":{"@type":"PropertyValueSpecification","valueRequired":true,"valueName":"search_term_string"}}],"inLanguage":"fr-FR"},{"@type":"Organization","@id":"https:\/\/sileno.com\/#organization","name":"SILENO","url":"https:\/\/sileno.com\/","logo":{"@type":"ImageObject","inLanguage":"fr-FR","@id":"https:\/\/sileno.com\/#\/schema\/logo\/image\/","url":"https:\/\/sileno.com\/wp-content\/uploads\/2023\/02\/logo.png","contentUrl":"https:\/\/sileno.com\/wp-content\/uploads\/2023\/02\/logo.png","width":297,"height":45,"caption":"SILENO"},"image":{"@id":"https:\/\/sileno.com\/#\/schema\/logo\/image\/"},"sameAs":["https:\/\/www.linkedin.com\/company\/10977817"]}]}},"_links":{"self":[{"href":"https:\/\/sileno.com\/fr\/wp-json\/wp\/v2\/pages\/839","targetHints":{"allow":["GET"]}}],"collection":[{"href":"https:\/\/sileno.com\/fr\/wp-json\/wp\/v2\/pages"}],"about":[{"href":"https:\/\/sileno.com\/fr\/wp-json\/wp\/v2\/types\/page"}],"author":[{"embeddable":true,"href":"https:\/\/sileno.com\/fr\/wp-json\/wp\/v2\/users\/5"}],"replies":[{"embeddable":true,"href":"https:\/\/sileno.com\/fr\/wp-json\/wp\/v2\/comments?post=839"}],"version-history":[{"count":6,"href":"https:\/\/sileno.com\/fr\/wp-json\/wp\/v2\/pages\/839\/revisions"}],"predecessor-version":[{"id":3070,"href":"https:\/\/sileno.com\/fr\/wp-json\/wp\/v2\/pages\/839\/revisions\/3070"}],"wp:featuredmedia":[{"embeddable":true,"href":"https:\/\/sileno.com\/fr\/wp-json\/wp\/v2\/media\/2611"}],"wp:attachment":[{"href":"https:\/\/sileno.com\/fr\/wp-json\/wp\/v2\/media?parent=839"}],"curies":[{"name":"wp","href":"https:\/\/api.w.org\/{rel}","templated":true}]}}