{"id":838,"date":"2023-02-28T10:38:25","date_gmt":"2023-02-28T08:38:25","guid":{"rendered":"http:\/\/alpha.sileno.fr.185-178-193-66.227.hosttech.eu\/?page_id=838"},"modified":"2024-08-19T13:38:03","modified_gmt":"2024-08-19T11:38:03","slug":"a-propos","status":"publish","type":"page","link":"https:\/\/sileno.com\/fr\/a-propos\/","title":{"rendered":"A propos"},"content":{"rendered":"<p>SILENO est une entreprise dont l&rsquo;essence m\u00eame est l&rsquo;innovation et le leadership technologique.<br \/>\nLa soci\u00e9t\u00e9 a \u00e9t\u00e9 cr\u00e9\u00e9e en 1997 sous le nom de SCADA SOFT, puis eMation. Elle est actuellement le distributeur exclusif de logiciel SCADA parmi le premier logiciel industriel \u00e0 proposer une interface WEB. Au d\u00e9but des ann\u00e9es 2000, SILENO a d\u00e9marr\u00e9 le d\u00e9veloppement et le d\u00e9ploiement du premier EnMS (Energy Management Solution) et d\u00e9j\u00e0 en mode SAAS.<\/p>\n<h5>25 ans d&rsquo;exp\u00e9rience<\/h5>\n<p>Au fil des ann\u00e9es, SILEhttp:\/\/www.scada.ch\/NO a d\u00e9velopp\u00e9 et cr\u00e9\u00e9 des partenariats solides avec diff\u00e9rents partenaires industriels. Parmi eux, Sauter commercialisera \u00e0 la fois le SCADA et la solution de gestion de l&rsquo;\u00e9nergie <a href=\"\/fr\/nos-solutions\/e3m\">e3m.<\/a><br \/>\nLes r\u00e9f\u00e9rences de SILENO s&rsquo;accumulent au fil du temps, confirmant sa position de r\u00e9f\u00e9rence suisse en contr\u00f4le et supervision. Les solutions propos\u00e9es par l&rsquo;entreprise, \u00e0 travers les applications SCADA ainsi que la solution de gestion de l&rsquo;\u00e9nergie avec le portail e3m, ont permis \u00e0 l&rsquo;entreprise de g\u00e9rer des dizaines de millions de points d&rsquo;acquisition pour plusieurs milliers de clients.<br \/>\nEn 2016, SILENO d\u00e9veloppe ses filiales en Espagne et en France pour proposer <a href=\"\/fr\/nos-solutions\/e3m\">e3m<\/a> dans les territoires francophones et hispaniques.<\/p>\n","protected":false},"excerpt":{"rendered":"<p>SILENO est une entreprise dont l&rsquo;essence m\u00eame est l&rsquo;innovation et le leadership technologique. La soci\u00e9t\u00e9 a \u00e9t\u00e9 cr\u00e9\u00e9e en 1997 sous le nom de SCADA SOFT, puis eMation. Elle est actuellement le distributeur exclusif de logiciel SCADA parmi le premier logiciel industriel \u00e0 proposer une interface WEB. Au d\u00e9but des ann\u00e9es 2000, SILENO a d\u00e9marr\u00e9 [&hellip;]<\/p>\n","protected":false},"author":5,"featured_media":0,"parent":0,"menu_order":21,"comment_status":"closed","ping_status":"closed","template":"page-about.php","meta":{"footnotes":""},"class_list":["post-838","page","type-page","status-publish","hentry"],"acf":[],"yoast_head":"<!-- This site is optimized with the Yoast SEO plugin v24.0 - https:\/\/yoast.com\/wordpress\/plugins\/seo\/ -->\n<title>Avec SILENO, facilitez-vous la t\u00e2che | A propos<\/title>\n<meta name=\"description\" content=\"D\u00e9couvrez l&#039;histoire de SILENO, fournisseur de solutions de contr\u00f4le et supervision en Suisse depuis plus de 25 ans.\" \/>\n<meta name=\"robots\" content=\"index, follow, max-snippet:-1, max-image-preview:large, max-video-preview:-1\" \/>\n<link rel=\"canonical\" href=\"https:\/\/sileno.com\/fr\/a-propos\/\" \/>\n<meta property=\"og:locale\" content=\"fr_FR\" \/>\n<meta property=\"og:type\" content=\"article\" \/>\n<meta property=\"og:title\" content=\"Avec SILENO, facilitez-vous la t\u00e2che | A propos\" \/>\n<meta property=\"og:description\" content=\"D\u00e9couvrez l&#039;histoire de SILENO, fournisseur de solutions de contr\u00f4le et supervision en Suisse depuis plus de 25 ans.\" \/>\n<meta property=\"og:url\" content=\"https:\/\/sileno.com\/fr\/a-propos\/\" \/>\n<meta property=\"og:site_name\" content=\"SILENO\" \/>\n<meta property=\"article:modified_time\" content=\"2024-08-19T11:38:03+00:00\" \/>\n<meta property=\"og:image\" content=\"https:\/\/sileno.com\/wp-content\/uploads\/2023\/03\/about_us_1900x455.jpg\" \/>\n\t<meta property=\"og:image:width\" content=\"1900\" \/>\n\t<meta property=\"og:image:height\" content=\"455\" \/>\n\t<meta property=\"og:image:type\" content=\"image\/jpeg\" \/>\n<meta name=\"twitter:card\" content=\"summary_large_image\" \/>\n<meta name=\"twitter:label1\" content=\"Dur\u00e9e de lecture estim\u00e9e\" \/>\n\t<meta name=\"twitter:data1\" content=\"2 minutes\" \/>\n<script type=\"application\/ld+json\" class=\"yoast-schema-graph\">{\"@context\":\"https:\/\/schema.org\",\"@graph\":[{\"@type\":\"WebPage\",\"@id\":\"https:\/\/sileno.com\/fr\/a-propos\/\",\"url\":\"https:\/\/sileno.com\/fr\/a-propos\/\",\"name\":\"Avec SILENO, facilitez-vous la t\u00e2che | A propos\",\"isPartOf\":{\"@id\":\"https:\/\/sileno.com\/#website\"},\"datePublished\":\"2023-02-28T08:38:25+00:00\",\"dateModified\":\"2024-08-19T11:38:03+00:00\",\"description\":\"D\u00e9couvrez l'histoire de SILENO, fournisseur de solutions de contr\u00f4le et supervision en Suisse depuis plus de 25 ans.\",\"breadcrumb\":{\"@id\":\"https:\/\/sileno.com\/fr\/a-propos\/#breadcrumb\"},\"inLanguage\":\"fr-FR\",\"potentialAction\":[{\"@type\":\"ReadAction\",\"target\":[\"https:\/\/sileno.com\/fr\/a-propos\/\"]}]},{\"@type\":\"BreadcrumbList\",\"@id\":\"https:\/\/sileno.com\/fr\/a-propos\/#breadcrumb\",\"itemListElement\":[{\"@type\":\"ListItem\",\"position\":1,\"name\":\"Home\",\"item\":\"https:\/\/sileno.com\/fr\/\"},{\"@type\":\"ListItem\",\"position\":2,\"name\":\"A propos\"}]},{\"@type\":\"WebSite\",\"@id\":\"https:\/\/sileno.com\/#website\",\"url\":\"https:\/\/sileno.com\/\",\"name\":\"SILENO\",\"description\":\"SCADA and EnMS energy management solution\",\"publisher\":{\"@id\":\"https:\/\/sileno.com\/#organization\"},\"potentialAction\":[{\"@type\":\"SearchAction\",\"target\":{\"@type\":\"EntryPoint\",\"urlTemplate\":\"https:\/\/sileno.com\/?s={search_term_string}\"},\"query-input\":{\"@type\":\"PropertyValueSpecification\",\"valueRequired\":true,\"valueName\":\"search_term_string\"}}],\"inLanguage\":\"fr-FR\"},{\"@type\":\"Organization\",\"@id\":\"https:\/\/sileno.com\/#organization\",\"name\":\"SILENO\",\"url\":\"https:\/\/sileno.com\/\",\"logo\":{\"@type\":\"ImageObject\",\"inLanguage\":\"fr-FR\",\"@id\":\"https:\/\/sileno.com\/#\/schema\/logo\/image\/\",\"url\":\"https:\/\/sileno.com\/wp-content\/uploads\/2023\/02\/logo.png\",\"contentUrl\":\"https:\/\/sileno.com\/wp-content\/uploads\/2023\/02\/logo.png\",\"width\":297,\"height\":45,\"caption\":\"SILENO\"},\"image\":{\"@id\":\"https:\/\/sileno.com\/#\/schema\/logo\/image\/\"},\"sameAs\":[\"https:\/\/www.linkedin.com\/company\/10977817\"]}]}<\/script>\n<!-- \/ Yoast SEO plugin. -->","yoast_head_json":{"title":"Avec SILENO, facilitez-vous la t\u00e2che | A propos","description":"D\u00e9couvrez l'histoire de SILENO, fournisseur de solutions de contr\u00f4le et supervision en Suisse depuis plus de 25 ans.","robots":{"index":"index","follow":"follow","max-snippet":"max-snippet:-1","max-image-preview":"max-image-preview:large","max-video-preview":"max-video-preview:-1"},"canonical":"https:\/\/sileno.com\/fr\/a-propos\/","og_locale":"fr_FR","og_type":"article","og_title":"Avec SILENO, facilitez-vous la t\u00e2che | A propos","og_description":"D\u00e9couvrez l'histoire de SILENO, fournisseur de solutions de contr\u00f4le et supervision en Suisse depuis plus de 25 ans.","og_url":"https:\/\/sileno.com\/fr\/a-propos\/","og_site_name":"SILENO","article_modified_time":"2024-08-19T11:38:03+00:00","og_image":[{"width":1900,"height":455,"url":"https:\/\/sileno.com\/wp-content\/uploads\/2023\/03\/about_us_1900x455.jpg","type":"image\/jpeg"}],"twitter_card":"summary_large_image","twitter_misc":{"Dur\u00e9e de lecture estim\u00e9e":"2 minutes"},"schema":{"@context":"https:\/\/schema.org","@graph":[{"@type":"WebPage","@id":"https:\/\/sileno.com\/fr\/a-propos\/","url":"https:\/\/sileno.com\/fr\/a-propos\/","name":"Avec SILENO, facilitez-vous la t\u00e2che | A propos","isPartOf":{"@id":"https:\/\/sileno.com\/#website"},"datePublished":"2023-02-28T08:38:25+00:00","dateModified":"2024-08-19T11:38:03+00:00","description":"D\u00e9couvrez l'histoire de SILENO, fournisseur de solutions de contr\u00f4le et supervision en Suisse depuis plus de 25 ans.","breadcrumb":{"@id":"https:\/\/sileno.com\/fr\/a-propos\/#breadcrumb"},"inLanguage":"fr-FR","potentialAction":[{"@type":"ReadAction","target":["https:\/\/sileno.com\/fr\/a-propos\/"]}]},{"@type":"BreadcrumbList","@id":"https:\/\/sileno.com\/fr\/a-propos\/#breadcrumb","itemListElement":[{"@type":"ListItem","position":1,"name":"Home","item":"https:\/\/sileno.com\/fr\/"},{"@type":"ListItem","position":2,"name":"A propos"}]},{"@type":"WebSite","@id":"https:\/\/sileno.com\/#website","url":"https:\/\/sileno.com\/","name":"SILENO","description":"SCADA and EnMS energy management solution","publisher":{"@id":"https:\/\/sileno.com\/#organization"},"potentialAction":[{"@type":"SearchAction","target":{"@type":"EntryPoint","urlTemplate":"https:\/\/sileno.com\/?s={search_term_string}"},"query-input":{"@type":"PropertyValueSpecification","valueRequired":true,"valueName":"search_term_string"}}],"inLanguage":"fr-FR"},{"@type":"Organization","@id":"https:\/\/sileno.com\/#organization","name":"SILENO","url":"https:\/\/sileno.com\/","logo":{"@type":"ImageObject","inLanguage":"fr-FR","@id":"https:\/\/sileno.com\/#\/schema\/logo\/image\/","url":"https:\/\/sileno.com\/wp-content\/uploads\/2023\/02\/logo.png","contentUrl":"https:\/\/sileno.com\/wp-content\/uploads\/2023\/02\/logo.png","width":297,"height":45,"caption":"SILENO"},"image":{"@id":"https:\/\/sileno.com\/#\/schema\/logo\/image\/"},"sameAs":["https:\/\/www.linkedin.com\/company\/10977817"]}]}},"_links":{"self":[{"href":"https:\/\/sileno.com\/fr\/wp-json\/wp\/v2\/pages\/838","targetHints":{"allow":["GET"]}}],"collection":[{"href":"https:\/\/sileno.com\/fr\/wp-json\/wp\/v2\/pages"}],"about":[{"href":"https:\/\/sileno.com\/fr\/wp-json\/wp\/v2\/types\/page"}],"author":[{"embeddable":true,"href":"https:\/\/sileno.com\/fr\/wp-json\/wp\/v2\/users\/5"}],"replies":[{"embeddable":true,"href":"https:\/\/sileno.com\/fr\/wp-json\/wp\/v2\/comments?post=838"}],"version-history":[{"count":16,"href":"https:\/\/sileno.com\/fr\/wp-json\/wp\/v2\/pages\/838\/revisions"}],"predecessor-version":[{"id":3510,"href":"https:\/\/sileno.com\/fr\/wp-json\/wp\/v2\/pages\/838\/revisions\/3510"}],"wp:attachment":[{"href":"https:\/\/sileno.com\/fr\/wp-json\/wp\/v2\/media?parent=838"}],"curies":[{"name":"wp","href":"https:\/\/api.w.org\/{rel}","templated":true}]}}