{"id":831,"date":"2023-02-28T08:43:27","date_gmt":"2023-02-28T08:43:27","guid":{"rendered":"http:\/\/alpha.sileno.fr.185-178-193-66.227.hosttech.eu\/?page_id=831"},"modified":"2023-05-31T15:19:40","modified_gmt":"2023-05-31T15:19:40","slug":"nos-solutions","status":"publish","type":"page","link":"https:\/\/sileno.com\/fr\/nos-solutions\/","title":{"rendered":"Nos solutions"},"content":{"rendered":"<p><strong><a href=\"\/fr\/a-propos\/\">SILENO<\/a><\/strong> dispose des meilleures solutions de <strong>supervision<\/strong>, de <strong>contr\u00f4le<\/strong>, d&rsquo;<strong>acquisition de donn\u00e9es<\/strong> et de <strong>gestion de l&rsquo;\u00e9nergie<\/strong>. Nous avons d\u00e9ploy\u00e9 plusieurs milliers d&rsquo;installations depuis la domotique, la supervision industrielle, la gestion des utilit\u00e9s, les industries manufacturi\u00e8res et comme point commun transversal : la gestion de l\u2019\u00e9nergie et l\u2019optimisation de l\u2019efficacit\u00e9.<\/p>\n<p>L&rsquo;excellence de <strong>SILENO<\/strong> r\u00e9side dans son savoir-faire pour combiner ces technologies afin d&rsquo;apporter la solution la mieux adapt\u00e9e aux besoins de ses clients.<\/p>\n<p><strong>SILENO<\/strong> con\u00e7oit des solutions logicielles embarqu\u00e9es et du mat\u00e9riel enti\u00e8rement int\u00e9gr\u00e9 jusqu&rsquo;\u00e0 la solution d&rsquo;entreprise (<strong>SAAS<\/strong>) pour cr\u00e9er des syst\u00e8mes de gestion complets et intelligents adapt\u00e9s \u00e0 vos besoins.<\/p>\n","protected":false},"excerpt":{"rendered":"<p>SILENO dispose des meilleures solutions de supervision, de contr\u00f4le, d&rsquo;acquisition de donn\u00e9es et de gestion de l&rsquo;\u00e9nergie. Nous avons d\u00e9ploy\u00e9 plusieurs milliers d&rsquo;installations depuis la domotique, la supervision industrielle, la gestion des utilit\u00e9s, les industries manufacturi\u00e8res et comme point commun transversal : la gestion de l\u2019\u00e9nergie et l\u2019optimisation de l\u2019efficacit\u00e9. L&rsquo;excellence de SILENO r\u00e9side dans [&hellip;]<\/p>\n","protected":false},"author":5,"featured_media":1538,"parent":0,"menu_order":3,"comment_status":"closed","ping_status":"closed","template":"page-offer.php","meta":{"footnotes":""},"class_list":["post-831","page","type-page","status-publish","has-post-thumbnail","hentry"],"acf":[],"yoast_head":"<!-- This site is optimized with the Yoast SEO plugin v24.0 - https:\/\/yoast.com\/wordpress\/plugins\/seo\/ -->\n<title>Nos solutions de contr\u00f4le et de supervision | SILENO<\/title>\n<meta name=\"description\" content=\"D\u00e9couvrez nos solutions e3m, c3m et a3m, propos\u00e9es par SILENO dans le but d&#039;une meilleure efficacit\u00e9 \u00e9nerg\u00e9tique.\" \/>\n<meta name=\"robots\" content=\"index, follow, max-snippet:-1, max-image-preview:large, max-video-preview:-1\" \/>\n<link rel=\"canonical\" href=\"https:\/\/sileno.com\/fr\/nos-solutions\/\" \/>\n<meta property=\"og:locale\" content=\"fr_FR\" \/>\n<meta property=\"og:type\" content=\"article\" \/>\n<meta property=\"og:title\" content=\"Nos solutions de contr\u00f4le et de supervision | SILENO\" \/>\n<meta property=\"og:description\" content=\"D\u00e9couvrez nos solutions e3m, c3m et a3m, propos\u00e9es par SILENO dans le but d&#039;une meilleure efficacit\u00e9 \u00e9nerg\u00e9tique.\" \/>\n<meta property=\"og:url\" content=\"https:\/\/sileno.com\/fr\/nos-solutions\/\" \/>\n<meta property=\"og:site_name\" content=\"SILENO\" \/>\n<meta property=\"article:modified_time\" content=\"2023-05-31T15:19:40+00:00\" \/>\n<meta property=\"og:image\" content=\"https:\/\/sileno.com\/wp-content\/uploads\/2023\/03\/AdobeStock_321695339-reworked-1.jpg\" \/>\n\t<meta property=\"og:image:width\" content=\"2000\" \/>\n\t<meta property=\"og:image:height\" content=\"703\" \/>\n\t<meta property=\"og:image:type\" content=\"image\/jpeg\" \/>\n<meta name=\"twitter:card\" content=\"summary_large_image\" \/>\n<meta name=\"twitter:label1\" content=\"Dur\u00e9e de lecture estim\u00e9e\" \/>\n\t<meta name=\"twitter:data1\" content=\"1 minute\" \/>\n<script type=\"application\/ld+json\" class=\"yoast-schema-graph\">{\"@context\":\"https:\/\/schema.org\",\"@graph\":[{\"@type\":\"WebPage\",\"@id\":\"https:\/\/sileno.com\/fr\/nos-solutions\/\",\"url\":\"https:\/\/sileno.com\/fr\/nos-solutions\/\",\"name\":\"Nos solutions de contr\u00f4le et de supervision | SILENO\",\"isPartOf\":{\"@id\":\"https:\/\/sileno.com\/#website\"},\"primaryImageOfPage\":{\"@id\":\"https:\/\/sileno.com\/fr\/nos-solutions\/#primaryimage\"},\"image\":{\"@id\":\"https:\/\/sileno.com\/fr\/nos-solutions\/#primaryimage\"},\"thumbnailUrl\":\"https:\/\/sileno.com\/wp-content\/uploads\/2023\/03\/AdobeStock_321695339-reworked-1.jpg\",\"datePublished\":\"2023-02-28T08:43:27+00:00\",\"dateModified\":\"2023-05-31T15:19:40+00:00\",\"description\":\"D\u00e9couvrez nos solutions e3m, c3m et a3m, propos\u00e9es par SILENO dans le but d'une meilleure efficacit\u00e9 \u00e9nerg\u00e9tique.\",\"breadcrumb\":{\"@id\":\"https:\/\/sileno.com\/fr\/nos-solutions\/#breadcrumb\"},\"inLanguage\":\"fr-FR\",\"potentialAction\":[{\"@type\":\"ReadAction\",\"target\":[\"https:\/\/sileno.com\/fr\/nos-solutions\/\"]}]},{\"@type\":\"ImageObject\",\"inLanguage\":\"fr-FR\",\"@id\":\"https:\/\/sileno.com\/fr\/nos-solutions\/#primaryimage\",\"url\":\"https:\/\/sileno.com\/wp-content\/uploads\/2023\/03\/AdobeStock_321695339-reworked-1.jpg\",\"contentUrl\":\"https:\/\/sileno.com\/wp-content\/uploads\/2023\/03\/AdobeStock_321695339-reworked-1.jpg\",\"width\":2000,\"height\":703},{\"@type\":\"BreadcrumbList\",\"@id\":\"https:\/\/sileno.com\/fr\/nos-solutions\/#breadcrumb\",\"itemListElement\":[{\"@type\":\"ListItem\",\"position\":1,\"name\":\"Home\",\"item\":\"https:\/\/sileno.com\/fr\/\"},{\"@type\":\"ListItem\",\"position\":2,\"name\":\"Nos solutions\"}]},{\"@type\":\"WebSite\",\"@id\":\"https:\/\/sileno.com\/#website\",\"url\":\"https:\/\/sileno.com\/\",\"name\":\"SILENO\",\"description\":\"SCADA and EnMS energy management solution\",\"publisher\":{\"@id\":\"https:\/\/sileno.com\/#organization\"},\"potentialAction\":[{\"@type\":\"SearchAction\",\"target\":{\"@type\":\"EntryPoint\",\"urlTemplate\":\"https:\/\/sileno.com\/?s={search_term_string}\"},\"query-input\":{\"@type\":\"PropertyValueSpecification\",\"valueRequired\":true,\"valueName\":\"search_term_string\"}}],\"inLanguage\":\"fr-FR\"},{\"@type\":\"Organization\",\"@id\":\"https:\/\/sileno.com\/#organization\",\"name\":\"SILENO\",\"url\":\"https:\/\/sileno.com\/\",\"logo\":{\"@type\":\"ImageObject\",\"inLanguage\":\"fr-FR\",\"@id\":\"https:\/\/sileno.com\/#\/schema\/logo\/image\/\",\"url\":\"https:\/\/sileno.com\/wp-content\/uploads\/2023\/02\/logo.png\",\"contentUrl\":\"https:\/\/sileno.com\/wp-content\/uploads\/2023\/02\/logo.png\",\"width\":297,\"height\":45,\"caption\":\"SILENO\"},\"image\":{\"@id\":\"https:\/\/sileno.com\/#\/schema\/logo\/image\/\"},\"sameAs\":[\"https:\/\/www.linkedin.com\/company\/10977817\"]}]}<\/script>\n<!-- \/ Yoast SEO plugin. -->","yoast_head_json":{"title":"Nos solutions de contr\u00f4le et de supervision | SILENO","description":"D\u00e9couvrez nos solutions e3m, c3m et a3m, propos\u00e9es par SILENO dans le but d'une meilleure efficacit\u00e9 \u00e9nerg\u00e9tique.","robots":{"index":"index","follow":"follow","max-snippet":"max-snippet:-1","max-image-preview":"max-image-preview:large","max-video-preview":"max-video-preview:-1"},"canonical":"https:\/\/sileno.com\/fr\/nos-solutions\/","og_locale":"fr_FR","og_type":"article","og_title":"Nos solutions de contr\u00f4le et de supervision | SILENO","og_description":"D\u00e9couvrez nos solutions e3m, c3m et a3m, propos\u00e9es par SILENO dans le but d'une meilleure efficacit\u00e9 \u00e9nerg\u00e9tique.","og_url":"https:\/\/sileno.com\/fr\/nos-solutions\/","og_site_name":"SILENO","article_modified_time":"2023-05-31T15:19:40+00:00","og_image":[{"width":2000,"height":703,"url":"https:\/\/sileno.com\/wp-content\/uploads\/2023\/03\/AdobeStock_321695339-reworked-1.jpg","type":"image\/jpeg"}],"twitter_card":"summary_large_image","twitter_misc":{"Dur\u00e9e de lecture estim\u00e9e":"1 minute"},"schema":{"@context":"https:\/\/schema.org","@graph":[{"@type":"WebPage","@id":"https:\/\/sileno.com\/fr\/nos-solutions\/","url":"https:\/\/sileno.com\/fr\/nos-solutions\/","name":"Nos solutions de contr\u00f4le et de supervision | SILENO","isPartOf":{"@id":"https:\/\/sileno.com\/#website"},"primaryImageOfPage":{"@id":"https:\/\/sileno.com\/fr\/nos-solutions\/#primaryimage"},"image":{"@id":"https:\/\/sileno.com\/fr\/nos-solutions\/#primaryimage"},"thumbnailUrl":"https:\/\/sileno.com\/wp-content\/uploads\/2023\/03\/AdobeStock_321695339-reworked-1.jpg","datePublished":"2023-02-28T08:43:27+00:00","dateModified":"2023-05-31T15:19:40+00:00","description":"D\u00e9couvrez nos solutions e3m, c3m et a3m, propos\u00e9es par SILENO dans le but d'une meilleure efficacit\u00e9 \u00e9nerg\u00e9tique.","breadcrumb":{"@id":"https:\/\/sileno.com\/fr\/nos-solutions\/#breadcrumb"},"inLanguage":"fr-FR","potentialAction":[{"@type":"ReadAction","target":["https:\/\/sileno.com\/fr\/nos-solutions\/"]}]},{"@type":"ImageObject","inLanguage":"fr-FR","@id":"https:\/\/sileno.com\/fr\/nos-solutions\/#primaryimage","url":"https:\/\/sileno.com\/wp-content\/uploads\/2023\/03\/AdobeStock_321695339-reworked-1.jpg","contentUrl":"https:\/\/sileno.com\/wp-content\/uploads\/2023\/03\/AdobeStock_321695339-reworked-1.jpg","width":2000,"height":703},{"@type":"BreadcrumbList","@id":"https:\/\/sileno.com\/fr\/nos-solutions\/#breadcrumb","itemListElement":[{"@type":"ListItem","position":1,"name":"Home","item":"https:\/\/sileno.com\/fr\/"},{"@type":"ListItem","position":2,"name":"Nos solutions"}]},{"@type":"WebSite","@id":"https:\/\/sileno.com\/#website","url":"https:\/\/sileno.com\/","name":"SILENO","description":"SCADA and EnMS energy management solution","publisher":{"@id":"https:\/\/sileno.com\/#organization"},"potentialAction":[{"@type":"SearchAction","target":{"@type":"EntryPoint","urlTemplate":"https:\/\/sileno.com\/?s={search_term_string}"},"query-input":{"@type":"PropertyValueSpecification","valueRequired":true,"valueName":"search_term_string"}}],"inLanguage":"fr-FR"},{"@type":"Organization","@id":"https:\/\/sileno.com\/#organization","name":"SILENO","url":"https:\/\/sileno.com\/","logo":{"@type":"ImageObject","inLanguage":"fr-FR","@id":"https:\/\/sileno.com\/#\/schema\/logo\/image\/","url":"https:\/\/sileno.com\/wp-content\/uploads\/2023\/02\/logo.png","contentUrl":"https:\/\/sileno.com\/wp-content\/uploads\/2023\/02\/logo.png","width":297,"height":45,"caption":"SILENO"},"image":{"@id":"https:\/\/sileno.com\/#\/schema\/logo\/image\/"},"sameAs":["https:\/\/www.linkedin.com\/company\/10977817"]}]}},"_links":{"self":[{"href":"https:\/\/sileno.com\/fr\/wp-json\/wp\/v2\/pages\/831","targetHints":{"allow":["GET"]}}],"collection":[{"href":"https:\/\/sileno.com\/fr\/wp-json\/wp\/v2\/pages"}],"about":[{"href":"https:\/\/sileno.com\/fr\/wp-json\/wp\/v2\/types\/page"}],"author":[{"embeddable":true,"href":"https:\/\/sileno.com\/fr\/wp-json\/wp\/v2\/users\/5"}],"replies":[{"embeddable":true,"href":"https:\/\/sileno.com\/fr\/wp-json\/wp\/v2\/comments?post=831"}],"version-history":[{"count":7,"href":"https:\/\/sileno.com\/fr\/wp-json\/wp\/v2\/pages\/831\/revisions"}],"predecessor-version":[{"id":3072,"href":"https:\/\/sileno.com\/fr\/wp-json\/wp\/v2\/pages\/831\/revisions\/3072"}],"wp:featuredmedia":[{"embeddable":true,"href":"https:\/\/sileno.com\/fr\/wp-json\/wp\/v2\/media\/1538"}],"wp:attachment":[{"href":"https:\/\/sileno.com\/fr\/wp-json\/wp\/v2\/media?parent=831"}],"curies":[{"name":"wp","href":"https:\/\/api.w.org\/{rel}","templated":true}]}}