{"id":828,"date":"2023-02-27T14:53:38","date_gmt":"2023-02-27T12:53:38","guid":{"rendered":"http:\/\/alpha.sileno.fr.185-178-193-66.227.hosttech.eu\/?page_id=828"},"modified":"2023-05-31T15:22:35","modified_gmt":"2023-05-31T15:22:35","slug":"technologies","status":"publish","type":"page","link":"https:\/\/sileno.com\/fr\/technologies\/","title":{"rendered":"Technologies"},"content":{"rendered":"<p><strong>L&rsquo;\u00e9nergie<\/strong> est certainement le principal d\u00e9fi pour notre avenir. Aussi, qu&rsquo;il s&rsquo;agisse de l&rsquo;in\u00e9vitable arr\u00eat des <strong>\u00e9nergies fossiles<\/strong>, de la <strong>production d&rsquo;eau<\/strong> et de toute autre forme d&rsquo;\u00e9nergie, il ne fait aucun doute que ce sont l\u00e0 les pr\u00e9occupations majeures \u00e0 venir. Par ailleurs, <a href=\"\/fr\/a-propos\/\">Sileno<\/a> croit fermement que les <strong>technologies<\/strong> telles que l&rsquo;<strong>Efficience \u00e9nerg\u00e9tique<\/strong>, <strong>l&rsquo;IOT<\/strong> et le<strong> BIG DATA<\/strong> sont des outils efficaces pour aider \u00e0 faire face aux exigences in\u00e9vitables de la nouvelle \u00e8re de l&rsquo;<strong>efficacit\u00e9 \u00e9nerg\u00e9tique<\/strong>.<\/p>\n","protected":false},"excerpt":{"rendered":"<p>L&rsquo;\u00e9nergie est certainement le principal d\u00e9fi pour notre avenir. Aussi, qu&rsquo;il s&rsquo;agisse de l&rsquo;in\u00e9vitable arr\u00eat des \u00e9nergies fossiles, de la production d&rsquo;eau et de toute autre forme d&rsquo;\u00e9nergie, il ne fait aucun doute que ce sont l\u00e0 les pr\u00e9occupations majeures \u00e0 venir. Par ailleurs, Sileno croit fermement que les technologies telles que l&rsquo;Efficience \u00e9nerg\u00e9tique, l&rsquo;IOT [&hellip;]<\/p>\n","protected":false},"author":5,"featured_media":1538,"parent":0,"menu_order":3,"comment_status":"closed","ping_status":"closed","template":"page-technology.php","meta":{"footnotes":""},"class_list":["post-828","page","type-page","status-publish","has-post-thumbnail","hentry"],"acf":[],"yoast_head":"<!-- This site is optimized with the Yoast SEO plugin v24.0 - https:\/\/yoast.com\/wordpress\/plugins\/seo\/ -->\n<title>Les technologies au service de l\u2019\u00e9nergie | SILENO<\/title>\n<meta name=\"description\" content=\"Les technologies innovantes de SILENO peuvent aider \u00e0 produire, stocker et utiliser de l&#039;\u00e9nergie de mani\u00e8re plus efficace et plus durable.\" \/>\n<meta name=\"robots\" content=\"index, follow, max-snippet:-1, max-image-preview:large, max-video-preview:-1\" \/>\n<link rel=\"canonical\" href=\"https:\/\/sileno.com\/fr\/technologies\/\" \/>\n<meta property=\"og:locale\" content=\"fr_FR\" \/>\n<meta property=\"og:type\" content=\"article\" \/>\n<meta property=\"og:title\" content=\"Les technologies au service de l\u2019\u00e9nergie | SILENO\" \/>\n<meta property=\"og:description\" content=\"Les technologies innovantes de SILENO peuvent aider \u00e0 produire, stocker et utiliser de l&#039;\u00e9nergie de mani\u00e8re plus efficace et plus durable.\" \/>\n<meta property=\"og:url\" content=\"https:\/\/sileno.com\/fr\/technologies\/\" \/>\n<meta property=\"og:site_name\" content=\"SILENO\" \/>\n<meta property=\"article:modified_time\" content=\"2023-05-31T15:22:35+00:00\" \/>\n<meta property=\"og:image\" content=\"https:\/\/sileno.com\/wp-content\/uploads\/2023\/03\/AdobeStock_321695339-reworked-1.jpg\" \/>\n\t<meta property=\"og:image:width\" content=\"2000\" \/>\n\t<meta property=\"og:image:height\" content=\"703\" \/>\n\t<meta property=\"og:image:type\" content=\"image\/jpeg\" \/>\n<meta name=\"twitter:card\" content=\"summary_large_image\" \/>\n<meta name=\"twitter:label1\" content=\"Dur\u00e9e de lecture estim\u00e9e\" \/>\n\t<meta name=\"twitter:data1\" content=\"1 minute\" \/>\n<script type=\"application\/ld+json\" class=\"yoast-schema-graph\">{\"@context\":\"https:\/\/schema.org\",\"@graph\":[{\"@type\":\"WebPage\",\"@id\":\"https:\/\/sileno.com\/fr\/technologies\/\",\"url\":\"https:\/\/sileno.com\/fr\/technologies\/\",\"name\":\"Les technologies au service de l\u2019\u00e9nergie | SILENO\",\"isPartOf\":{\"@id\":\"https:\/\/sileno.com\/#website\"},\"primaryImageOfPage\":{\"@id\":\"https:\/\/sileno.com\/fr\/technologies\/#primaryimage\"},\"image\":{\"@id\":\"https:\/\/sileno.com\/fr\/technologies\/#primaryimage\"},\"thumbnailUrl\":\"https:\/\/sileno.com\/wp-content\/uploads\/2023\/03\/AdobeStock_321695339-reworked-1.jpg\",\"datePublished\":\"2023-02-27T12:53:38+00:00\",\"dateModified\":\"2023-05-31T15:22:35+00:00\",\"description\":\"Les technologies innovantes de SILENO peuvent aider \u00e0 produire, stocker et utiliser de l'\u00e9nergie de mani\u00e8re plus efficace et plus durable.\",\"breadcrumb\":{\"@id\":\"https:\/\/sileno.com\/fr\/technologies\/#breadcrumb\"},\"inLanguage\":\"fr-FR\",\"potentialAction\":[{\"@type\":\"ReadAction\",\"target\":[\"https:\/\/sileno.com\/fr\/technologies\/\"]}]},{\"@type\":\"ImageObject\",\"inLanguage\":\"fr-FR\",\"@id\":\"https:\/\/sileno.com\/fr\/technologies\/#primaryimage\",\"url\":\"https:\/\/sileno.com\/wp-content\/uploads\/2023\/03\/AdobeStock_321695339-reworked-1.jpg\",\"contentUrl\":\"https:\/\/sileno.com\/wp-content\/uploads\/2023\/03\/AdobeStock_321695339-reworked-1.jpg\",\"width\":2000,\"height\":703},{\"@type\":\"BreadcrumbList\",\"@id\":\"https:\/\/sileno.com\/fr\/technologies\/#breadcrumb\",\"itemListElement\":[{\"@type\":\"ListItem\",\"position\":1,\"name\":\"Home\",\"item\":\"https:\/\/sileno.com\/fr\/\"},{\"@type\":\"ListItem\",\"position\":2,\"name\":\"Technologies\"}]},{\"@type\":\"WebSite\",\"@id\":\"https:\/\/sileno.com\/#website\",\"url\":\"https:\/\/sileno.com\/\",\"name\":\"SILENO\",\"description\":\"SCADA and EnMS energy management solution\",\"publisher\":{\"@id\":\"https:\/\/sileno.com\/#organization\"},\"potentialAction\":[{\"@type\":\"SearchAction\",\"target\":{\"@type\":\"EntryPoint\",\"urlTemplate\":\"https:\/\/sileno.com\/?s={search_term_string}\"},\"query-input\":{\"@type\":\"PropertyValueSpecification\",\"valueRequired\":true,\"valueName\":\"search_term_string\"}}],\"inLanguage\":\"fr-FR\"},{\"@type\":\"Organization\",\"@id\":\"https:\/\/sileno.com\/#organization\",\"name\":\"SILENO\",\"url\":\"https:\/\/sileno.com\/\",\"logo\":{\"@type\":\"ImageObject\",\"inLanguage\":\"fr-FR\",\"@id\":\"https:\/\/sileno.com\/#\/schema\/logo\/image\/\",\"url\":\"https:\/\/sileno.com\/wp-content\/uploads\/2023\/02\/logo.png\",\"contentUrl\":\"https:\/\/sileno.com\/wp-content\/uploads\/2023\/02\/logo.png\",\"width\":297,\"height\":45,\"caption\":\"SILENO\"},\"image\":{\"@id\":\"https:\/\/sileno.com\/#\/schema\/logo\/image\/\"},\"sameAs\":[\"https:\/\/www.linkedin.com\/company\/10977817\"]}]}<\/script>\n<!-- \/ Yoast SEO plugin. -->","yoast_head_json":{"title":"Les technologies au service de l\u2019\u00e9nergie | SILENO","description":"Les technologies innovantes de SILENO peuvent aider \u00e0 produire, stocker et utiliser de l'\u00e9nergie de mani\u00e8re plus efficace et plus durable.","robots":{"index":"index","follow":"follow","max-snippet":"max-snippet:-1","max-image-preview":"max-image-preview:large","max-video-preview":"max-video-preview:-1"},"canonical":"https:\/\/sileno.com\/fr\/technologies\/","og_locale":"fr_FR","og_type":"article","og_title":"Les technologies au service de l\u2019\u00e9nergie | SILENO","og_description":"Les technologies innovantes de SILENO peuvent aider \u00e0 produire, stocker et utiliser de l'\u00e9nergie de mani\u00e8re plus efficace et plus durable.","og_url":"https:\/\/sileno.com\/fr\/technologies\/","og_site_name":"SILENO","article_modified_time":"2023-05-31T15:22:35+00:00","og_image":[{"width":2000,"height":703,"url":"https:\/\/sileno.com\/wp-content\/uploads\/2023\/03\/AdobeStock_321695339-reworked-1.jpg","type":"image\/jpeg"}],"twitter_card":"summary_large_image","twitter_misc":{"Dur\u00e9e de lecture estim\u00e9e":"1 minute"},"schema":{"@context":"https:\/\/schema.org","@graph":[{"@type":"WebPage","@id":"https:\/\/sileno.com\/fr\/technologies\/","url":"https:\/\/sileno.com\/fr\/technologies\/","name":"Les technologies au service de l\u2019\u00e9nergie | SILENO","isPartOf":{"@id":"https:\/\/sileno.com\/#website"},"primaryImageOfPage":{"@id":"https:\/\/sileno.com\/fr\/technologies\/#primaryimage"},"image":{"@id":"https:\/\/sileno.com\/fr\/technologies\/#primaryimage"},"thumbnailUrl":"https:\/\/sileno.com\/wp-content\/uploads\/2023\/03\/AdobeStock_321695339-reworked-1.jpg","datePublished":"2023-02-27T12:53:38+00:00","dateModified":"2023-05-31T15:22:35+00:00","description":"Les technologies innovantes de SILENO peuvent aider \u00e0 produire, stocker et utiliser de l'\u00e9nergie de mani\u00e8re plus efficace et plus durable.","breadcrumb":{"@id":"https:\/\/sileno.com\/fr\/technologies\/#breadcrumb"},"inLanguage":"fr-FR","potentialAction":[{"@type":"ReadAction","target":["https:\/\/sileno.com\/fr\/technologies\/"]}]},{"@type":"ImageObject","inLanguage":"fr-FR","@id":"https:\/\/sileno.com\/fr\/technologies\/#primaryimage","url":"https:\/\/sileno.com\/wp-content\/uploads\/2023\/03\/AdobeStock_321695339-reworked-1.jpg","contentUrl":"https:\/\/sileno.com\/wp-content\/uploads\/2023\/03\/AdobeStock_321695339-reworked-1.jpg","width":2000,"height":703},{"@type":"BreadcrumbList","@id":"https:\/\/sileno.com\/fr\/technologies\/#breadcrumb","itemListElement":[{"@type":"ListItem","position":1,"name":"Home","item":"https:\/\/sileno.com\/fr\/"},{"@type":"ListItem","position":2,"name":"Technologies"}]},{"@type":"WebSite","@id":"https:\/\/sileno.com\/#website","url":"https:\/\/sileno.com\/","name":"SILENO","description":"SCADA and EnMS energy management solution","publisher":{"@id":"https:\/\/sileno.com\/#organization"},"potentialAction":[{"@type":"SearchAction","target":{"@type":"EntryPoint","urlTemplate":"https:\/\/sileno.com\/?s={search_term_string}"},"query-input":{"@type":"PropertyValueSpecification","valueRequired":true,"valueName":"search_term_string"}}],"inLanguage":"fr-FR"},{"@type":"Organization","@id":"https:\/\/sileno.com\/#organization","name":"SILENO","url":"https:\/\/sileno.com\/","logo":{"@type":"ImageObject","inLanguage":"fr-FR","@id":"https:\/\/sileno.com\/#\/schema\/logo\/image\/","url":"https:\/\/sileno.com\/wp-content\/uploads\/2023\/02\/logo.png","contentUrl":"https:\/\/sileno.com\/wp-content\/uploads\/2023\/02\/logo.png","width":297,"height":45,"caption":"SILENO"},"image":{"@id":"https:\/\/sileno.com\/#\/schema\/logo\/image\/"},"sameAs":["https:\/\/www.linkedin.com\/company\/10977817"]}]}},"_links":{"self":[{"href":"https:\/\/sileno.com\/fr\/wp-json\/wp\/v2\/pages\/828","targetHints":{"allow":["GET"]}}],"collection":[{"href":"https:\/\/sileno.com\/fr\/wp-json\/wp\/v2\/pages"}],"about":[{"href":"https:\/\/sileno.com\/fr\/wp-json\/wp\/v2\/types\/page"}],"author":[{"embeddable":true,"href":"https:\/\/sileno.com\/fr\/wp-json\/wp\/v2\/users\/5"}],"replies":[{"embeddable":true,"href":"https:\/\/sileno.com\/fr\/wp-json\/wp\/v2\/comments?post=828"}],"version-history":[{"count":7,"href":"https:\/\/sileno.com\/fr\/wp-json\/wp\/v2\/pages\/828\/revisions"}],"predecessor-version":[{"id":3073,"href":"https:\/\/sileno.com\/fr\/wp-json\/wp\/v2\/pages\/828\/revisions\/3073"}],"wp:featuredmedia":[{"embeddable":true,"href":"https:\/\/sileno.com\/fr\/wp-json\/wp\/v2\/media\/1538"}],"wp:attachment":[{"href":"https:\/\/sileno.com\/fr\/wp-json\/wp\/v2\/media?parent=828"}],"curies":[{"name":"wp","href":"https:\/\/api.w.org\/{rel}","templated":true}]}}