{"id":472,"date":"2023-03-03T08:23:26","date_gmt":"2023-03-03T06:23:26","guid":{"rendered":"http:\/\/alpha.sileno.fr.185-178-193-66.227.hosttech.eu\/?page_id=472"},"modified":"2023-06-07T07:47:46","modified_gmt":"2023-06-07T07:47:46","slug":"contact","status":"publish","type":"page","link":"https:\/\/sileno.com\/fr\/contact\/","title":{"rendered":"Contact"},"content":{"rendered":"<p>Une question ou une demande sp\u00e9cifique ? Nous serons extr\u00eamement heureux que vous nous contactiez directement par t\u00e9l\u00e9phone ou par <a href=\"mailto:info@sileno.com\">e-mail<\/a> ou via notre site Web.<\/p>\n<p>Alternativement, vous pouvez \u00e9galement contacter nos partenaires si vous avez besoin d&rsquo;aide avec un produit ou un service particulier. Nos partenaires sont g\u00e9n\u00e9ralement r\u00e9pertori\u00e9s sur <a href=\"\/fr\/\">notre site Web<\/a>, et vous pouvez y trouver leurs coordonn\u00e9es. Ils pourront vous fournir de plus amples informations ou un soutien.<\/p>\n<p>De plus, nous avons \u00e9galement une \u00e9quipe de support client que vous pouvez contacter pour toutes questions ou pr\u00e9occupations. Notre \u00e9quipe de support client est disponible par e-mail, t\u00e9l\u00e9phone ou chat en direct, et ils seront heureux de vous aider avec toutes les questions que vous pourriez avoir.<\/p>\n<p>Dans l&rsquo;ensemble, nous comprenons l&rsquo;importance de fournir un excellent service client et un excellent support, et nous nous effor\u00e7ons de vous permettre de nous contacter aussi facilement que possible ou de contacter nos partenaires chaque fois que vous en avez besoin. Alors n&rsquo;h\u00e9sitez pas \u00e0 nous contacter si vous avez besoin d&rsquo;aide ou si vous avez des questions !<\/p>\n","protected":false},"excerpt":{"rendered":"<p>Une question ou une demande sp\u00e9cifique ? Nous serons extr\u00eamement heureux que vous nous contactiez directement par t\u00e9l\u00e9phone ou par e-mail ou via notre site Web. Alternativement, vous pouvez \u00e9galement contacter nos partenaires si vous avez besoin d&rsquo;aide avec un produit ou un service particulier. Nos partenaires sont g\u00e9n\u00e9ralement r\u00e9pertori\u00e9s sur notre site Web, et [&hellip;]<\/p>\n","protected":false},"author":5,"featured_media":1847,"parent":0,"menu_order":27,"comment_status":"closed","ping_status":"closed","template":"page-contact.php","meta":{"footnotes":""},"class_list":["post-472","page","type-page","status-publish","has-post-thumbnail","hentry"],"acf":[],"yoast_head":"<!-- This site is optimized with the Yoast SEO plugin v24.0 - https:\/\/yoast.com\/wordpress\/plugins\/seo\/ -->\n<title>Nous contacter | SILENO<\/title>\n<meta name=\"description\" content=\"Vous pouvez contacter SILENO pour obtenir des informations sur ses solutions de contr\u00f4le et supervision ou pour toute autre demande.\" \/>\n<meta name=\"robots\" content=\"index, follow, max-snippet:-1, max-image-preview:large, max-video-preview:-1\" \/>\n<link rel=\"canonical\" href=\"https:\/\/sileno.com\/fr\/contact\/\" \/>\n<meta property=\"og:locale\" content=\"fr_FR\" \/>\n<meta property=\"og:type\" content=\"article\" \/>\n<meta property=\"og:title\" content=\"Nous contacter | SILENO\" \/>\n<meta property=\"og:description\" content=\"Vous pouvez contacter SILENO pour obtenir des informations sur ses solutions de contr\u00f4le et supervision ou pour toute autre demande.\" \/>\n<meta property=\"og:url\" content=\"https:\/\/sileno.com\/fr\/contact\/\" \/>\n<meta property=\"og:site_name\" content=\"SILENO\" \/>\n<meta property=\"article:modified_time\" content=\"2023-06-07T07:47:46+00:00\" \/>\n<meta property=\"og:image\" content=\"https:\/\/sileno.com\/wp-content\/uploads\/2023\/03\/contact-1900x455-1.jpg\" \/>\n\t<meta property=\"og:image:width\" content=\"1900\" \/>\n\t<meta property=\"og:image:height\" content=\"455\" \/>\n\t<meta property=\"og:image:type\" content=\"image\/jpeg\" \/>\n<meta name=\"twitter:card\" content=\"summary_large_image\" \/>\n<meta name=\"twitter:label1\" content=\"Dur\u00e9e de lecture estim\u00e9e\" \/>\n\t<meta name=\"twitter:data1\" content=\"1 minute\" \/>\n<script type=\"application\/ld+json\" class=\"yoast-schema-graph\">{\"@context\":\"https:\/\/schema.org\",\"@graph\":[{\"@type\":\"WebPage\",\"@id\":\"https:\/\/sileno.com\/fr\/contact\/\",\"url\":\"https:\/\/sileno.com\/fr\/contact\/\",\"name\":\"Nous contacter | SILENO\",\"isPartOf\":{\"@id\":\"https:\/\/sileno.com\/#website\"},\"primaryImageOfPage\":{\"@id\":\"https:\/\/sileno.com\/fr\/contact\/#primaryimage\"},\"image\":{\"@id\":\"https:\/\/sileno.com\/fr\/contact\/#primaryimage\"},\"thumbnailUrl\":\"https:\/\/sileno.com\/wp-content\/uploads\/2023\/03\/contact-1900x455-1.jpg\",\"datePublished\":\"2023-03-03T06:23:26+00:00\",\"dateModified\":\"2023-06-07T07:47:46+00:00\",\"description\":\"Vous pouvez contacter SILENO pour obtenir des informations sur ses solutions de contr\u00f4le et supervision ou pour toute autre demande.\",\"breadcrumb\":{\"@id\":\"https:\/\/sileno.com\/fr\/contact\/#breadcrumb\"},\"inLanguage\":\"fr-FR\",\"potentialAction\":[{\"@type\":\"ReadAction\",\"target\":[\"https:\/\/sileno.com\/fr\/contact\/\"]}]},{\"@type\":\"ImageObject\",\"inLanguage\":\"fr-FR\",\"@id\":\"https:\/\/sileno.com\/fr\/contact\/#primaryimage\",\"url\":\"https:\/\/sileno.com\/wp-content\/uploads\/2023\/03\/contact-1900x455-1.jpg\",\"contentUrl\":\"https:\/\/sileno.com\/wp-content\/uploads\/2023\/03\/contact-1900x455-1.jpg\",\"width\":1900,\"height\":455},{\"@type\":\"BreadcrumbList\",\"@id\":\"https:\/\/sileno.com\/fr\/contact\/#breadcrumb\",\"itemListElement\":[{\"@type\":\"ListItem\",\"position\":1,\"name\":\"Home\",\"item\":\"https:\/\/sileno.com\/fr\/\"},{\"@type\":\"ListItem\",\"position\":2,\"name\":\"Contact\"}]},{\"@type\":\"WebSite\",\"@id\":\"https:\/\/sileno.com\/#website\",\"url\":\"https:\/\/sileno.com\/\",\"name\":\"SILENO\",\"description\":\"SCADA and EnMS energy management solution\",\"publisher\":{\"@id\":\"https:\/\/sileno.com\/#organization\"},\"potentialAction\":[{\"@type\":\"SearchAction\",\"target\":{\"@type\":\"EntryPoint\",\"urlTemplate\":\"https:\/\/sileno.com\/?s={search_term_string}\"},\"query-input\":{\"@type\":\"PropertyValueSpecification\",\"valueRequired\":true,\"valueName\":\"search_term_string\"}}],\"inLanguage\":\"fr-FR\"},{\"@type\":\"Organization\",\"@id\":\"https:\/\/sileno.com\/#organization\",\"name\":\"SILENO\",\"url\":\"https:\/\/sileno.com\/\",\"logo\":{\"@type\":\"ImageObject\",\"inLanguage\":\"fr-FR\",\"@id\":\"https:\/\/sileno.com\/#\/schema\/logo\/image\/\",\"url\":\"https:\/\/sileno.com\/wp-content\/uploads\/2023\/02\/logo.png\",\"contentUrl\":\"https:\/\/sileno.com\/wp-content\/uploads\/2023\/02\/logo.png\",\"width\":297,\"height\":45,\"caption\":\"SILENO\"},\"image\":{\"@id\":\"https:\/\/sileno.com\/#\/schema\/logo\/image\/\"},\"sameAs\":[\"https:\/\/www.linkedin.com\/company\/10977817\"]}]}<\/script>\n<!-- \/ Yoast SEO plugin. -->","yoast_head_json":{"title":"Nous contacter | SILENO","description":"Vous pouvez contacter SILENO pour obtenir des informations sur ses solutions de contr\u00f4le et supervision ou pour toute autre demande.","robots":{"index":"index","follow":"follow","max-snippet":"max-snippet:-1","max-image-preview":"max-image-preview:large","max-video-preview":"max-video-preview:-1"},"canonical":"https:\/\/sileno.com\/fr\/contact\/","og_locale":"fr_FR","og_type":"article","og_title":"Nous contacter | SILENO","og_description":"Vous pouvez contacter SILENO pour obtenir des informations sur ses solutions de contr\u00f4le et supervision ou pour toute autre demande.","og_url":"https:\/\/sileno.com\/fr\/contact\/","og_site_name":"SILENO","article_modified_time":"2023-06-07T07:47:46+00:00","og_image":[{"width":1900,"height":455,"url":"https:\/\/sileno.com\/wp-content\/uploads\/2023\/03\/contact-1900x455-1.jpg","type":"image\/jpeg"}],"twitter_card":"summary_large_image","twitter_misc":{"Dur\u00e9e de lecture estim\u00e9e":"1 minute"},"schema":{"@context":"https:\/\/schema.org","@graph":[{"@type":"WebPage","@id":"https:\/\/sileno.com\/fr\/contact\/","url":"https:\/\/sileno.com\/fr\/contact\/","name":"Nous contacter | SILENO","isPartOf":{"@id":"https:\/\/sileno.com\/#website"},"primaryImageOfPage":{"@id":"https:\/\/sileno.com\/fr\/contact\/#primaryimage"},"image":{"@id":"https:\/\/sileno.com\/fr\/contact\/#primaryimage"},"thumbnailUrl":"https:\/\/sileno.com\/wp-content\/uploads\/2023\/03\/contact-1900x455-1.jpg","datePublished":"2023-03-03T06:23:26+00:00","dateModified":"2023-06-07T07:47:46+00:00","description":"Vous pouvez contacter SILENO pour obtenir des informations sur ses solutions de contr\u00f4le et supervision ou pour toute autre demande.","breadcrumb":{"@id":"https:\/\/sileno.com\/fr\/contact\/#breadcrumb"},"inLanguage":"fr-FR","potentialAction":[{"@type":"ReadAction","target":["https:\/\/sileno.com\/fr\/contact\/"]}]},{"@type":"ImageObject","inLanguage":"fr-FR","@id":"https:\/\/sileno.com\/fr\/contact\/#primaryimage","url":"https:\/\/sileno.com\/wp-content\/uploads\/2023\/03\/contact-1900x455-1.jpg","contentUrl":"https:\/\/sileno.com\/wp-content\/uploads\/2023\/03\/contact-1900x455-1.jpg","width":1900,"height":455},{"@type":"BreadcrumbList","@id":"https:\/\/sileno.com\/fr\/contact\/#breadcrumb","itemListElement":[{"@type":"ListItem","position":1,"name":"Home","item":"https:\/\/sileno.com\/fr\/"},{"@type":"ListItem","position":2,"name":"Contact"}]},{"@type":"WebSite","@id":"https:\/\/sileno.com\/#website","url":"https:\/\/sileno.com\/","name":"SILENO","description":"SCADA and EnMS energy management solution","publisher":{"@id":"https:\/\/sileno.com\/#organization"},"potentialAction":[{"@type":"SearchAction","target":{"@type":"EntryPoint","urlTemplate":"https:\/\/sileno.com\/?s={search_term_string}"},"query-input":{"@type":"PropertyValueSpecification","valueRequired":true,"valueName":"search_term_string"}}],"inLanguage":"fr-FR"},{"@type":"Organization","@id":"https:\/\/sileno.com\/#organization","name":"SILENO","url":"https:\/\/sileno.com\/","logo":{"@type":"ImageObject","inLanguage":"fr-FR","@id":"https:\/\/sileno.com\/#\/schema\/logo\/image\/","url":"https:\/\/sileno.com\/wp-content\/uploads\/2023\/02\/logo.png","contentUrl":"https:\/\/sileno.com\/wp-content\/uploads\/2023\/02\/logo.png","width":297,"height":45,"caption":"SILENO"},"image":{"@id":"https:\/\/sileno.com\/#\/schema\/logo\/image\/"},"sameAs":["https:\/\/www.linkedin.com\/company\/10977817"]}]}},"_links":{"self":[{"href":"https:\/\/sileno.com\/fr\/wp-json\/wp\/v2\/pages\/472","targetHints":{"allow":["GET"]}}],"collection":[{"href":"https:\/\/sileno.com\/fr\/wp-json\/wp\/v2\/pages"}],"about":[{"href":"https:\/\/sileno.com\/fr\/wp-json\/wp\/v2\/types\/page"}],"author":[{"embeddable":true,"href":"https:\/\/sileno.com\/fr\/wp-json\/wp\/v2\/users\/5"}],"replies":[{"embeddable":true,"href":"https:\/\/sileno.com\/fr\/wp-json\/wp\/v2\/comments?post=472"}],"version-history":[{"count":15,"href":"https:\/\/sileno.com\/fr\/wp-json\/wp\/v2\/pages\/472\/revisions"}],"predecessor-version":[{"id":3099,"href":"https:\/\/sileno.com\/fr\/wp-json\/wp\/v2\/pages\/472\/revisions\/3099"}],"wp:featuredmedia":[{"embeddable":true,"href":"https:\/\/sileno.com\/fr\/wp-json\/wp\/v2\/media\/1847"}],"wp:attachment":[{"href":"https:\/\/sileno.com\/fr\/wp-json\/wp\/v2\/media?parent=472"}],"curies":[{"name":"wp","href":"https:\/\/api.w.org\/{rel}","templated":true}]}}