{"id":170,"date":"2023-02-08T12:29:34","date_gmt":"2023-02-08T10:29:34","guid":{"rendered":"http:\/\/sileno.test\/votre-secteur\/"},"modified":"2023-05-31T15:30:57","modified_gmt":"2023-05-31T15:30:57","slug":"secteurs","status":"publish","type":"page","link":"https:\/\/sileno.com\/fr\/secteurs\/","title":{"rendered":"Votre secteur"},"content":{"rendered":"<p><strong>Chaque industrie ou service a ses propres exigences sp\u00e9cifiques.<\/strong> La <strong>supervision<\/strong> et le <strong>contr\u00f4le<\/strong> ou la <strong>gestion de l&rsquo;\u00e9nergie<\/strong> ne se font pas de la m\u00eame mani\u00e8re dans le b\u00e2timent ou dans l&rsquo;industrie ou chez les constructeurs de machines. SILENO a d\u00e9ploy\u00e9 des applications pour de nombreux clients de diff\u00e9rents secteurs et propose des <strong><a href=\"\/fr\/nos-solutions\/\">outils personnalis\u00e9s<\/a><\/strong> et <strong>performants<\/strong> pour r\u00e9pondre au mieux aux besoins de votre activit\u00e9.<\/p>\n","protected":false},"excerpt":{"rendered":"<p>Chaque industrie ou service a ses propres exigences sp\u00e9cifiques. La supervision et le contr\u00f4le ou la gestion de l&rsquo;\u00e9nergie ne se font pas de la m\u00eame mani\u00e8re dans le b\u00e2timent ou dans l&rsquo;industrie ou chez les constructeurs de machines. SILENO a d\u00e9ploy\u00e9 des applications pour de nombreux clients de diff\u00e9rents secteurs et propose des outils [&hellip;]<\/p>\n","protected":false},"author":5,"featured_media":0,"parent":0,"menu_order":2,"comment_status":"closed","ping_status":"closed","template":"page-sector.php","meta":{"footnotes":""},"class_list":["post-170","page","type-page","status-publish","hentry"],"acf":[],"yoast_head":"<!-- This site is optimized with the Yoast SEO plugin v24.0 - https:\/\/yoast.com\/wordpress\/plugins\/seo\/ -->\n<title>Gestion \u00e9nerg\u00e9tique dans les secteurs d&#039;activit\u00e9 | SILENO<\/title>\n<meta name=\"description\" content=\"La gestion \u00e9nerg\u00e9tique concerne diff\u00e9rents secteurs d&#039;activit\u00e9 : tertiaire, industrie, sant\u00e9...SILENO vous aide pour gagner en efficacit\u00e9.\" \/>\n<meta name=\"robots\" content=\"index, follow, max-snippet:-1, max-image-preview:large, max-video-preview:-1\" \/>\n<link rel=\"canonical\" href=\"https:\/\/sileno.com\/fr\/secteurs\/\" \/>\n<meta property=\"og:locale\" content=\"fr_FR\" \/>\n<meta property=\"og:type\" content=\"article\" \/>\n<meta property=\"og:title\" content=\"Gestion \u00e9nerg\u00e9tique dans les secteurs d&#039;activit\u00e9 | SILENO\" \/>\n<meta property=\"og:description\" content=\"La gestion \u00e9nerg\u00e9tique concerne diff\u00e9rents secteurs d&#039;activit\u00e9 : tertiaire, industrie, sant\u00e9...SILENO vous aide pour gagner en efficacit\u00e9.\" \/>\n<meta property=\"og:url\" content=\"https:\/\/sileno.com\/fr\/secteurs\/\" \/>\n<meta property=\"og:site_name\" content=\"SILENO\" \/>\n<meta property=\"article:modified_time\" content=\"2023-05-31T15:30:57+00:00\" \/>\n<meta property=\"og:image\" content=\"https:\/\/sileno.com\/wp-content\/uploads\/2023\/03\/AdobeStock_481449351-reworked-1.jpg\" \/>\n\t<meta property=\"og:image:width\" content=\"2000\" \/>\n\t<meta property=\"og:image:height\" content=\"939\" \/>\n\t<meta property=\"og:image:type\" content=\"image\/jpeg\" \/>\n<meta name=\"twitter:card\" content=\"summary_large_image\" \/>\n<meta name=\"twitter:label1\" content=\"Dur\u00e9e de lecture estim\u00e9e\" \/>\n\t<meta name=\"twitter:data1\" content=\"1 minute\" \/>\n<script type=\"application\/ld+json\" class=\"yoast-schema-graph\">{\"@context\":\"https:\/\/schema.org\",\"@graph\":[{\"@type\":\"WebPage\",\"@id\":\"https:\/\/sileno.com\/fr\/secteurs\/\",\"url\":\"https:\/\/sileno.com\/fr\/secteurs\/\",\"name\":\"Gestion \u00e9nerg\u00e9tique dans les secteurs d'activit\u00e9 | SILENO\",\"isPartOf\":{\"@id\":\"https:\/\/sileno.com\/#website\"},\"datePublished\":\"2023-02-08T10:29:34+00:00\",\"dateModified\":\"2023-05-31T15:30:57+00:00\",\"description\":\"La gestion \u00e9nerg\u00e9tique concerne diff\u00e9rents secteurs d'activit\u00e9 : tertiaire, industrie, sant\u00e9...SILENO vous aide pour gagner en efficacit\u00e9.\",\"breadcrumb\":{\"@id\":\"https:\/\/sileno.com\/fr\/secteurs\/#breadcrumb\"},\"inLanguage\":\"fr-FR\",\"potentialAction\":[{\"@type\":\"ReadAction\",\"target\":[\"https:\/\/sileno.com\/fr\/secteurs\/\"]}]},{\"@type\":\"BreadcrumbList\",\"@id\":\"https:\/\/sileno.com\/fr\/secteurs\/#breadcrumb\",\"itemListElement\":[{\"@type\":\"ListItem\",\"position\":1,\"name\":\"Home\",\"item\":\"https:\/\/sileno.com\/fr\/\"},{\"@type\":\"ListItem\",\"position\":2,\"name\":\"Votre secteur\"}]},{\"@type\":\"WebSite\",\"@id\":\"https:\/\/sileno.com\/#website\",\"url\":\"https:\/\/sileno.com\/\",\"name\":\"SILENO\",\"description\":\"SCADA and EnMS energy management solution\",\"publisher\":{\"@id\":\"https:\/\/sileno.com\/#organization\"},\"potentialAction\":[{\"@type\":\"SearchAction\",\"target\":{\"@type\":\"EntryPoint\",\"urlTemplate\":\"https:\/\/sileno.com\/?s={search_term_string}\"},\"query-input\":{\"@type\":\"PropertyValueSpecification\",\"valueRequired\":true,\"valueName\":\"search_term_string\"}}],\"inLanguage\":\"fr-FR\"},{\"@type\":\"Organization\",\"@id\":\"https:\/\/sileno.com\/#organization\",\"name\":\"SILENO\",\"url\":\"https:\/\/sileno.com\/\",\"logo\":{\"@type\":\"ImageObject\",\"inLanguage\":\"fr-FR\",\"@id\":\"https:\/\/sileno.com\/#\/schema\/logo\/image\/\",\"url\":\"https:\/\/sileno.com\/wp-content\/uploads\/2023\/02\/logo.png\",\"contentUrl\":\"https:\/\/sileno.com\/wp-content\/uploads\/2023\/02\/logo.png\",\"width\":297,\"height\":45,\"caption\":\"SILENO\"},\"image\":{\"@id\":\"https:\/\/sileno.com\/#\/schema\/logo\/image\/\"},\"sameAs\":[\"https:\/\/www.linkedin.com\/company\/10977817\"]}]}<\/script>\n<!-- \/ Yoast SEO plugin. -->","yoast_head_json":{"title":"Gestion \u00e9nerg\u00e9tique dans les secteurs d'activit\u00e9 | SILENO","description":"La gestion \u00e9nerg\u00e9tique concerne diff\u00e9rents secteurs d'activit\u00e9 : tertiaire, industrie, sant\u00e9...SILENO vous aide pour gagner en efficacit\u00e9.","robots":{"index":"index","follow":"follow","max-snippet":"max-snippet:-1","max-image-preview":"max-image-preview:large","max-video-preview":"max-video-preview:-1"},"canonical":"https:\/\/sileno.com\/fr\/secteurs\/","og_locale":"fr_FR","og_type":"article","og_title":"Gestion \u00e9nerg\u00e9tique dans les secteurs d'activit\u00e9 | SILENO","og_description":"La gestion \u00e9nerg\u00e9tique concerne diff\u00e9rents secteurs d'activit\u00e9 : tertiaire, industrie, sant\u00e9...SILENO vous aide pour gagner en efficacit\u00e9.","og_url":"https:\/\/sileno.com\/fr\/secteurs\/","og_site_name":"SILENO","article_modified_time":"2023-05-31T15:30:57+00:00","og_image":[{"width":2000,"height":939,"url":"https:\/\/sileno.com\/wp-content\/uploads\/2023\/03\/AdobeStock_481449351-reworked-1.jpg","type":"image\/jpeg"}],"twitter_card":"summary_large_image","twitter_misc":{"Dur\u00e9e de lecture estim\u00e9e":"1 minute"},"schema":{"@context":"https:\/\/schema.org","@graph":[{"@type":"WebPage","@id":"https:\/\/sileno.com\/fr\/secteurs\/","url":"https:\/\/sileno.com\/fr\/secteurs\/","name":"Gestion \u00e9nerg\u00e9tique dans les secteurs d'activit\u00e9 | SILENO","isPartOf":{"@id":"https:\/\/sileno.com\/#website"},"datePublished":"2023-02-08T10:29:34+00:00","dateModified":"2023-05-31T15:30:57+00:00","description":"La gestion \u00e9nerg\u00e9tique concerne diff\u00e9rents secteurs d'activit\u00e9 : tertiaire, industrie, sant\u00e9...SILENO vous aide pour gagner en efficacit\u00e9.","breadcrumb":{"@id":"https:\/\/sileno.com\/fr\/secteurs\/#breadcrumb"},"inLanguage":"fr-FR","potentialAction":[{"@type":"ReadAction","target":["https:\/\/sileno.com\/fr\/secteurs\/"]}]},{"@type":"BreadcrumbList","@id":"https:\/\/sileno.com\/fr\/secteurs\/#breadcrumb","itemListElement":[{"@type":"ListItem","position":1,"name":"Home","item":"https:\/\/sileno.com\/fr\/"},{"@type":"ListItem","position":2,"name":"Votre secteur"}]},{"@type":"WebSite","@id":"https:\/\/sileno.com\/#website","url":"https:\/\/sileno.com\/","name":"SILENO","description":"SCADA and EnMS energy management solution","publisher":{"@id":"https:\/\/sileno.com\/#organization"},"potentialAction":[{"@type":"SearchAction","target":{"@type":"EntryPoint","urlTemplate":"https:\/\/sileno.com\/?s={search_term_string}"},"query-input":{"@type":"PropertyValueSpecification","valueRequired":true,"valueName":"search_term_string"}}],"inLanguage":"fr-FR"},{"@type":"Organization","@id":"https:\/\/sileno.com\/#organization","name":"SILENO","url":"https:\/\/sileno.com\/","logo":{"@type":"ImageObject","inLanguage":"fr-FR","@id":"https:\/\/sileno.com\/#\/schema\/logo\/image\/","url":"https:\/\/sileno.com\/wp-content\/uploads\/2023\/02\/logo.png","contentUrl":"https:\/\/sileno.com\/wp-content\/uploads\/2023\/02\/logo.png","width":297,"height":45,"caption":"SILENO"},"image":{"@id":"https:\/\/sileno.com\/#\/schema\/logo\/image\/"},"sameAs":["https:\/\/www.linkedin.com\/company\/10977817"]}]}},"_links":{"self":[{"href":"https:\/\/sileno.com\/fr\/wp-json\/wp\/v2\/pages\/170","targetHints":{"allow":["GET"]}}],"collection":[{"href":"https:\/\/sileno.com\/fr\/wp-json\/wp\/v2\/pages"}],"about":[{"href":"https:\/\/sileno.com\/fr\/wp-json\/wp\/v2\/types\/page"}],"author":[{"embeddable":true,"href":"https:\/\/sileno.com\/fr\/wp-json\/wp\/v2\/users\/5"}],"replies":[{"embeddable":true,"href":"https:\/\/sileno.com\/fr\/wp-json\/wp\/v2\/comments?post=170"}],"version-history":[{"count":11,"href":"https:\/\/sileno.com\/fr\/wp-json\/wp\/v2\/pages\/170\/revisions"}],"predecessor-version":[{"id":3061,"href":"https:\/\/sileno.com\/fr\/wp-json\/wp\/v2\/pages\/170\/revisions\/3061"}],"wp:attachment":[{"href":"https:\/\/sileno.com\/fr\/wp-json\/wp\/v2\/media?parent=170"}],"curies":[{"name":"wp","href":"https:\/\/api.w.org\/{rel}","templated":true}]}}