{"id":2512,"date":"2023-02-22T14:28:35","date_gmt":"2023-02-22T12:28:35","guid":{"rendered":"http:\/\/alpha.sileno.fr.185-178-193-66.227.hosttech.eu\/legal-terms\/"},"modified":"2024-08-26T17:04:51","modified_gmt":"2024-08-26T15:04:51","slug":"legal-terms","status":"publish","type":"page","link":"https:\/\/sileno.com\/es\/legal-terms\/","title":{"rendered":"Aviso legal"},"content":{"rendered":"<h4>AVISO LEGAL \u2013 POL\u00cdTICA DE PRIVACIDAD \u2013 DERECHOS DE AUTOR<\/h4>\n<p>\u00a1Gracias por visitar el sitio web de SILENO! Aqu\u00ed est\u00e1n los t\u00e9rminos legales de nuestro sitio web.<\/p>\n<h4>Quienes somos<\/h4>\n<p>La direcci\u00f3n de nuestro sitio web es: http:\/\/www.sileno.com<\/p>\n<p>Este es el sitio WEB de la empresa SILENO AG, ubicada en Schleitheimerstrasse 42, 8222 Beringen en Suiza y alojado por Hosttech GmbH, DATAROCK, CH &#8211; 6207 Nottwil<\/p>\n<h4>Protecci\u00f3n de Datos<\/h4>\n<p>La protecci\u00f3n de datos y la seguridad son muy importantes para SILENO AG, tan importantes como su confianza en nuestros productos y servicios. SILENO AG se compromete a tratar sus datos personales de forma responsable y de conformidad con las disposiciones legales aplicables. Esta declaraci\u00f3n de privacidad establece c\u00f3mo SILENO AG, a la que se hace referencia en la secci\u00f3n \u00abInformaci\u00f3n de la empresa\u00bb de este sitio web (\u00abSILENO\u00bb, \u00abnosotros\u00bb, \u00abnuestro\u00bb) recopila y procesa sus datos personales cuando utiliza el sitio web.<\/p>\n<h4>Informaci\u00f3n que recopilamos para responder a sus consultas:<\/h4>\n<p>Puede visitar nuestro sitio web y obtener informaci\u00f3n sobre nuestros productos y servicios sin decirnos qui\u00e9n es usted. Si se pone en contacto con nosotros a trav\u00e9s del \u00abFormulario de contacto\u00bb o mediante cualquiera de los botones autom\u00e1ticos que ofrecen ponerse en contacto con nosotros, recopilamos los datos y la informaci\u00f3n que nos proporciona. Esto incluye informaci\u00f3n personal como su nombre, direcci\u00f3n de correo electr\u00f3nico comercial y n\u00famero de tel\u00e9fono, y la direcci\u00f3n de la empresa para la que trabaja o en cuyo nombre se comunica con nosotros.<\/p>\n<p>Utilizamos sus datos personales para la finalidad para la que nos los proporciona. En particular, utilizamos sus datos personales para responder a su consulta, llamarlo si tenemos preguntas sobre su consulta, procesar sus pedidos o brindarle acceso a m\u00e1s informaci\u00f3n u ofertas. Debido a nuestros esfuerzos por informar a los clientes existentes y a las partes interesadas sobre nuestros productos y servicios, es posible que nos comuniquemos con usted nuevamente en relaci\u00f3n con su solicitud para informarle sobre nuevos productos, servicios u ofertas.<\/p>\n<h4>Datos que procesamos para analizar y mejorar el uso de nuestro sitio web<\/h4>\n<p>Adem\u00e1s, debido a nuestra preocupaci\u00f3n por ofrecerle una experiencia de usuario \u00f3ptima, analizamos el uso de este sitio web para obtener informaci\u00f3n sobre c\u00f3mo podemos mejorar nuestros servicios. A excepci\u00f3n de su direcci\u00f3n IP, que puede considerarse informaci\u00f3n personal en determinadas circunstancias, esta informaci\u00f3n es informaci\u00f3n an\u00f3nima. Tambi\u00e9n puede incluir informaci\u00f3n sobre el tipo de navegador web o dispositivo que utiliza para acceder al sitio web, la regi\u00f3n geogr\u00e1fica desde la que accede al sitio web, la fecha y hora de acceso y partes de nuestros sitios web a los que accede.<\/p>\n<p>Recopilamos y procesamos sus datos personales de manera responsable y de acuerdo con las disposiciones legales aplicables y el Reglamento General Europeo de Protecci\u00f3n de Datos (GDRP). Procesamos sus datos personales exclusivamente para los fines para los que nos proporciona los datos personales o para los fines establecidos en esta declaraci\u00f3n de protecci\u00f3n de datos.<\/p>\n<p>Utilizamos medidas de seguridad t\u00e9cnicas y organizativas adecuadas al riesgo para proteger la confidencialidad e integridad de los datos personales que recopilamos a trav\u00e9s de este sitio web. Solo almacenamos sus datos personales en la medida y durante el tiempo que sea necesario para que SILENO AG cumpla con los fines para los que se recopilaron los datos, o si estamos legalmente obligados a conservarlos.<\/p>\n<p>Estos datos an\u00f3nimos se almacenan por separado de cualquier dato personal que haya proporcionado y no permiten sacar ninguna conclusi\u00f3n sobre una persona espec\u00edfica. Se eval\u00faan con fines estad\u00edsticos para poder optimizar nuestro sitio web y nuestras ofertas.<\/p>\n<h4>Datos de boletines y otra demanda de informaci\u00f3n<\/h4>\n<p>Si desea recibir el bolet\u00edn o solicitar m\u00e1s informaci\u00f3n como se ofrece en el sitio web, necesitamos una direcci\u00f3n de correo electr\u00f3nico suya, as\u00ed como informaci\u00f3n que nos permita verificar que usted es el propietario de la direcci\u00f3n de correo electr\u00f3nico proporcionada y que acepta recibir el bolet\u00edn o informaci\u00f3n adicional. No se recopilan m\u00e1s datos. Utilizamos estos datos exclusivamente para enviar la informaci\u00f3n solicitada y no los transmitimos a terceros.<\/p>\n<p>Puede revocar su consentimiento para el almacenamiento de los datos, la direcci\u00f3n de correo electr\u00f3nico y su uso para enviar el bolet\u00edn o cualquier otra informaci\u00f3n en cualquier momento, por ejemplo, a trav\u00e9s del enlace \u00abdarse de baja\u00bb en el bolet\u00edn o como t\u00edtulo de un simple correo electr\u00f3nico enviado a contact@scadasoft.com<\/p>\n<h4>Cookies<\/h4>\n<p>Nuestro sitio web est\u00e1 utilizando cookies. Si utiliza nuestro sitio web, puede optar por guardar su nombre, direcci\u00f3n de correo electr\u00f3nico y sitio web en cookies. Estos son para su comodidad, para que no tenga que volver a rellenar sus datos cuando deje otro comentario. Estas cookies tendr\u00e1n una duraci\u00f3n de un a\u00f1o.<\/p>\n<h4>Contenido incrustado de otros sitios web<\/h4>\n<p>Los art\u00edculos, notas, texto, im\u00e1genes o cualquier otro contenido de este sitio pueden incluir contenido incrustado (por ejemplo, videos, im\u00e1genes, art\u00edculos, etc.). El contenido incrustado de otros sitios web se comporta exactamente de la misma manera que si el visitante hubiera visitado el otro sitio web.<\/p>\n<p>Estos sitios web pueden recopilar datos sobre usted, usar cookies, incrustar un seguimiento adicional de terceros y monitorear su interacci\u00f3n con ese contenido incrustado, incluido el seguimiento de su interacci\u00f3n con el contenido incrustado si tiene una cuenta y ha iniciado sesi\u00f3n en ese sitio web.<\/p>\n<h4>Descargo de responsabilidad: responsabilidad por el contenido<\/h4>\n<p>Los contenidos de nuestras p\u00e1ginas fueron creados con mucho cuidado. Sin embargo, no podemos garantizar que el contenido sea correcto, completo o actualizado. Como proveedor de servicios, somos responsables de nuestro propio contenido en estas p\u00e1ginas de acuerdo con la legislaci\u00f3n general. Sin embargo, como proveedor de servicios, no estamos obligados a controlar la informaci\u00f3n de terceros transmitida o almacenada ni a investigar circunstancias que indiquen actividad ilegal. Las obligaciones de eliminar o bloquear el uso de informaci\u00f3n de acuerdo con las leyes generales no se ver\u00e1n afectadas. Sin embargo, la responsabilidad en este sentido s\u00f3lo es posible a partir del momento en que se tiene conocimiento de una infracci\u00f3n espec\u00edfica de la ley. Tan pronto como tengamos conocimiento de cualquier violaci\u00f3n de la ley, eliminaremos este contenido de inmediato.<\/p>\n<h4>Responsabilidad por enlaces<\/h4>\n<p>Nuestro sitio web contiene enlaces a sitios web externos de terceros, sobre cuyo contenido no tenemos influencia. Por lo tanto, no podemos asumir ninguna responsabilidad por este contenido externo. El respectivo proveedor u operador de las p\u00e1ginas es siempre responsable del contenido de las p\u00e1ginas enlazadas. Las p\u00e1ginas enlazadas fueron revisadas por posibles violaciones legales en el momento del enlace. El contenido ilegal no era reconocible en el momento de la vinculaci\u00f3n. Sin embargo, un control permanente del contenido de las p\u00e1ginas enlazadas no es razonable sin pruebas concretas de una infracci\u00f3n. Tan pronto como tengamos conocimiento de infracciones legales, eliminaremos dichos enlaces de inmediato.<\/p>\n<h4>Google Analytics<\/h4>\n<p>Este sitio web utiliza funciones del servicio de an\u00e1lisis web Google Analytics. Google Analytics utiliza las llamadas \u00abcookies\u00bb. Estos son archivos de texto que se almacenan en su computadora y que permiten un an\u00e1lisis de su uso del sitio web. La informaci\u00f3n generada por la cookie acerca de su uso de este sitio web generalmente se transmite a un servidor de Google en los EE. UU. y se almacena all\u00ed. Consulte la documentaci\u00f3n de Google en caso de objeci\u00f3n contra la recopilaci\u00f3n de datos.<\/p>\n<h4>C\u00f3mo puedes contactarnos<\/h4>\n<p>Si tiene alguna pregunta o inquietud con respecto al uso de nuestro sitio web, puede comunicarse con nosotros mediante el formulario de contacto o nuestro oficial de protecci\u00f3n de datos por correo electr\u00f3nico {dataprivacy (at)sileno.com} o por correo Sileno AG, Schleitheimerstrasse 42, 8222 Beringen Suiza.<\/p>\n<h4>Pol\u00edtica de privacidad de productos y servicios de SILENO<\/h4>\n<p>Si tiene alguna pregunta relacionada con nuestra pol\u00edtica de privacidad relacionada con nuestros productos y servicios, comun\u00edquese con nuestro responsable de protecci\u00f3n de datos por correo electr\u00f3nico {dataprivacy(at)sileno.com} con la lista completa y detallada de productos y servicios, incluidos el n\u00famero de serie y los n\u00fameros de licencia. para obtener su propia copia de nuestros compromisos de privacidad de datos.<\/p>\n<h4>Cambios en la pol\u00edtica de privacidad<\/h4>\n<p>Nos reservamos el derecho de cambiar esta Pol\u00edtica de privacidad en cualquier momento. La versi\u00f3n publicada en el sitio web de SILENO es la versi\u00f3n aplicable.<\/p>\n<h4>Derechos de autor y marcas registradas:<\/h4>\n<p>Hay muchas indicaciones de otros productos o servicios de otras empresas adem\u00e1s de SILENO AG en nuestro sitio web. Todos esos otros productos y servicios, nombres y marcas son marcas registradas de sus respectivas compa\u00f1\u00edas.<\/p>\n<p>La informaci\u00f3n en el texto no es vinculante y es solo para fines informativos. Los productos pueden tener diferencias espec\u00edficas de cada pa\u00eds.<\/p>\n<h4>Fotos e ilustraciones<\/h4>\n<p>SILENO AG ha seleccionado con mucho cuidado todas las im\u00e1genes e ilustraciones de este sitio web asegur\u00e1ndose de que esos recursos sean libres de uso y est\u00e9n autorizados para su uso en nuestro sitio web sin ninguna violaci\u00f3n de los derechos o licencias de terceros. La mayor\u00eda de las im\u00e1genes e ilustraciones han sido seleccionadas de ADOBE STOCK (stock.adobe.com) o alternativamente de PEXELS (www.pexels.com) u otros recursos gratuitos de Internet. Algunas ilustraciones son una combinaci\u00f3n de uno o varios documentos de terceros o han sido editadas o creadas por SCADA SOFT. Hicimos todo lo posible para asegurarnos de no infringir ning\u00fan derecho, copyright o licencia, pero en caso de que esto suceda, inf\u00f3rmenos y lo eliminaremos de nuestro sitio web de inmediato.<\/p>\n<p>&nbsp;<\/p>\n","protected":false},"excerpt":{"rendered":"<p>AVISO LEGAL \u2013 POL\u00cdTICA DE PRIVACIDAD \u2013 DERECHOS DE AUTOR \u00a1Gracias por visitar el sitio web de SILENO! Aqu\u00ed est\u00e1n los t\u00e9rminos legales de nuestro sitio web. Quienes somos La direcci\u00f3n de nuestro sitio web es: http:\/\/www.sileno.com Este es el sitio WEB de la empresa SILENO AG, ubicada en Schleitheimerstrasse 42, 8222 Beringen en Suiza [&hellip;]<\/p>\n","protected":false},"author":5,"featured_media":0,"parent":0,"menu_order":31,"comment_status":"closed","ping_status":"closed","template":"","meta":{"footnotes":""},"class_list":["post-2512","page","type-page","status-publish","hentry"],"acf":[],"yoast_head":"<!-- This site is optimized with the Yoast SEO plugin v24.0 - https:\/\/yoast.com\/wordpress\/plugins\/seo\/ -->\n<title>Aviso legal - SILENO<\/title>\n<meta name=\"robots\" content=\"index, follow, max-snippet:-1, max-image-preview:large, max-video-preview:-1\" \/>\n<link rel=\"canonical\" href=\"https:\/\/sileno.com\/es\/legal-terms\/\" \/>\n<meta property=\"og:locale\" content=\"es_ES\" \/>\n<meta property=\"og:type\" content=\"article\" \/>\n<meta property=\"og:title\" content=\"Aviso legal - SILENO\" \/>\n<meta property=\"og:description\" content=\"AVISO LEGAL \u2013 POL\u00cdTICA DE PRIVACIDAD \u2013 DERECHOS DE AUTOR \u00a1Gracias por visitar el sitio web de SILENO! Aqu\u00ed est\u00e1n los t\u00e9rminos legales de nuestro sitio web. Quienes somos La direcci\u00f3n de nuestro sitio web es: http:\/\/www.sileno.com Este es el sitio WEB de la empresa SILENO AG, ubicada en Schleitheimerstrasse 42, 8222 Beringen en Suiza [&hellip;]\" \/>\n<meta property=\"og:url\" content=\"https:\/\/sileno.com\/es\/legal-terms\/\" \/>\n<meta property=\"og:site_name\" content=\"SILENO\" \/>\n<meta property=\"article:modified_time\" content=\"2024-08-26T15:04:51+00:00\" \/>\n<meta name=\"twitter:card\" content=\"summary_large_image\" \/>\n<meta name=\"twitter:label1\" content=\"Tiempo de lectura\" \/>\n\t<meta name=\"twitter:data1\" content=\"7 minutos\" \/>\n<script type=\"application\/ld+json\" class=\"yoast-schema-graph\">{\"@context\":\"https:\/\/schema.org\",\"@graph\":[{\"@type\":\"WebPage\",\"@id\":\"https:\/\/sileno.com\/es\/legal-terms\/\",\"url\":\"https:\/\/sileno.com\/es\/legal-terms\/\",\"name\":\"Aviso legal - SILENO\",\"isPartOf\":{\"@id\":\"https:\/\/sileno.com\/#website\"},\"datePublished\":\"2023-02-22T12:28:35+00:00\",\"dateModified\":\"2024-08-26T15:04:51+00:00\",\"breadcrumb\":{\"@id\":\"https:\/\/sileno.com\/es\/legal-terms\/#breadcrumb\"},\"inLanguage\":\"es\",\"potentialAction\":[{\"@type\":\"ReadAction\",\"target\":[\"https:\/\/sileno.com\/es\/legal-terms\/\"]}]},{\"@type\":\"BreadcrumbList\",\"@id\":\"https:\/\/sileno.com\/es\/legal-terms\/#breadcrumb\",\"itemListElement\":[{\"@type\":\"ListItem\",\"position\":1,\"name\":\"Home\",\"item\":\"https:\/\/sileno.com\/es\/\"},{\"@type\":\"ListItem\",\"position\":2,\"name\":\"Aviso legal\"}]},{\"@type\":\"WebSite\",\"@id\":\"https:\/\/sileno.com\/#website\",\"url\":\"https:\/\/sileno.com\/\",\"name\":\"SILENO\",\"description\":\"SCADA and EnMS energy management solution\",\"publisher\":{\"@id\":\"https:\/\/sileno.com\/#organization\"},\"potentialAction\":[{\"@type\":\"SearchAction\",\"target\":{\"@type\":\"EntryPoint\",\"urlTemplate\":\"https:\/\/sileno.com\/?s={search_term_string}\"},\"query-input\":{\"@type\":\"PropertyValueSpecification\",\"valueRequired\":true,\"valueName\":\"search_term_string\"}}],\"inLanguage\":\"es\"},{\"@type\":\"Organization\",\"@id\":\"https:\/\/sileno.com\/#organization\",\"name\":\"SILENO\",\"url\":\"https:\/\/sileno.com\/\",\"logo\":{\"@type\":\"ImageObject\",\"inLanguage\":\"es\",\"@id\":\"https:\/\/sileno.com\/#\/schema\/logo\/image\/\",\"url\":\"https:\/\/sileno.com\/wp-content\/uploads\/2023\/02\/logo.png\",\"contentUrl\":\"https:\/\/sileno.com\/wp-content\/uploads\/2023\/02\/logo.png\",\"width\":297,\"height\":45,\"caption\":\"SILENO\"},\"image\":{\"@id\":\"https:\/\/sileno.com\/#\/schema\/logo\/image\/\"},\"sameAs\":[\"https:\/\/www.linkedin.com\/company\/10977817\"]}]}<\/script>\n<!-- \/ Yoast SEO plugin. -->","yoast_head_json":{"title":"Aviso legal - SILENO","robots":{"index":"index","follow":"follow","max-snippet":"max-snippet:-1","max-image-preview":"max-image-preview:large","max-video-preview":"max-video-preview:-1"},"canonical":"https:\/\/sileno.com\/es\/legal-terms\/","og_locale":"es_ES","og_type":"article","og_title":"Aviso legal - SILENO","og_description":"AVISO LEGAL \u2013 POL\u00cdTICA DE PRIVACIDAD \u2013 DERECHOS DE AUTOR \u00a1Gracias por visitar el sitio web de SILENO! Aqu\u00ed est\u00e1n los t\u00e9rminos legales de nuestro sitio web. Quienes somos La direcci\u00f3n de nuestro sitio web es: http:\/\/www.sileno.com Este es el sitio WEB de la empresa SILENO AG, ubicada en Schleitheimerstrasse 42, 8222 Beringen en Suiza [&hellip;]","og_url":"https:\/\/sileno.com\/es\/legal-terms\/","og_site_name":"SILENO","article_modified_time":"2024-08-26T15:04:51+00:00","twitter_card":"summary_large_image","twitter_misc":{"Tiempo de lectura":"7 minutos"},"schema":{"@context":"https:\/\/schema.org","@graph":[{"@type":"WebPage","@id":"https:\/\/sileno.com\/es\/legal-terms\/","url":"https:\/\/sileno.com\/es\/legal-terms\/","name":"Aviso legal - SILENO","isPartOf":{"@id":"https:\/\/sileno.com\/#website"},"datePublished":"2023-02-22T12:28:35+00:00","dateModified":"2024-08-26T15:04:51+00:00","breadcrumb":{"@id":"https:\/\/sileno.com\/es\/legal-terms\/#breadcrumb"},"inLanguage":"es","potentialAction":[{"@type":"ReadAction","target":["https:\/\/sileno.com\/es\/legal-terms\/"]}]},{"@type":"BreadcrumbList","@id":"https:\/\/sileno.com\/es\/legal-terms\/#breadcrumb","itemListElement":[{"@type":"ListItem","position":1,"name":"Home","item":"https:\/\/sileno.com\/es\/"},{"@type":"ListItem","position":2,"name":"Aviso legal"}]},{"@type":"WebSite","@id":"https:\/\/sileno.com\/#website","url":"https:\/\/sileno.com\/","name":"SILENO","description":"SCADA and EnMS energy management solution","publisher":{"@id":"https:\/\/sileno.com\/#organization"},"potentialAction":[{"@type":"SearchAction","target":{"@type":"EntryPoint","urlTemplate":"https:\/\/sileno.com\/?s={search_term_string}"},"query-input":{"@type":"PropertyValueSpecification","valueRequired":true,"valueName":"search_term_string"}}],"inLanguage":"es"},{"@type":"Organization","@id":"https:\/\/sileno.com\/#organization","name":"SILENO","url":"https:\/\/sileno.com\/","logo":{"@type":"ImageObject","inLanguage":"es","@id":"https:\/\/sileno.com\/#\/schema\/logo\/image\/","url":"https:\/\/sileno.com\/wp-content\/uploads\/2023\/02\/logo.png","contentUrl":"https:\/\/sileno.com\/wp-content\/uploads\/2023\/02\/logo.png","width":297,"height":45,"caption":"SILENO"},"image":{"@id":"https:\/\/sileno.com\/#\/schema\/logo\/image\/"},"sameAs":["https:\/\/www.linkedin.com\/company\/10977817"]}]}},"_links":{"self":[{"href":"https:\/\/sileno.com\/es\/wp-json\/wp\/v2\/pages\/2512","targetHints":{"allow":["GET"]}}],"collection":[{"href":"https:\/\/sileno.com\/es\/wp-json\/wp\/v2\/pages"}],"about":[{"href":"https:\/\/sileno.com\/es\/wp-json\/wp\/v2\/types\/page"}],"author":[{"embeddable":true,"href":"https:\/\/sileno.com\/es\/wp-json\/wp\/v2\/users\/5"}],"replies":[{"embeddable":true,"href":"https:\/\/sileno.com\/es\/wp-json\/wp\/v2\/comments?post=2512"}],"version-history":[{"count":7,"href":"https:\/\/sileno.com\/es\/wp-json\/wp\/v2\/pages\/2512\/revisions"}],"predecessor-version":[{"id":3534,"href":"https:\/\/sileno.com\/es\/wp-json\/wp\/v2\/pages\/2512\/revisions\/3534"}],"wp:attachment":[{"href":"https:\/\/sileno.com\/es\/wp-json\/wp\/v2\/media?parent=2512"}],"curies":[{"name":"wp","href":"https:\/\/api.w.org\/{rel}","templated":true}]}}