{"id":2506,"date":"2023-03-03T08:23:26","date_gmt":"2023-03-03T06:23:26","guid":{"rendered":"http:\/\/alpha.sileno.fr.185-178-193-66.227.hosttech.eu\/contact\/"},"modified":"2023-06-07T07:48:28","modified_gmt":"2023-06-07T07:48:28","slug":"contacto","status":"publish","type":"page","link":"https:\/\/sileno.com\/es\/contacto\/","title":{"rendered":"Contacto"},"content":{"rendered":"<p>En primer lugar, si tiene una consulta o solicitud espec\u00edfica, estaremos encantados de que se ponga en contacto con nosotros directamente por tel\u00e9fono, por correo electr\u00f3nico o a trav\u00e9s de nuestro sitio web.<\/p>\n<p>Alternativamente, tambi\u00e9n puede comunicarse con nuestros socios si necesita ayuda con un producto o servicio en particular. Nuestros socios generalmente se enumeran en nuestro sitio web, y puede encontrar sus datos de contacto all\u00ed. Ellos podr\u00e1n brindarle m\u00e1s informaci\u00f3n o apoyo.<\/p>\n<p>Adem\u00e1s de estos m\u00e9todos, tambi\u00e9n contamos con un equipo de atenci\u00f3n al cliente al que puede comunicarse si tiene alguna pregunta o inquietud. Nuestro equipo de atenci\u00f3n al cliente est\u00e1 disponible por correo electr\u00f3nico, tel\u00e9fono o chat en vivo, y estar\u00e1n encantados de ayudarle con cualquier consulta que pueda tener.<\/p>\n<p>En general, comprendemos la importancia de brindar un excelente servicio y soporte al cliente, y nos esforzamos para que sea lo m\u00e1s f\u00e1cil posible para usted ponerse en contacto con nosotros o con nuestros socios siempre que lo necesite. \u00a1As\u00ed que no dude en comunicarse si necesita ayuda o tiene alguna pregunta!<\/p>\n","protected":false},"excerpt":{"rendered":"<p>En primer lugar, si tiene una consulta o solicitud espec\u00edfica, estaremos encantados de que se ponga en contacto con nosotros directamente por tel\u00e9fono, por correo electr\u00f3nico o a trav\u00e9s de nuestro sitio web. Alternativamente, tambi\u00e9n puede comunicarse con nuestros socios si necesita ayuda con un producto o servicio en particular. Nuestros socios generalmente se enumeran [&hellip;]<\/p>\n","protected":false},"author":5,"featured_media":1849,"parent":0,"menu_order":27,"comment_status":"closed","ping_status":"closed","template":"page-contact.php","meta":{"footnotes":""},"class_list":["post-2506","page","type-page","status-publish","has-post-thumbnail","hentry"],"acf":[],"yoast_head":"<!-- This site is optimized with the Yoast SEO plugin v24.0 - https:\/\/yoast.com\/wordpress\/plugins\/seo\/ -->\n<title>Contacto - SILENO<\/title>\n<meta name=\"robots\" content=\"index, follow, max-snippet:-1, max-image-preview:large, max-video-preview:-1\" \/>\n<link rel=\"canonical\" href=\"https:\/\/sileno.com\/es\/contacto\/\" \/>\n<meta property=\"og:locale\" content=\"es_ES\" \/>\n<meta property=\"og:type\" content=\"article\" \/>\n<meta property=\"og:title\" content=\"Contacto - SILENO\" \/>\n<meta property=\"og:description\" content=\"En primer lugar, si tiene una consulta o solicitud espec\u00edfica, estaremos encantados de que se ponga en contacto con nosotros directamente por tel\u00e9fono, por correo electr\u00f3nico o a trav\u00e9s de nuestro sitio web. Alternativamente, tambi\u00e9n puede comunicarse con nuestros socios si necesita ayuda con un producto o servicio en particular. Nuestros socios generalmente se enumeran [&hellip;]\" \/>\n<meta property=\"og:url\" content=\"https:\/\/sileno.com\/es\/contacto\/\" \/>\n<meta property=\"og:site_name\" content=\"SILENO\" \/>\n<meta property=\"article:modified_time\" content=\"2023-06-07T07:48:28+00:00\" \/>\n<meta property=\"og:image\" content=\"https:\/\/sileno.com\/wp-content\/uploads\/2023\/03\/contact-1900x455-1.jpg\" \/>\n\t<meta property=\"og:image:width\" content=\"1900\" \/>\n\t<meta property=\"og:image:height\" content=\"455\" \/>\n\t<meta property=\"og:image:type\" content=\"image\/jpeg\" \/>\n<meta name=\"twitter:card\" content=\"summary_large_image\" \/>\n<meta name=\"twitter:label1\" content=\"Tiempo de lectura\" \/>\n\t<meta name=\"twitter:data1\" content=\"1 minuto\" \/>\n<script type=\"application\/ld+json\" class=\"yoast-schema-graph\">{\"@context\":\"https:\/\/schema.org\",\"@graph\":[{\"@type\":\"WebPage\",\"@id\":\"https:\/\/sileno.com\/es\/contacto\/\",\"url\":\"https:\/\/sileno.com\/es\/contacto\/\",\"name\":\"Contacto - SILENO\",\"isPartOf\":{\"@id\":\"https:\/\/sileno.com\/#website\"},\"primaryImageOfPage\":{\"@id\":\"https:\/\/sileno.com\/es\/contacto\/#primaryimage\"},\"image\":{\"@id\":\"https:\/\/sileno.com\/es\/contacto\/#primaryimage\"},\"thumbnailUrl\":\"https:\/\/sileno.com\/wp-content\/uploads\/2023\/03\/contact-1900x455-1.jpg\",\"datePublished\":\"2023-03-03T06:23:26+00:00\",\"dateModified\":\"2023-06-07T07:48:28+00:00\",\"breadcrumb\":{\"@id\":\"https:\/\/sileno.com\/es\/contacto\/#breadcrumb\"},\"inLanguage\":\"es\",\"potentialAction\":[{\"@type\":\"ReadAction\",\"target\":[\"https:\/\/sileno.com\/es\/contacto\/\"]}]},{\"@type\":\"ImageObject\",\"inLanguage\":\"es\",\"@id\":\"https:\/\/sileno.com\/es\/contacto\/#primaryimage\",\"url\":\"https:\/\/sileno.com\/wp-content\/uploads\/2023\/03\/contact-1900x455-1.jpg\",\"contentUrl\":\"https:\/\/sileno.com\/wp-content\/uploads\/2023\/03\/contact-1900x455-1.jpg\",\"width\":1900,\"height\":455},{\"@type\":\"BreadcrumbList\",\"@id\":\"https:\/\/sileno.com\/es\/contacto\/#breadcrumb\",\"itemListElement\":[{\"@type\":\"ListItem\",\"position\":1,\"name\":\"Home\",\"item\":\"https:\/\/sileno.com\/es\/\"},{\"@type\":\"ListItem\",\"position\":2,\"name\":\"Contacto\"}]},{\"@type\":\"WebSite\",\"@id\":\"https:\/\/sileno.com\/#website\",\"url\":\"https:\/\/sileno.com\/\",\"name\":\"SILENO\",\"description\":\"SCADA and EnMS energy management solution\",\"publisher\":{\"@id\":\"https:\/\/sileno.com\/#organization\"},\"potentialAction\":[{\"@type\":\"SearchAction\",\"target\":{\"@type\":\"EntryPoint\",\"urlTemplate\":\"https:\/\/sileno.com\/?s={search_term_string}\"},\"query-input\":{\"@type\":\"PropertyValueSpecification\",\"valueRequired\":true,\"valueName\":\"search_term_string\"}}],\"inLanguage\":\"es\"},{\"@type\":\"Organization\",\"@id\":\"https:\/\/sileno.com\/#organization\",\"name\":\"SILENO\",\"url\":\"https:\/\/sileno.com\/\",\"logo\":{\"@type\":\"ImageObject\",\"inLanguage\":\"es\",\"@id\":\"https:\/\/sileno.com\/#\/schema\/logo\/image\/\",\"url\":\"https:\/\/sileno.com\/wp-content\/uploads\/2023\/02\/logo.png\",\"contentUrl\":\"https:\/\/sileno.com\/wp-content\/uploads\/2023\/02\/logo.png\",\"width\":297,\"height\":45,\"caption\":\"SILENO\"},\"image\":{\"@id\":\"https:\/\/sileno.com\/#\/schema\/logo\/image\/\"},\"sameAs\":[\"https:\/\/www.linkedin.com\/company\/10977817\"]}]}<\/script>\n<!-- \/ Yoast SEO plugin. -->","yoast_head_json":{"title":"Contacto - SILENO","robots":{"index":"index","follow":"follow","max-snippet":"max-snippet:-1","max-image-preview":"max-image-preview:large","max-video-preview":"max-video-preview:-1"},"canonical":"https:\/\/sileno.com\/es\/contacto\/","og_locale":"es_ES","og_type":"article","og_title":"Contacto - SILENO","og_description":"En primer lugar, si tiene una consulta o solicitud espec\u00edfica, estaremos encantados de que se ponga en contacto con nosotros directamente por tel\u00e9fono, por correo electr\u00f3nico o a trav\u00e9s de nuestro sitio web. Alternativamente, tambi\u00e9n puede comunicarse con nuestros socios si necesita ayuda con un producto o servicio en particular. Nuestros socios generalmente se enumeran [&hellip;]","og_url":"https:\/\/sileno.com\/es\/contacto\/","og_site_name":"SILENO","article_modified_time":"2023-06-07T07:48:28+00:00","og_image":[{"width":1900,"height":455,"url":"https:\/\/sileno.com\/wp-content\/uploads\/2023\/03\/contact-1900x455-1.jpg","type":"image\/jpeg"}],"twitter_card":"summary_large_image","twitter_misc":{"Tiempo de lectura":"1 minuto"},"schema":{"@context":"https:\/\/schema.org","@graph":[{"@type":"WebPage","@id":"https:\/\/sileno.com\/es\/contacto\/","url":"https:\/\/sileno.com\/es\/contacto\/","name":"Contacto - SILENO","isPartOf":{"@id":"https:\/\/sileno.com\/#website"},"primaryImageOfPage":{"@id":"https:\/\/sileno.com\/es\/contacto\/#primaryimage"},"image":{"@id":"https:\/\/sileno.com\/es\/contacto\/#primaryimage"},"thumbnailUrl":"https:\/\/sileno.com\/wp-content\/uploads\/2023\/03\/contact-1900x455-1.jpg","datePublished":"2023-03-03T06:23:26+00:00","dateModified":"2023-06-07T07:48:28+00:00","breadcrumb":{"@id":"https:\/\/sileno.com\/es\/contacto\/#breadcrumb"},"inLanguage":"es","potentialAction":[{"@type":"ReadAction","target":["https:\/\/sileno.com\/es\/contacto\/"]}]},{"@type":"ImageObject","inLanguage":"es","@id":"https:\/\/sileno.com\/es\/contacto\/#primaryimage","url":"https:\/\/sileno.com\/wp-content\/uploads\/2023\/03\/contact-1900x455-1.jpg","contentUrl":"https:\/\/sileno.com\/wp-content\/uploads\/2023\/03\/contact-1900x455-1.jpg","width":1900,"height":455},{"@type":"BreadcrumbList","@id":"https:\/\/sileno.com\/es\/contacto\/#breadcrumb","itemListElement":[{"@type":"ListItem","position":1,"name":"Home","item":"https:\/\/sileno.com\/es\/"},{"@type":"ListItem","position":2,"name":"Contacto"}]},{"@type":"WebSite","@id":"https:\/\/sileno.com\/#website","url":"https:\/\/sileno.com\/","name":"SILENO","description":"SCADA and EnMS energy management solution","publisher":{"@id":"https:\/\/sileno.com\/#organization"},"potentialAction":[{"@type":"SearchAction","target":{"@type":"EntryPoint","urlTemplate":"https:\/\/sileno.com\/?s={search_term_string}"},"query-input":{"@type":"PropertyValueSpecification","valueRequired":true,"valueName":"search_term_string"}}],"inLanguage":"es"},{"@type":"Organization","@id":"https:\/\/sileno.com\/#organization","name":"SILENO","url":"https:\/\/sileno.com\/","logo":{"@type":"ImageObject","inLanguage":"es","@id":"https:\/\/sileno.com\/#\/schema\/logo\/image\/","url":"https:\/\/sileno.com\/wp-content\/uploads\/2023\/02\/logo.png","contentUrl":"https:\/\/sileno.com\/wp-content\/uploads\/2023\/02\/logo.png","width":297,"height":45,"caption":"SILENO"},"image":{"@id":"https:\/\/sileno.com\/#\/schema\/logo\/image\/"},"sameAs":["https:\/\/www.linkedin.com\/company\/10977817"]}]}},"_links":{"self":[{"href":"https:\/\/sileno.com\/es\/wp-json\/wp\/v2\/pages\/2506","targetHints":{"allow":["GET"]}}],"collection":[{"href":"https:\/\/sileno.com\/es\/wp-json\/wp\/v2\/pages"}],"about":[{"href":"https:\/\/sileno.com\/es\/wp-json\/wp\/v2\/types\/page"}],"author":[{"embeddable":true,"href":"https:\/\/sileno.com\/es\/wp-json\/wp\/v2\/users\/5"}],"replies":[{"embeddable":true,"href":"https:\/\/sileno.com\/es\/wp-json\/wp\/v2\/comments?post=2506"}],"version-history":[{"count":4,"href":"https:\/\/sileno.com\/es\/wp-json\/wp\/v2\/pages\/2506\/revisions"}],"predecessor-version":[{"id":3101,"href":"https:\/\/sileno.com\/es\/wp-json\/wp\/v2\/pages\/2506\/revisions\/3101"}],"wp:featuredmedia":[{"embeddable":true,"href":"https:\/\/sileno.com\/es\/wp-json\/wp\/v2\/media\/1849"}],"wp:attachment":[{"href":"https:\/\/sileno.com\/es\/wp-json\/wp\/v2\/media?parent=2506"}],"curies":[{"name":"wp","href":"https:\/\/api.w.org\/{rel}","templated":true}]}}