{"id":2490,"date":"2023-02-28T08:43:27","date_gmt":"2023-02-28T08:43:27","guid":{"rendered":"http:\/\/alpha.sileno.fr.185-178-193-66.227.hosttech.eu\/our-offer\/"},"modified":"2023-04-28T17:30:18","modified_gmt":"2023-04-28T17:30:18","slug":"nuestra-oferta","status":"publish","type":"page","link":"https:\/\/sileno.com\/es\/nuestra-oferta\/","title":{"rendered":"Nuestra oferta"},"content":{"rendered":"<p>SILENO tiene las mejores soluciones de su clase para supervisi\u00f3n, control, adquisici\u00f3n de datos y gesti\u00f3n de energ\u00eda. Se han desplegado varios miles de instalaciones desde dom\u00f3tica, supervisi\u00f3n industrial, gesti\u00f3n de utilities, industrias manufactureras y como punto com\u00fan transversal: la gesti\u00f3n energ\u00e9tica y la optimizaci\u00f3n de la eficiencia.<\/p>\n<p>La excelencia de Sileno est\u00e1 en su saber hacer para combinar estas tecnolog\u00edas para proporcionar la soluci\u00f3n que mejor se adapte a las necesidades de estos clientes.<\/p>\n<p>SILENO dise\u00f1a soluciones de software integradas y hardware totalmente integrado hasta soluciones empresariales (SAAS) para crear sistemas de gesti\u00f3n completos e inteligentes adaptados a sus necesidades.<\/p>\n","protected":false},"excerpt":{"rendered":"<p>SILENO tiene las mejores soluciones de su clase para supervisi\u00f3n, control, adquisici\u00f3n de datos y gesti\u00f3n de energ\u00eda. Se han desplegado varios miles de instalaciones desde dom\u00f3tica, supervisi\u00f3n industrial, gesti\u00f3n de utilities, industrias manufactureras y como punto com\u00fan transversal: la gesti\u00f3n energ\u00e9tica y la optimizaci\u00f3n de la eficiencia. La excelencia de Sileno est\u00e1 en su [&hellip;]<\/p>\n","protected":false},"author":5,"featured_media":1540,"parent":0,"menu_order":3,"comment_status":"closed","ping_status":"closed","template":"page-offer.php","meta":{"footnotes":""},"class_list":["post-2490","page","type-page","status-publish","has-post-thumbnail","hentry"],"acf":[],"yoast_head":"<!-- This site is optimized with the Yoast SEO plugin v24.0 - https:\/\/yoast.com\/wordpress\/plugins\/seo\/ -->\n<title>Nuestra oferta - SILENO<\/title>\n<meta name=\"robots\" content=\"index, follow, max-snippet:-1, max-image-preview:large, max-video-preview:-1\" \/>\n<link rel=\"canonical\" href=\"https:\/\/sileno.com\/es\/nuestra-oferta\/\" \/>\n<meta property=\"og:locale\" content=\"es_ES\" \/>\n<meta property=\"og:type\" content=\"article\" \/>\n<meta property=\"og:title\" content=\"Nuestra oferta - SILENO\" \/>\n<meta property=\"og:description\" content=\"SILENO tiene las mejores soluciones de su clase para supervisi\u00f3n, control, adquisici\u00f3n de datos y gesti\u00f3n de energ\u00eda. Se han desplegado varios miles de instalaciones desde dom\u00f3tica, supervisi\u00f3n industrial, gesti\u00f3n de utilities, industrias manufactureras y como punto com\u00fan transversal: la gesti\u00f3n energ\u00e9tica y la optimizaci\u00f3n de la eficiencia. La excelencia de Sileno est\u00e1 en su [&hellip;]\" \/>\n<meta property=\"og:url\" content=\"https:\/\/sileno.com\/es\/nuestra-oferta\/\" \/>\n<meta property=\"og:site_name\" content=\"SILENO\" \/>\n<meta property=\"article:modified_time\" content=\"2023-04-28T17:30:18+00:00\" \/>\n<meta property=\"og:image\" content=\"https:\/\/sileno.com\/wp-content\/uploads\/2023\/03\/AdobeStock_321695339-reworked-1.jpg\" \/>\n\t<meta property=\"og:image:width\" content=\"2000\" \/>\n\t<meta property=\"og:image:height\" content=\"703\" \/>\n\t<meta property=\"og:image:type\" content=\"image\/jpeg\" \/>\n<meta name=\"twitter:card\" content=\"summary_large_image\" \/>\n<meta name=\"twitter:label1\" content=\"Tiempo de lectura\" \/>\n\t<meta name=\"twitter:data1\" content=\"1 minuto\" \/>\n<script type=\"application\/ld+json\" class=\"yoast-schema-graph\">{\"@context\":\"https:\/\/schema.org\",\"@graph\":[{\"@type\":\"WebPage\",\"@id\":\"https:\/\/sileno.com\/es\/nuestra-oferta\/\",\"url\":\"https:\/\/sileno.com\/es\/nuestra-oferta\/\",\"name\":\"Nuestra oferta - SILENO\",\"isPartOf\":{\"@id\":\"https:\/\/sileno.com\/#website\"},\"primaryImageOfPage\":{\"@id\":\"https:\/\/sileno.com\/es\/nuestra-oferta\/#primaryimage\"},\"image\":{\"@id\":\"https:\/\/sileno.com\/es\/nuestra-oferta\/#primaryimage\"},\"thumbnailUrl\":\"https:\/\/sileno.com\/wp-content\/uploads\/2023\/03\/AdobeStock_321695339-reworked-1.jpg\",\"datePublished\":\"2023-02-28T08:43:27+00:00\",\"dateModified\":\"2023-04-28T17:30:18+00:00\",\"breadcrumb\":{\"@id\":\"https:\/\/sileno.com\/es\/nuestra-oferta\/#breadcrumb\"},\"inLanguage\":\"es\",\"potentialAction\":[{\"@type\":\"ReadAction\",\"target\":[\"https:\/\/sileno.com\/es\/nuestra-oferta\/\"]}]},{\"@type\":\"ImageObject\",\"inLanguage\":\"es\",\"@id\":\"https:\/\/sileno.com\/es\/nuestra-oferta\/#primaryimage\",\"url\":\"https:\/\/sileno.com\/wp-content\/uploads\/2023\/03\/AdobeStock_321695339-reworked-1.jpg\",\"contentUrl\":\"https:\/\/sileno.com\/wp-content\/uploads\/2023\/03\/AdobeStock_321695339-reworked-1.jpg\",\"width\":2000,\"height\":703},{\"@type\":\"BreadcrumbList\",\"@id\":\"https:\/\/sileno.com\/es\/nuestra-oferta\/#breadcrumb\",\"itemListElement\":[{\"@type\":\"ListItem\",\"position\":1,\"name\":\"Home\",\"item\":\"https:\/\/sileno.com\/es\/\"},{\"@type\":\"ListItem\",\"position\":2,\"name\":\"Nuestra oferta\"}]},{\"@type\":\"WebSite\",\"@id\":\"https:\/\/sileno.com\/#website\",\"url\":\"https:\/\/sileno.com\/\",\"name\":\"SILENO\",\"description\":\"SCADA and EnMS energy management solution\",\"publisher\":{\"@id\":\"https:\/\/sileno.com\/#organization\"},\"potentialAction\":[{\"@type\":\"SearchAction\",\"target\":{\"@type\":\"EntryPoint\",\"urlTemplate\":\"https:\/\/sileno.com\/?s={search_term_string}\"},\"query-input\":{\"@type\":\"PropertyValueSpecification\",\"valueRequired\":true,\"valueName\":\"search_term_string\"}}],\"inLanguage\":\"es\"},{\"@type\":\"Organization\",\"@id\":\"https:\/\/sileno.com\/#organization\",\"name\":\"SILENO\",\"url\":\"https:\/\/sileno.com\/\",\"logo\":{\"@type\":\"ImageObject\",\"inLanguage\":\"es\",\"@id\":\"https:\/\/sileno.com\/#\/schema\/logo\/image\/\",\"url\":\"https:\/\/sileno.com\/wp-content\/uploads\/2023\/02\/logo.png\",\"contentUrl\":\"https:\/\/sileno.com\/wp-content\/uploads\/2023\/02\/logo.png\",\"width\":297,\"height\":45,\"caption\":\"SILENO\"},\"image\":{\"@id\":\"https:\/\/sileno.com\/#\/schema\/logo\/image\/\"},\"sameAs\":[\"https:\/\/www.linkedin.com\/company\/10977817\"]}]}<\/script>\n<!-- \/ Yoast SEO plugin. -->","yoast_head_json":{"title":"Nuestra oferta - SILENO","robots":{"index":"index","follow":"follow","max-snippet":"max-snippet:-1","max-image-preview":"max-image-preview:large","max-video-preview":"max-video-preview:-1"},"canonical":"https:\/\/sileno.com\/es\/nuestra-oferta\/","og_locale":"es_ES","og_type":"article","og_title":"Nuestra oferta - SILENO","og_description":"SILENO tiene las mejores soluciones de su clase para supervisi\u00f3n, control, adquisici\u00f3n de datos y gesti\u00f3n de energ\u00eda. Se han desplegado varios miles de instalaciones desde dom\u00f3tica, supervisi\u00f3n industrial, gesti\u00f3n de utilities, industrias manufactureras y como punto com\u00fan transversal: la gesti\u00f3n energ\u00e9tica y la optimizaci\u00f3n de la eficiencia. La excelencia de Sileno est\u00e1 en su [&hellip;]","og_url":"https:\/\/sileno.com\/es\/nuestra-oferta\/","og_site_name":"SILENO","article_modified_time":"2023-04-28T17:30:18+00:00","og_image":[{"width":2000,"height":703,"url":"https:\/\/sileno.com\/wp-content\/uploads\/2023\/03\/AdobeStock_321695339-reworked-1.jpg","type":"image\/jpeg"}],"twitter_card":"summary_large_image","twitter_misc":{"Tiempo de lectura":"1 minuto"},"schema":{"@context":"https:\/\/schema.org","@graph":[{"@type":"WebPage","@id":"https:\/\/sileno.com\/es\/nuestra-oferta\/","url":"https:\/\/sileno.com\/es\/nuestra-oferta\/","name":"Nuestra oferta - SILENO","isPartOf":{"@id":"https:\/\/sileno.com\/#website"},"primaryImageOfPage":{"@id":"https:\/\/sileno.com\/es\/nuestra-oferta\/#primaryimage"},"image":{"@id":"https:\/\/sileno.com\/es\/nuestra-oferta\/#primaryimage"},"thumbnailUrl":"https:\/\/sileno.com\/wp-content\/uploads\/2023\/03\/AdobeStock_321695339-reworked-1.jpg","datePublished":"2023-02-28T08:43:27+00:00","dateModified":"2023-04-28T17:30:18+00:00","breadcrumb":{"@id":"https:\/\/sileno.com\/es\/nuestra-oferta\/#breadcrumb"},"inLanguage":"es","potentialAction":[{"@type":"ReadAction","target":["https:\/\/sileno.com\/es\/nuestra-oferta\/"]}]},{"@type":"ImageObject","inLanguage":"es","@id":"https:\/\/sileno.com\/es\/nuestra-oferta\/#primaryimage","url":"https:\/\/sileno.com\/wp-content\/uploads\/2023\/03\/AdobeStock_321695339-reworked-1.jpg","contentUrl":"https:\/\/sileno.com\/wp-content\/uploads\/2023\/03\/AdobeStock_321695339-reworked-1.jpg","width":2000,"height":703},{"@type":"BreadcrumbList","@id":"https:\/\/sileno.com\/es\/nuestra-oferta\/#breadcrumb","itemListElement":[{"@type":"ListItem","position":1,"name":"Home","item":"https:\/\/sileno.com\/es\/"},{"@type":"ListItem","position":2,"name":"Nuestra oferta"}]},{"@type":"WebSite","@id":"https:\/\/sileno.com\/#website","url":"https:\/\/sileno.com\/","name":"SILENO","description":"SCADA and EnMS energy management solution","publisher":{"@id":"https:\/\/sileno.com\/#organization"},"potentialAction":[{"@type":"SearchAction","target":{"@type":"EntryPoint","urlTemplate":"https:\/\/sileno.com\/?s={search_term_string}"},"query-input":{"@type":"PropertyValueSpecification","valueRequired":true,"valueName":"search_term_string"}}],"inLanguage":"es"},{"@type":"Organization","@id":"https:\/\/sileno.com\/#organization","name":"SILENO","url":"https:\/\/sileno.com\/","logo":{"@type":"ImageObject","inLanguage":"es","@id":"https:\/\/sileno.com\/#\/schema\/logo\/image\/","url":"https:\/\/sileno.com\/wp-content\/uploads\/2023\/02\/logo.png","contentUrl":"https:\/\/sileno.com\/wp-content\/uploads\/2023\/02\/logo.png","width":297,"height":45,"caption":"SILENO"},"image":{"@id":"https:\/\/sileno.com\/#\/schema\/logo\/image\/"},"sameAs":["https:\/\/www.linkedin.com\/company\/10977817"]}]}},"_links":{"self":[{"href":"https:\/\/sileno.com\/es\/wp-json\/wp\/v2\/pages\/2490","targetHints":{"allow":["GET"]}}],"collection":[{"href":"https:\/\/sileno.com\/es\/wp-json\/wp\/v2\/pages"}],"about":[{"href":"https:\/\/sileno.com\/es\/wp-json\/wp\/v2\/types\/page"}],"author":[{"embeddable":true,"href":"https:\/\/sileno.com\/es\/wp-json\/wp\/v2\/users\/5"}],"replies":[{"embeddable":true,"href":"https:\/\/sileno.com\/es\/wp-json\/wp\/v2\/comments?post=2490"}],"version-history":[{"count":2,"href":"https:\/\/sileno.com\/es\/wp-json\/wp\/v2\/pages\/2490\/revisions"}],"predecessor-version":[{"id":2694,"href":"https:\/\/sileno.com\/es\/wp-json\/wp\/v2\/pages\/2490\/revisions\/2694"}],"wp:featuredmedia":[{"embeddable":true,"href":"https:\/\/sileno.com\/es\/wp-json\/wp\/v2\/media\/1540"}],"wp:attachment":[{"href":"https:\/\/sileno.com\/es\/wp-json\/wp\/v2\/media?parent=2490"}],"curies":[{"name":"wp","href":"https:\/\/api.w.org\/{rel}","templated":true}]}}