{"id":2478,"date":"2023-02-08T12:29:34","date_gmt":"2023-02-08T10:29:34","guid":{"rendered":"http:\/\/alpha.sileno.fr.185-178-193-66.227.hosttech.eu\/your-sector\/"},"modified":"2024-08-22T13:55:47","modified_gmt":"2024-08-22T11:55:47","slug":"tu-sector","status":"publish","type":"page","link":"https:\/\/sileno.com\/es\/tu-sector\/","title":{"rendered":"Tu sector"},"content":{"rendered":"<p>Cada industria o servicio tiene sus propios requisitos espec\u00edficos. La supervisi\u00f3n y el control o la gesti\u00f3n de la energ\u00eda no se realizan de la misma manera en la edificaci\u00f3n o en la industria o para los fabricantes de maquinaria. SILENO ha implementado aplicaciones para una gran cantidad de clientes diferentes y ofrece herramientas personalizadas y eficientes para adaptarse mejor a las necesidades de su actividad.<\/p>\n","protected":false},"excerpt":{"rendered":"<p>Cada industria o servicio tiene sus propios requisitos espec\u00edficos. La supervisi\u00f3n y el control o la gesti\u00f3n de la energ\u00eda no se realizan de la misma manera en la edificaci\u00f3n o en la industria o para los fabricantes de maquinaria. SILENO ha implementado aplicaciones para una gran cantidad de clientes diferentes y ofrece herramientas personalizadas [&hellip;]<\/p>\n","protected":false},"author":5,"featured_media":0,"parent":0,"menu_order":2,"comment_status":"closed","ping_status":"closed","template":"page-sector.php","meta":{"footnotes":""},"class_list":["post-2478","page","type-page","status-publish","hentry"],"acf":[],"yoast_head":"<!-- This site is optimized with the Yoast SEO plugin v24.0 - https:\/\/yoast.com\/wordpress\/plugins\/seo\/ -->\n<title>Tu sector - SILENO<\/title>\n<meta name=\"robots\" content=\"index, follow, max-snippet:-1, max-image-preview:large, max-video-preview:-1\" \/>\n<link rel=\"canonical\" href=\"https:\/\/sileno.com\/es\/tu-sector\/\" \/>\n<meta property=\"og:locale\" content=\"es_ES\" \/>\n<meta property=\"og:type\" content=\"article\" \/>\n<meta property=\"og:title\" content=\"Tu sector - SILENO\" \/>\n<meta property=\"og:description\" content=\"Cada industria o servicio tiene sus propios requisitos espec\u00edficos. La supervisi\u00f3n y el control o la gesti\u00f3n de la energ\u00eda no se realizan de la misma manera en la edificaci\u00f3n o en la industria o para los fabricantes de maquinaria. SILENO ha implementado aplicaciones para una gran cantidad de clientes diferentes y ofrece herramientas personalizadas [&hellip;]\" \/>\n<meta property=\"og:url\" content=\"https:\/\/sileno.com\/es\/tu-sector\/\" \/>\n<meta property=\"og:site_name\" content=\"SILENO\" \/>\n<meta property=\"article:modified_time\" content=\"2024-08-22T11:55:47+00:00\" \/>\n<meta property=\"og:image\" content=\"https:\/\/sileno.com\/wp-content\/uploads\/2023\/03\/AdobeStock_481449351-reworked-1.jpg\" \/>\n\t<meta property=\"og:image:width\" content=\"2000\" \/>\n\t<meta property=\"og:image:height\" content=\"939\" \/>\n\t<meta property=\"og:image:type\" content=\"image\/jpeg\" \/>\n<meta name=\"twitter:card\" content=\"summary_large_image\" \/>\n<meta name=\"twitter:label1\" content=\"Tiempo de lectura\" \/>\n\t<meta name=\"twitter:data1\" content=\"1 minuto\" \/>\n<script type=\"application\/ld+json\" class=\"yoast-schema-graph\">{\"@context\":\"https:\/\/schema.org\",\"@graph\":[{\"@type\":\"WebPage\",\"@id\":\"https:\/\/sileno.com\/es\/tu-sector\/\",\"url\":\"https:\/\/sileno.com\/es\/tu-sector\/\",\"name\":\"Tu sector - SILENO\",\"isPartOf\":{\"@id\":\"https:\/\/sileno.com\/#website\"},\"datePublished\":\"2023-02-08T10:29:34+00:00\",\"dateModified\":\"2024-08-22T11:55:47+00:00\",\"breadcrumb\":{\"@id\":\"https:\/\/sileno.com\/es\/tu-sector\/#breadcrumb\"},\"inLanguage\":\"es\",\"potentialAction\":[{\"@type\":\"ReadAction\",\"target\":[\"https:\/\/sileno.com\/es\/tu-sector\/\"]}]},{\"@type\":\"BreadcrumbList\",\"@id\":\"https:\/\/sileno.com\/es\/tu-sector\/#breadcrumb\",\"itemListElement\":[{\"@type\":\"ListItem\",\"position\":1,\"name\":\"Home\",\"item\":\"https:\/\/sileno.com\/es\/\"},{\"@type\":\"ListItem\",\"position\":2,\"name\":\"Tu sector\"}]},{\"@type\":\"WebSite\",\"@id\":\"https:\/\/sileno.com\/#website\",\"url\":\"https:\/\/sileno.com\/\",\"name\":\"SILENO\",\"description\":\"SCADA and EnMS energy management solution\",\"publisher\":{\"@id\":\"https:\/\/sileno.com\/#organization\"},\"potentialAction\":[{\"@type\":\"SearchAction\",\"target\":{\"@type\":\"EntryPoint\",\"urlTemplate\":\"https:\/\/sileno.com\/?s={search_term_string}\"},\"query-input\":{\"@type\":\"PropertyValueSpecification\",\"valueRequired\":true,\"valueName\":\"search_term_string\"}}],\"inLanguage\":\"es\"},{\"@type\":\"Organization\",\"@id\":\"https:\/\/sileno.com\/#organization\",\"name\":\"SILENO\",\"url\":\"https:\/\/sileno.com\/\",\"logo\":{\"@type\":\"ImageObject\",\"inLanguage\":\"es\",\"@id\":\"https:\/\/sileno.com\/#\/schema\/logo\/image\/\",\"url\":\"https:\/\/sileno.com\/wp-content\/uploads\/2023\/02\/logo.png\",\"contentUrl\":\"https:\/\/sileno.com\/wp-content\/uploads\/2023\/02\/logo.png\",\"width\":297,\"height\":45,\"caption\":\"SILENO\"},\"image\":{\"@id\":\"https:\/\/sileno.com\/#\/schema\/logo\/image\/\"},\"sameAs\":[\"https:\/\/www.linkedin.com\/company\/10977817\"]}]}<\/script>\n<!-- \/ Yoast SEO plugin. -->","yoast_head_json":{"title":"Tu sector - SILENO","robots":{"index":"index","follow":"follow","max-snippet":"max-snippet:-1","max-image-preview":"max-image-preview:large","max-video-preview":"max-video-preview:-1"},"canonical":"https:\/\/sileno.com\/es\/tu-sector\/","og_locale":"es_ES","og_type":"article","og_title":"Tu sector - SILENO","og_description":"Cada industria o servicio tiene sus propios requisitos espec\u00edficos. La supervisi\u00f3n y el control o la gesti\u00f3n de la energ\u00eda no se realizan de la misma manera en la edificaci\u00f3n o en la industria o para los fabricantes de maquinaria. SILENO ha implementado aplicaciones para una gran cantidad de clientes diferentes y ofrece herramientas personalizadas [&hellip;]","og_url":"https:\/\/sileno.com\/es\/tu-sector\/","og_site_name":"SILENO","article_modified_time":"2024-08-22T11:55:47+00:00","og_image":[{"width":2000,"height":939,"url":"https:\/\/sileno.com\/wp-content\/uploads\/2023\/03\/AdobeStock_481449351-reworked-1.jpg","type":"image\/jpeg"}],"twitter_card":"summary_large_image","twitter_misc":{"Tiempo de lectura":"1 minuto"},"schema":{"@context":"https:\/\/schema.org","@graph":[{"@type":"WebPage","@id":"https:\/\/sileno.com\/es\/tu-sector\/","url":"https:\/\/sileno.com\/es\/tu-sector\/","name":"Tu sector - SILENO","isPartOf":{"@id":"https:\/\/sileno.com\/#website"},"datePublished":"2023-02-08T10:29:34+00:00","dateModified":"2024-08-22T11:55:47+00:00","breadcrumb":{"@id":"https:\/\/sileno.com\/es\/tu-sector\/#breadcrumb"},"inLanguage":"es","potentialAction":[{"@type":"ReadAction","target":["https:\/\/sileno.com\/es\/tu-sector\/"]}]},{"@type":"BreadcrumbList","@id":"https:\/\/sileno.com\/es\/tu-sector\/#breadcrumb","itemListElement":[{"@type":"ListItem","position":1,"name":"Home","item":"https:\/\/sileno.com\/es\/"},{"@type":"ListItem","position":2,"name":"Tu sector"}]},{"@type":"WebSite","@id":"https:\/\/sileno.com\/#website","url":"https:\/\/sileno.com\/","name":"SILENO","description":"SCADA and EnMS energy management solution","publisher":{"@id":"https:\/\/sileno.com\/#organization"},"potentialAction":[{"@type":"SearchAction","target":{"@type":"EntryPoint","urlTemplate":"https:\/\/sileno.com\/?s={search_term_string}"},"query-input":{"@type":"PropertyValueSpecification","valueRequired":true,"valueName":"search_term_string"}}],"inLanguage":"es"},{"@type":"Organization","@id":"https:\/\/sileno.com\/#organization","name":"SILENO","url":"https:\/\/sileno.com\/","logo":{"@type":"ImageObject","inLanguage":"es","@id":"https:\/\/sileno.com\/#\/schema\/logo\/image\/","url":"https:\/\/sileno.com\/wp-content\/uploads\/2023\/02\/logo.png","contentUrl":"https:\/\/sileno.com\/wp-content\/uploads\/2023\/02\/logo.png","width":297,"height":45,"caption":"SILENO"},"image":{"@id":"https:\/\/sileno.com\/#\/schema\/logo\/image\/"},"sameAs":["https:\/\/www.linkedin.com\/company\/10977817"]}]}},"_links":{"self":[{"href":"https:\/\/sileno.com\/es\/wp-json\/wp\/v2\/pages\/2478","targetHints":{"allow":["GET"]}}],"collection":[{"href":"https:\/\/sileno.com\/es\/wp-json\/wp\/v2\/pages"}],"about":[{"href":"https:\/\/sileno.com\/es\/wp-json\/wp\/v2\/types\/page"}],"author":[{"embeddable":true,"href":"https:\/\/sileno.com\/es\/wp-json\/wp\/v2\/users\/5"}],"replies":[{"embeddable":true,"href":"https:\/\/sileno.com\/es\/wp-json\/wp\/v2\/comments?post=2478"}],"version-history":[{"count":4,"href":"https:\/\/sileno.com\/es\/wp-json\/wp\/v2\/pages\/2478\/revisions"}],"predecessor-version":[{"id":3507,"href":"https:\/\/sileno.com\/es\/wp-json\/wp\/v2\/pages\/2478\/revisions\/3507"}],"wp:attachment":[{"href":"https:\/\/sileno.com\/es\/wp-json\/wp\/v2\/media?parent=2478"}],"curies":[{"name":"wp","href":"https:\/\/api.w.org\/{rel}","templated":true}]}}