{"id":1811,"date":"2023-02-28T10:38:25","date_gmt":"2023-02-28T08:38:25","guid":{"rendered":"http:\/\/alpha.sileno.fr.185-178-193-66.227.hosttech.eu\/?page_id=1811"},"modified":"2024-08-19T14:25:32","modified_gmt":"2024-08-19T12:25:32","slug":"sobre-nosotros","status":"publish","type":"page","link":"https:\/\/sileno.com\/es\/sobre-nosotros\/","title":{"rendered":"Sobre nosotros"},"content":{"rendered":"<p>SILENO es una empresa cuya esencia es la innovaci\u00f3n y el liderazgo tecnol\u00f3gico.<br \/>\nCreada en 1997 bajo el nombre de SCADA SOFT y luego eMation, la empresa es el distribuidor exclusivo para Suiza del software SCADA m\u00e1s innovador del mercado, uno de los primeros software industriales en ofrecer una interfaz WEB. A principios de los 2000, SILENO ha iniciado el desarrollo y despliegue de la primera EnMS (Soluci\u00f3n de Gesti\u00f3n Energ\u00e9tica) y ya en modo SAAS.<\/p>\n<h5><strong>25 a\u00f1os de experiencia<\/strong><\/h5>\n<p>A lo largo de los a\u00f1os, SILENO ha desarrollado y creado s\u00f3lidas alianzas con varios socios industriales, incluido Sauter, por ejemplo, que comercializar\u00e1 tanto SCADA como la soluci\u00f3n de gesti\u00f3n de energ\u00eda e3m.<br \/>\nLas referencias se acumulan y se confirma la posici\u00f3n de referencia suiza en control y supervisi\u00f3n con varios miles de clientes y decenas de millones de puntos de adquisici\u00f3n gestionados por las soluciones que ofrece SILENO tanto a trav\u00e9s de ControlMaestro(tm) (ex-Wizcon(tm)) como la soluci\u00f3n de gesti\u00f3n energ\u00e9tica con el portal e3m.<br \/>\nEn 2016, SILENO desarrolla sus filiales en Espa\u00f1a y Francia para ofrecer e3M en todos los territorios franc\u00f3fonos e hispanos.<\/p>\n","protected":false},"excerpt":{"rendered":"<p>SILENO es una empresa cuya esencia es la innovaci\u00f3n y el liderazgo tecnol\u00f3gico. Creada en 1997 bajo el nombre de SCADA SOFT y luego eMation, la empresa es el distribuidor exclusivo para Suiza del software SCADA m\u00e1s innovador del mercado, uno de los primeros software industriales en ofrecer una interfaz WEB. A principios de los [&hellip;]<\/p>\n","protected":false},"author":4,"featured_media":0,"parent":0,"menu_order":21,"comment_status":"closed","ping_status":"closed","template":"page-about.php","meta":{"footnotes":""},"class_list":["post-1811","page","type-page","status-publish","hentry"],"acf":[],"yoast_head":"<!-- This site is optimized with the Yoast SEO plugin v24.0 - https:\/\/yoast.com\/wordpress\/plugins\/seo\/ -->\n<title>Sobre nosotros - SILENO<\/title>\n<meta name=\"robots\" content=\"index, follow, max-snippet:-1, max-image-preview:large, max-video-preview:-1\" \/>\n<link rel=\"canonical\" href=\"https:\/\/sileno.com\/es\/sobre-nosotros\/\" \/>\n<meta property=\"og:locale\" content=\"es_ES\" \/>\n<meta property=\"og:type\" content=\"article\" \/>\n<meta property=\"og:title\" content=\"Sobre nosotros - SILENO\" \/>\n<meta property=\"og:description\" content=\"SILENO es una empresa cuya esencia es la innovaci\u00f3n y el liderazgo tecnol\u00f3gico. Creada en 1997 bajo el nombre de SCADA SOFT y luego eMation, la empresa es el distribuidor exclusivo para Suiza del software SCADA m\u00e1s innovador del mercado, uno de los primeros software industriales en ofrecer una interfaz WEB. A principios de los [&hellip;]\" \/>\n<meta property=\"og:url\" content=\"https:\/\/sileno.com\/es\/sobre-nosotros\/\" \/>\n<meta property=\"og:site_name\" content=\"SILENO\" \/>\n<meta property=\"article:modified_time\" content=\"2024-08-19T12:25:32+00:00\" \/>\n<meta property=\"og:image\" content=\"https:\/\/sileno.com\/wp-content\/uploads\/2023\/03\/about_us_1900x455.jpg\" \/>\n\t<meta property=\"og:image:width\" content=\"1900\" \/>\n\t<meta property=\"og:image:height\" content=\"455\" \/>\n\t<meta property=\"og:image:type\" content=\"image\/jpeg\" \/>\n<meta name=\"twitter:card\" content=\"summary_large_image\" \/>\n<meta name=\"twitter:label1\" content=\"Tiempo de lectura\" \/>\n\t<meta name=\"twitter:data1\" content=\"2 minutos\" \/>\n<script type=\"application\/ld+json\" class=\"yoast-schema-graph\">{\"@context\":\"https:\/\/schema.org\",\"@graph\":[{\"@type\":\"WebPage\",\"@id\":\"https:\/\/sileno.com\/es\/sobre-nosotros\/\",\"url\":\"https:\/\/sileno.com\/es\/sobre-nosotros\/\",\"name\":\"Sobre nosotros - SILENO\",\"isPartOf\":{\"@id\":\"https:\/\/sileno.com\/#website\"},\"datePublished\":\"2023-02-28T08:38:25+00:00\",\"dateModified\":\"2024-08-19T12:25:32+00:00\",\"breadcrumb\":{\"@id\":\"https:\/\/sileno.com\/es\/sobre-nosotros\/#breadcrumb\"},\"inLanguage\":\"es\",\"potentialAction\":[{\"@type\":\"ReadAction\",\"target\":[\"https:\/\/sileno.com\/es\/sobre-nosotros\/\"]}]},{\"@type\":\"BreadcrumbList\",\"@id\":\"https:\/\/sileno.com\/es\/sobre-nosotros\/#breadcrumb\",\"itemListElement\":[{\"@type\":\"ListItem\",\"position\":1,\"name\":\"Home\",\"item\":\"https:\/\/sileno.com\/es\/\"},{\"@type\":\"ListItem\",\"position\":2,\"name\":\"Sobre nosotros\"}]},{\"@type\":\"WebSite\",\"@id\":\"https:\/\/sileno.com\/#website\",\"url\":\"https:\/\/sileno.com\/\",\"name\":\"SILENO\",\"description\":\"SCADA and EnMS energy management solution\",\"publisher\":{\"@id\":\"https:\/\/sileno.com\/#organization\"},\"potentialAction\":[{\"@type\":\"SearchAction\",\"target\":{\"@type\":\"EntryPoint\",\"urlTemplate\":\"https:\/\/sileno.com\/?s={search_term_string}\"},\"query-input\":{\"@type\":\"PropertyValueSpecification\",\"valueRequired\":true,\"valueName\":\"search_term_string\"}}],\"inLanguage\":\"es\"},{\"@type\":\"Organization\",\"@id\":\"https:\/\/sileno.com\/#organization\",\"name\":\"SILENO\",\"url\":\"https:\/\/sileno.com\/\",\"logo\":{\"@type\":\"ImageObject\",\"inLanguage\":\"es\",\"@id\":\"https:\/\/sileno.com\/#\/schema\/logo\/image\/\",\"url\":\"https:\/\/sileno.com\/wp-content\/uploads\/2023\/02\/logo.png\",\"contentUrl\":\"https:\/\/sileno.com\/wp-content\/uploads\/2023\/02\/logo.png\",\"width\":297,\"height\":45,\"caption\":\"SILENO\"},\"image\":{\"@id\":\"https:\/\/sileno.com\/#\/schema\/logo\/image\/\"},\"sameAs\":[\"https:\/\/www.linkedin.com\/company\/10977817\"]}]}<\/script>\n<!-- \/ Yoast SEO plugin. -->","yoast_head_json":{"title":"Sobre nosotros - SILENO","robots":{"index":"index","follow":"follow","max-snippet":"max-snippet:-1","max-image-preview":"max-image-preview:large","max-video-preview":"max-video-preview:-1"},"canonical":"https:\/\/sileno.com\/es\/sobre-nosotros\/","og_locale":"es_ES","og_type":"article","og_title":"Sobre nosotros - SILENO","og_description":"SILENO es una empresa cuya esencia es la innovaci\u00f3n y el liderazgo tecnol\u00f3gico. Creada en 1997 bajo el nombre de SCADA SOFT y luego eMation, la empresa es el distribuidor exclusivo para Suiza del software SCADA m\u00e1s innovador del mercado, uno de los primeros software industriales en ofrecer una interfaz WEB. A principios de los [&hellip;]","og_url":"https:\/\/sileno.com\/es\/sobre-nosotros\/","og_site_name":"SILENO","article_modified_time":"2024-08-19T12:25:32+00:00","og_image":[{"width":1900,"height":455,"url":"https:\/\/sileno.com\/wp-content\/uploads\/2023\/03\/about_us_1900x455.jpg","type":"image\/jpeg"}],"twitter_card":"summary_large_image","twitter_misc":{"Tiempo de lectura":"2 minutos"},"schema":{"@context":"https:\/\/schema.org","@graph":[{"@type":"WebPage","@id":"https:\/\/sileno.com\/es\/sobre-nosotros\/","url":"https:\/\/sileno.com\/es\/sobre-nosotros\/","name":"Sobre nosotros - SILENO","isPartOf":{"@id":"https:\/\/sileno.com\/#website"},"datePublished":"2023-02-28T08:38:25+00:00","dateModified":"2024-08-19T12:25:32+00:00","breadcrumb":{"@id":"https:\/\/sileno.com\/es\/sobre-nosotros\/#breadcrumb"},"inLanguage":"es","potentialAction":[{"@type":"ReadAction","target":["https:\/\/sileno.com\/es\/sobre-nosotros\/"]}]},{"@type":"BreadcrumbList","@id":"https:\/\/sileno.com\/es\/sobre-nosotros\/#breadcrumb","itemListElement":[{"@type":"ListItem","position":1,"name":"Home","item":"https:\/\/sileno.com\/es\/"},{"@type":"ListItem","position":2,"name":"Sobre nosotros"}]},{"@type":"WebSite","@id":"https:\/\/sileno.com\/#website","url":"https:\/\/sileno.com\/","name":"SILENO","description":"SCADA and EnMS energy management solution","publisher":{"@id":"https:\/\/sileno.com\/#organization"},"potentialAction":[{"@type":"SearchAction","target":{"@type":"EntryPoint","urlTemplate":"https:\/\/sileno.com\/?s={search_term_string}"},"query-input":{"@type":"PropertyValueSpecification","valueRequired":true,"valueName":"search_term_string"}}],"inLanguage":"es"},{"@type":"Organization","@id":"https:\/\/sileno.com\/#organization","name":"SILENO","url":"https:\/\/sileno.com\/","logo":{"@type":"ImageObject","inLanguage":"es","@id":"https:\/\/sileno.com\/#\/schema\/logo\/image\/","url":"https:\/\/sileno.com\/wp-content\/uploads\/2023\/02\/logo.png","contentUrl":"https:\/\/sileno.com\/wp-content\/uploads\/2023\/02\/logo.png","width":297,"height":45,"caption":"SILENO"},"image":{"@id":"https:\/\/sileno.com\/#\/schema\/logo\/image\/"},"sameAs":["https:\/\/www.linkedin.com\/company\/10977817"]}]}},"_links":{"self":[{"href":"https:\/\/sileno.com\/es\/wp-json\/wp\/v2\/pages\/1811","targetHints":{"allow":["GET"]}}],"collection":[{"href":"https:\/\/sileno.com\/es\/wp-json\/wp\/v2\/pages"}],"about":[{"href":"https:\/\/sileno.com\/es\/wp-json\/wp\/v2\/types\/page"}],"author":[{"embeddable":true,"href":"https:\/\/sileno.com\/es\/wp-json\/wp\/v2\/users\/4"}],"replies":[{"embeddable":true,"href":"https:\/\/sileno.com\/es\/wp-json\/wp\/v2\/comments?post=1811"}],"version-history":[{"count":14,"href":"https:\/\/sileno.com\/es\/wp-json\/wp\/v2\/pages\/1811\/revisions"}],"predecessor-version":[{"id":3488,"href":"https:\/\/sileno.com\/es\/wp-json\/wp\/v2\/pages\/1811\/revisions\/3488"}],"wp:attachment":[{"href":"https:\/\/sileno.com\/es\/wp-json\/wp\/v2\/media?parent=1811"}],"curies":[{"name":"wp","href":"https:\/\/api.w.org\/{rel}","templated":true}]}}