{"id":2511,"date":"2023-02-22T14:28:35","date_gmt":"2023-02-22T12:28:35","guid":{"rendered":"http:\/\/alpha.sileno.fr.185-178-193-66.227.hosttech.eu\/legal-terms\/"},"modified":"2024-08-26T17:06:21","modified_gmt":"2024-08-26T15:06:21","slug":"legal-terms","status":"publish","type":"page","link":"https:\/\/sileno.com\/de\/legal-terms\/","title":{"rendered":"Rechtlicher Hinweis"},"content":{"rendered":"<h4>RECHTLICHER HINWEIS \u2013 DATENSCHUTZERKL\u00c4RUNG \u2013 URHEBERRECHTE<\/h4>\n<p>Vielen Dank f\u00fcr Ihren Besuch auf der SILENO-Website! Hier sind die rechtlichen Bedingungen unserer Website.<\/p>\n<h4>Wer wir sind<\/h4>\n<p>Unsere Website-Adresse lautet: http:\/\/www.sileno.com<\/p>\n<p>Dies ist die WEB-Site der Firma SILENO AG, mit Sitz an der Schleitheimerstrasse 42, 8222 Beringen in der Schweiz und gehostet von Hosttech GmbH, DATAROCK, CH &#8211; 6207 Nottwil<\/p>\n<h4>Datenschutz<\/h4>\n<p>Datenschutz und Sicherheit sind der SILENO AG sehr wichtig \u2013 so wichtig wie Ihr Vertrauen in unsere Produkte und Dienstleistungen. Die SILENO AG verpflichtet sich, Ihre personenbezogenen Daten verantwortungsbewusst und in \u00dcbereinstimmung mit den geltenden gesetzlichen Bestimmungen zu verarbeiten. Diese Datenschutzerkl\u00e4rung erl\u00e4utert, wie die SILENO AG im Abschnitt \u201eUnternehmensinformationen\u201c dieser Website (\u201eSILENO\u201c, \u201ewir\u201c, \u201euns\u201c, \u201eunser\u201c) Ihre personenbezogenen Daten erhebt und verarbeitet, wenn Sie die Website nutzen.<\/p>\n<h4>Informationen, die wir sammeln, um auf Ihre Anfragen zu antworten:<\/h4>\n<p>Sie k\u00f6nnen unsere Website besuchen und sich \u00fcber unsere Produkte und Dienstleistungen informieren, ohne uns mitzuteilen, wer Sie sind. Wenn Sie uns \u00fcber das \u201eKontaktformular\u201c oder \u00fcber eine der automatisierten Schaltfl\u00e4chen, die uns kontaktieren, kontaktieren, erfassen wir die Daten und Informationen, die Sie uns zur Verf\u00fcgung stellen. Dazu geh\u00f6ren personenbezogene Daten wie Ihr Name, Ihre gesch\u00e4ftliche E-Mail-Adresse und Telefonnummer sowie die Adresse des Unternehmens, f\u00fcr das Sie arbeiten oder in dessen Namen Sie uns kontaktieren.<\/p>\n<p>Wir verwenden Ihre personenbezogenen Daten f\u00fcr den Zweck, f\u00fcr den Sie sie uns zur Verf\u00fcgung stellen. Wir verwenden Ihre personenbezogenen Daten insbesondere, um Ihre Anfrage zu beantworten, Sie bei R\u00fcckfragen zu Ihrer Anfrage anzurufen, Ihre Auftr\u00e4ge zu bearbeiten oder Ihnen Zugang zu weiteren Informationen oder Angeboten zu verschaffen. Aufgrund unserer Bem\u00fchungen, bestehende Kunden und Interessenten \u00fcber unsere Produkte und Dienstleistungen zu informieren, werden wir Sie m\u00f6glicherweise erneut in Bezug auf Ihre Anfrage kontaktieren, um Sie \u00fcber neue Produkte, Dienstleistungen oder Angebote zu informieren.<\/p>\n<h4>Daten, die wir verarbeiten, um die Nutzung unserer Website zu analysieren und zu verbessern<\/h4>\n<p>Dar\u00fcber hinaus analysieren wir aufgrund unseres Anliegens, Ihnen ein optimales Nutzererlebnis zu bieten, die Nutzung dieser Website, um Erkenntnisse dar\u00fcber zu gewinnen, wie wir unsere Dienste verbessern k\u00f6nnen. Mit Ausnahme Ihrer IP-Adresse, die unter Umst\u00e4nden als personenbezogene Information gelten kann, handelt es sich bei diesen Informationen um anonyme Daten. Es kann auch Informationen \u00fcber den Typ des Webbrowsers oder Ger\u00e4ts enthalten, mit dem Sie auf die Website zugreifen, die geografische Region, von der aus Sie auf die Website zugreifen, das Datum und die Uhrzeit des Zugriffs und Teile unserer Websites, auf die Sie zugreifen.<\/p>\n<p>Wir erheben und verarbeiten Ihre personenbezogenen Daten verantwortungsbewusst und in \u00dcbereinstimmung mit den geltenden gesetzlichen Bestimmungen und der europ\u00e4ischen Datenschutzgrundverordnung (DSGVO). Wir verarbeiten Ihre personenbezogenen Daten ausschlie\u00dflich f\u00fcr die Zwecke, f\u00fcr die Sie uns die personenbezogenen Daten zur Verf\u00fcgung gestellt haben bzw. f\u00fcr die in dieser Datenschutzerkl\u00e4rung genannten Zwecke.<\/p>\n<p>Wir setzen dem Risiko angemessene technische und organisatorische Sicherheitsma\u00dfnahmen ein, um die Vertraulichkeit und Integrit\u00e4t der von uns \u00fcber diese Website erhobenen personenbezogenen Daten zu wahren. Wir speichern Ihre personenbezogenen Daten nur, soweit und solange dies f\u00fcr die Erf\u00fcllung der Zwecke, f\u00fcr die die Daten erhoben wurden, f\u00fcr die SILENO AG erforderlich ist oder wir gesetzlich zur Aufbewahrung der Daten verpflichtet sind.<\/p>\n<p>Diese anonymen Daten werden getrennt von Ihren eventuell angegebenen personenbezogenen Daten gespeichert und lassen keine R\u00fcckschl\u00fcsse auf eine bestimmte Person zu. Sie werden zu statistischen Zwecken ausgewertet, um unseren Internetauftritt und unsere Angebote optimieren zu k\u00f6nnen.<\/p>\n<h4>Newsletterdaten und sonstige Informationsanfragen<\/h4>\n<p>Wenn Sie den Newsletter beziehen m\u00f6chten oder weitere Informationen, die auf der Website angeboten werden, anfordern, ben\u00f6tigen wir von Ihnen eine E-Mail-Adresse sowie Informationen, welche uns die \u00dcberpr\u00fcfung gestatten, dass Sie der Inhaber der angegebenen E-Mail-Adresse sind und dass Sie damit einverstanden sind, den Newsletter oder zus\u00e4tzliche Informationen zu erhalten. Weitere Daten werden nicht erhoben. Diese Daten verwenden wir ausschlie\u00dflich f\u00fcr den Versand der angeforderten Informationen und geben sie nicht an Dritte weiter.<\/p>\n<p>Ihre Einwilligung zur Speicherung der Daten, der E-Mail-Adresse sowie deren Nutzung zum Versand des Newsletters oder sonstiger Informationen k\u00f6nnen Sie jederzeit widerrufen, etwa \u00fcber den \u201eAustragen\u201c-Link im Newsletter oder als \u00dcberschrift eines Newsletters E-Mail an contact@scadasoft.com gesendet<\/p>\n<h4>Cookies<\/h4>\n<p>Unsere Website verwendet Cookies. Wenn Sie unsere Website nutzen, k\u00f6nnen Sie sich daf\u00fcr entscheiden, Ihren Namen, Ihre E-Mail-Adresse und Ihre Website in Cookies zu speichern. Diese dienen Ihrer Bequemlichkeit, damit Sie Ihre Daten nicht erneut eingeben m\u00fcssen, wenn Sie einen weiteren Kommentar hinterlassen. Diese Cookies halten ein Jahr lang.<\/p>\n<p>Eingebettete Inhalte von anderen Websites<\/p>\n<p>Artikel, Notizen, Texte, Bilder oder andere Inhalte auf dieser Website k\u00f6nnen eingebettete Inhalte enthalten (z. B. Videos, Bilder, Artikel usw.). Eingebettete Inhalte von anderen Websites verhalten sich genau so, als ob der Besucher die andere Website besucht h\u00e4tte.<\/p>\n<p>Diese Websites k\u00f6nnen Daten \u00fcber Sie sammeln, Cookies verwenden, zus\u00e4tzliches Tracking von Drittanbietern einbetten und Ihre Interaktion mit diesen eingebetteten Inhalten \u00fcberwachen, einschlie\u00dflich der Verfolgung Ihrer Interaktion mit den eingebetteten Inhalten, wenn Sie ein Konto haben und auf dieser Website angemeldet sind.<\/p>\n<h4>Disclaimer: Haftung f\u00fcr Inhalte<\/h4>\n<p>Die Inhalte unserer Seiten wurden mit gr\u00f6\u00dfter Sorgfalt erstellt. F\u00fcr die Richtigkeit, Vollst\u00e4ndigkeit und Aktualit\u00e4t der Inhalte k\u00f6nnen wir jedoch keine Gew\u00e4hr \u00fcbernehmen. Als Diensteanbieter sind wir f\u00fcr eigene Inhalte auf diesen Seiten nach den allgemeinen Gesetzen verantwortlich. Als Diensteanbieter sind wir jedoch nicht verpflichtet, \u00fcbermittelte oder gespeicherte fremde Informationen zu \u00fcberwachen oder nach Umst\u00e4nden zu forschen, die auf eine rechtswidrige T\u00e4tigkeit hinweisen. Verpflichtungen zur Entfernung oder Sperrung der Nutzung von Informationen nach den allgemeinen Gesetzen bleiben hiervon unber\u00fchrt. Eine diesbez\u00fcgliche Haftung ist jedoch erst ab dem Zeitpunkt der Kenntnis einer konkreten Rechtsverletzung m\u00f6glich. Bei Bekanntwerden von Rechtsverletzungen werden wir diese Inhalte umgehend entfernen.<\/p>\n<h4>Haftung f\u00fcr Links<\/h4>\n<p>Unsere Website enth\u00e4lt Links zu externen Websites Dritter, auf deren Inhalte wir keinen Einfluss haben. Deshalb k\u00f6nnen wir f\u00fcr diese fremden Inhalte auch keine Gew\u00e4hr \u00fcbernehmen. F\u00fcr die Inhalte der verlinkten Seiten ist stets der jeweilige Anbieter oder Betreiber der Seiten verantwortlich. Die verlinkten Seiten wurden zum Zeitpunkt der Verlinkung auf m\u00f6gliche Rechtsverst\u00f6\u00dfe \u00fcberpr\u00fcft. Rechtswidrige Inhalte waren zum Zeitpunkt der Verlinkung nicht erkennbar. Eine permanente inhaltliche Kontrolle der verlinkten Seiten ist jedoch ohne konkrete Anhaltspunkte einer Rechtsverletzung nicht zumutbar. Bei Bekanntwerden von Rechtsverletzungen werden wir derartige Links umgehend entfernen.<\/p>\n<h4>Google Analytics<\/h4>\n<p>Diese Website nutzt Funktionen des Webanalysedienstes Google Analytics. Google Analytics verwendet sogenannte \u201eCookies\u201c. Das sind Textdateien, die auf Ihrem Computer gespeichert werden und die eine Analyse der Benutzung der Website durch Sie erm\u00f6glichen. Die durch den Cookie erzeugten Informationen \u00fcber Ihre Benutzung dieser Website werden in der Regel an einen Server von Google in den USA \u00fcbertragen und dort gespeichert. Im Falle eines Widerspruchs gegen die Datenerhebung verweisen wir auf die Dokumentation von Google<\/p>\n<h4>Wie k\u00f6nnen Sie uns kontaktieren?<\/h4>\n<p>Wenn Sie Fragen oder Bedenken bez\u00fcglich der Nutzung unserer Website haben, k\u00f6nnen Sie uns \u00fcber das Kontaktformular oder unseren Datenschutzbeauftragten per E-Mail {dataprivacy(at)sileno.com} oder per Post Sileno AG, Schleitheimerstrasse 42, 8222 kontaktieren Beringen Schweiz.<\/p>\n<h4>Datenschutzrichtlinie f\u00fcr SILENO-Produkte und -Dienstleistungen<\/h4>\n<p>Wenn Sie Fragen zu unserer Datenschutzrichtlinie f\u00fcr unsere Produkte und Dienstleistungen haben, wenden Sie sich bitte per E-Mail an unseren Datenschutzbeauftragten {dataprivacy(at)sileno.com} mit der vollst\u00e4ndigen und detaillierten Liste der Produkte und Dienstleistungen einschlie\u00dflich Seriennummer und Lizenznummern um Ihr eigenes Exemplar unserer Datenschutzverpflichtungen zu erhalten.<\/p>\n<h4>\u00c4nderungen der Datenschutzrichtlinie<\/h4>\n<p>Wir behalten uns das Recht vor, diese Datenschutzrichtlinie jederzeit zu \u00e4ndern. Ma\u00dfgeblich ist die auf der SILENO-Website ver\u00f6ffentlichte Version.<\/p>\n<h4>Urheberrechte und Marken:<\/h4>\n<p>Auf unserer Website finden sich viele Hinweise auf andere Produkte oder Dienstleistungen anderer Unternehmen als der SILENO AG. Alle diese anderen Produkte und Dienstleistungen, Namen und Marken sind Warenzeichen der jeweiligen Unternehmen.<\/p>\n<p>Die Angaben im Text sind unverbindlich und dienen nur zu Informationszwecken. Produkte k\u00f6nnen l\u00e4nderspezifische Unterschiede aufweisen.<\/p>\n<h4>Bilder und Illustrationen<\/h4>\n<p>Die SILENO AG hat alle Bilder und Illustrationen dieser Website sehr sorgf\u00e4ltig ausgew\u00e4hlt, um sicherzustellen, dass diese Ressourcen frei von Verwendung und zur Verwendung auf unserer Website ohne Verletzung von Rechten oder Lizenzen Dritter autorisiert sind. Die meisten Bilder und Illustrationen wurden von ADOBE STOCK (stock.adobe.com) oder alternativ von PEXELS (www.pexels.com) oder anderen kostenlosen Internetquellen ausgew\u00e4hlt. Einige Illustrationen sind eine Kombination aus einem oder mehreren Dokumenten Dritter oder wurden von SCADA SOFT bearbeitet oder erstellt. Wir haben unser Bestes getan, um sicherzustellen, dass wir keine Rechte, Urheberrechte oder Lizenzen verletzen, aber falls dies passieren sollte, informieren Sie uns bitte und wir werden es umgehend von unserer Website entfernen.<\/p>\n<p>&nbsp;<\/p>\n","protected":false},"excerpt":{"rendered":"<p>RECHTLICHER HINWEIS \u2013 DATENSCHUTZERKL\u00c4RUNG \u2013 URHEBERRECHTE Vielen Dank f\u00fcr Ihren Besuch auf der SILENO-Website! Hier sind die rechtlichen Bedingungen unserer Website. Wer wir sind Unsere Website-Adresse lautet: http:\/\/www.sileno.com Dies ist die WEB-Site der Firma SILENO AG, mit Sitz an der Schleitheimerstrasse 42, 8222 Beringen in der Schweiz und gehostet von Hosttech GmbH, DATAROCK, CH &#8211; [&hellip;]<\/p>\n","protected":false},"author":5,"featured_media":0,"parent":0,"menu_order":31,"comment_status":"closed","ping_status":"closed","template":"","meta":{"footnotes":""},"class_list":["post-2511","page","type-page","status-publish","hentry"],"acf":[],"yoast_head":"<!-- This site is optimized with the Yoast SEO plugin v24.0 - https:\/\/yoast.com\/wordpress\/plugins\/seo\/ -->\n<title>Rechtlicher Hinweis - SILENO<\/title>\n<meta name=\"robots\" content=\"index, follow, max-snippet:-1, max-image-preview:large, max-video-preview:-1\" \/>\n<link rel=\"canonical\" href=\"https:\/\/sileno.com\/de\/legal-terms\/\" \/>\n<meta property=\"og:locale\" content=\"de_DE\" \/>\n<meta property=\"og:type\" content=\"article\" \/>\n<meta property=\"og:title\" content=\"Rechtlicher Hinweis - SILENO\" \/>\n<meta property=\"og:description\" content=\"RECHTLICHER HINWEIS \u2013 DATENSCHUTZERKL\u00c4RUNG \u2013 URHEBERRECHTE Vielen Dank f\u00fcr Ihren Besuch auf der SILENO-Website! Hier sind die rechtlichen Bedingungen unserer Website. Wer wir sind Unsere Website-Adresse lautet: http:\/\/www.sileno.com Dies ist die WEB-Site der Firma SILENO AG, mit Sitz an der Schleitheimerstrasse 42, 8222 Beringen in der Schweiz und gehostet von Hosttech GmbH, DATAROCK, CH &#8211; [&hellip;]\" \/>\n<meta property=\"og:url\" content=\"https:\/\/sileno.com\/de\/legal-terms\/\" \/>\n<meta property=\"og:site_name\" content=\"SILENO\" \/>\n<meta property=\"article:modified_time\" content=\"2024-08-26T15:06:21+00:00\" \/>\n<meta name=\"twitter:card\" content=\"summary_large_image\" \/>\n<meta name=\"twitter:label1\" content=\"Gesch\u00e4tzte Lesezeit\" \/>\n\t<meta name=\"twitter:data1\" content=\"6\u00a0Minuten\" \/>\n<script type=\"application\/ld+json\" class=\"yoast-schema-graph\">{\"@context\":\"https:\/\/schema.org\",\"@graph\":[{\"@type\":\"WebPage\",\"@id\":\"https:\/\/sileno.com\/de\/legal-terms\/\",\"url\":\"https:\/\/sileno.com\/de\/legal-terms\/\",\"name\":\"Rechtlicher Hinweis - SILENO\",\"isPartOf\":{\"@id\":\"https:\/\/sileno.com\/#website\"},\"datePublished\":\"2023-02-22T12:28:35+00:00\",\"dateModified\":\"2024-08-26T15:06:21+00:00\",\"breadcrumb\":{\"@id\":\"https:\/\/sileno.com\/de\/legal-terms\/#breadcrumb\"},\"inLanguage\":\"de\",\"potentialAction\":[{\"@type\":\"ReadAction\",\"target\":[\"https:\/\/sileno.com\/de\/legal-terms\/\"]}]},{\"@type\":\"BreadcrumbList\",\"@id\":\"https:\/\/sileno.com\/de\/legal-terms\/#breadcrumb\",\"itemListElement\":[{\"@type\":\"ListItem\",\"position\":1,\"name\":\"Home\",\"item\":\"https:\/\/sileno.com\/de\/\"},{\"@type\":\"ListItem\",\"position\":2,\"name\":\"Rechtlicher Hinweis\"}]},{\"@type\":\"WebSite\",\"@id\":\"https:\/\/sileno.com\/#website\",\"url\":\"https:\/\/sileno.com\/\",\"name\":\"SILENO\",\"description\":\"SCADA and EnMS energy management solution\",\"publisher\":{\"@id\":\"https:\/\/sileno.com\/#organization\"},\"potentialAction\":[{\"@type\":\"SearchAction\",\"target\":{\"@type\":\"EntryPoint\",\"urlTemplate\":\"https:\/\/sileno.com\/?s={search_term_string}\"},\"query-input\":{\"@type\":\"PropertyValueSpecification\",\"valueRequired\":true,\"valueName\":\"search_term_string\"}}],\"inLanguage\":\"de\"},{\"@type\":\"Organization\",\"@id\":\"https:\/\/sileno.com\/#organization\",\"name\":\"SILENO\",\"url\":\"https:\/\/sileno.com\/\",\"logo\":{\"@type\":\"ImageObject\",\"inLanguage\":\"de\",\"@id\":\"https:\/\/sileno.com\/#\/schema\/logo\/image\/\",\"url\":\"https:\/\/sileno.com\/wp-content\/uploads\/2023\/02\/logo.png\",\"contentUrl\":\"https:\/\/sileno.com\/wp-content\/uploads\/2023\/02\/logo.png\",\"width\":297,\"height\":45,\"caption\":\"SILENO\"},\"image\":{\"@id\":\"https:\/\/sileno.com\/#\/schema\/logo\/image\/\"},\"sameAs\":[\"https:\/\/www.linkedin.com\/company\/10977817\"]}]}<\/script>\n<!-- \/ Yoast SEO plugin. -->","yoast_head_json":{"title":"Rechtlicher Hinweis - SILENO","robots":{"index":"index","follow":"follow","max-snippet":"max-snippet:-1","max-image-preview":"max-image-preview:large","max-video-preview":"max-video-preview:-1"},"canonical":"https:\/\/sileno.com\/de\/legal-terms\/","og_locale":"de_DE","og_type":"article","og_title":"Rechtlicher Hinweis - SILENO","og_description":"RECHTLICHER HINWEIS \u2013 DATENSCHUTZERKL\u00c4RUNG \u2013 URHEBERRECHTE Vielen Dank f\u00fcr Ihren Besuch auf der SILENO-Website! Hier sind die rechtlichen Bedingungen unserer Website. Wer wir sind Unsere Website-Adresse lautet: http:\/\/www.sileno.com Dies ist die WEB-Site der Firma SILENO AG, mit Sitz an der Schleitheimerstrasse 42, 8222 Beringen in der Schweiz und gehostet von Hosttech GmbH, DATAROCK, CH &#8211; [&hellip;]","og_url":"https:\/\/sileno.com\/de\/legal-terms\/","og_site_name":"SILENO","article_modified_time":"2024-08-26T15:06:21+00:00","twitter_card":"summary_large_image","twitter_misc":{"Gesch\u00e4tzte Lesezeit":"6\u00a0Minuten"},"schema":{"@context":"https:\/\/schema.org","@graph":[{"@type":"WebPage","@id":"https:\/\/sileno.com\/de\/legal-terms\/","url":"https:\/\/sileno.com\/de\/legal-terms\/","name":"Rechtlicher Hinweis - SILENO","isPartOf":{"@id":"https:\/\/sileno.com\/#website"},"datePublished":"2023-02-22T12:28:35+00:00","dateModified":"2024-08-26T15:06:21+00:00","breadcrumb":{"@id":"https:\/\/sileno.com\/de\/legal-terms\/#breadcrumb"},"inLanguage":"de","potentialAction":[{"@type":"ReadAction","target":["https:\/\/sileno.com\/de\/legal-terms\/"]}]},{"@type":"BreadcrumbList","@id":"https:\/\/sileno.com\/de\/legal-terms\/#breadcrumb","itemListElement":[{"@type":"ListItem","position":1,"name":"Home","item":"https:\/\/sileno.com\/de\/"},{"@type":"ListItem","position":2,"name":"Rechtlicher Hinweis"}]},{"@type":"WebSite","@id":"https:\/\/sileno.com\/#website","url":"https:\/\/sileno.com\/","name":"SILENO","description":"SCADA and EnMS energy management solution","publisher":{"@id":"https:\/\/sileno.com\/#organization"},"potentialAction":[{"@type":"SearchAction","target":{"@type":"EntryPoint","urlTemplate":"https:\/\/sileno.com\/?s={search_term_string}"},"query-input":{"@type":"PropertyValueSpecification","valueRequired":true,"valueName":"search_term_string"}}],"inLanguage":"de"},{"@type":"Organization","@id":"https:\/\/sileno.com\/#organization","name":"SILENO","url":"https:\/\/sileno.com\/","logo":{"@type":"ImageObject","inLanguage":"de","@id":"https:\/\/sileno.com\/#\/schema\/logo\/image\/","url":"https:\/\/sileno.com\/wp-content\/uploads\/2023\/02\/logo.png","contentUrl":"https:\/\/sileno.com\/wp-content\/uploads\/2023\/02\/logo.png","width":297,"height":45,"caption":"SILENO"},"image":{"@id":"https:\/\/sileno.com\/#\/schema\/logo\/image\/"},"sameAs":["https:\/\/www.linkedin.com\/company\/10977817"]}]}},"_links":{"self":[{"href":"https:\/\/sileno.com\/de\/wp-json\/wp\/v2\/pages\/2511","targetHints":{"allow":["GET"]}}],"collection":[{"href":"https:\/\/sileno.com\/de\/wp-json\/wp\/v2\/pages"}],"about":[{"href":"https:\/\/sileno.com\/de\/wp-json\/wp\/v2\/types\/page"}],"author":[{"embeddable":true,"href":"https:\/\/sileno.com\/de\/wp-json\/wp\/v2\/users\/5"}],"replies":[{"embeddable":true,"href":"https:\/\/sileno.com\/de\/wp-json\/wp\/v2\/comments?post=2511"}],"version-history":[{"count":8,"href":"https:\/\/sileno.com\/de\/wp-json\/wp\/v2\/pages\/2511\/revisions"}],"predecessor-version":[{"id":3535,"href":"https:\/\/sileno.com\/de\/wp-json\/wp\/v2\/pages\/2511\/revisions\/3535"}],"wp:attachment":[{"href":"https:\/\/sileno.com\/de\/wp-json\/wp\/v2\/media?parent=2511"}],"curies":[{"name":"wp","href":"https:\/\/api.w.org\/{rel}","templated":true}]}}