{"id":2505,"date":"2023-03-03T08:23:26","date_gmt":"2023-03-03T06:23:26","guid":{"rendered":"http:\/\/alpha.sileno.fr.185-178-193-66.227.hosttech.eu\/contact\/"},"modified":"2024-08-26T13:48:33","modified_gmt":"2024-08-26T11:48:33","slug":"kontakt","status":"publish","type":"page","link":"https:\/\/sileno.com\/de\/kontakt\/","title":{"rendered":"Kontakt"},"content":{"rendered":"<p>Erstens, wenn Sie eine bestimmte Frage oder Anfrage haben, freuen wir uns sehr, dass Sie uns direkt telefonisch, per E-Mail oder \u00fcber unsere Website kontaktieren k\u00f6nnen.<\/p>\n<p>Alternativ k\u00f6nnen Sie sich auch an unsere Partner wenden, wenn Sie Hilfe bei einem bestimmten Produkt oder einer bestimmten Dienstleistung ben\u00f6tigen. Unsere Partner sind in der Regel auf unserer Website aufgef\u00fchrt, deren Kontaktdaten Sie dort finden k\u00f6nnen. Sie k\u00f6nnen Ihnen weitere Informationen oder Unterst\u00fctzung geben.<\/p>\n<p>Zus\u00e4tzlich zu diesen Methoden haben wir auch ein Kundensupport-Team, an das Sie sich wenden k\u00f6nnen, wenn Sie Fragen oder Bedenken haben. Unser Kundensupport-Team steht Ihnen per E-Mail, Telefon oder Live-Chat zur Verf\u00fcgung und hilft Ihnen gerne bei allen Fragen, die Sie haben.<\/p>\n<p>Insgesamt wissen wir, wie wichtig es ist, exzellenten Kundenservice und Support zu bieten, und wir bem\u00fchen uns, es Ihnen so einfach wie m\u00f6glich zu machen, mit uns oder unseren Partnern in Kontakt zu treten, wann immer Sie es brauchen. Z\u00f6gern Sie also nicht, sich zu melden, wenn Sie Hilfe ben\u00f6tigen oder Fragen haben!<\/p>\n","protected":false},"excerpt":{"rendered":"<p>Erstens, wenn Sie eine bestimmte Frage oder Anfrage haben, freuen wir uns sehr, dass Sie uns direkt telefonisch, per E-Mail oder \u00fcber unsere Website kontaktieren k\u00f6nnen. Alternativ k\u00f6nnen Sie sich auch an unsere Partner wenden, wenn Sie Hilfe bei einem bestimmten Produkt oder einer bestimmten Dienstleistung ben\u00f6tigen. Unsere Partner sind in der Regel auf unserer [&hellip;]<\/p>\n","protected":false},"author":5,"featured_media":1848,"parent":0,"menu_order":27,"comment_status":"closed","ping_status":"closed","template":"page-contact.php","meta":{"footnotes":""},"class_list":["post-2505","page","type-page","status-publish","has-post-thumbnail","hentry"],"acf":[],"yoast_head":"<!-- This site is optimized with the Yoast SEO plugin v24.0 - https:\/\/yoast.com\/wordpress\/plugins\/seo\/ -->\n<title>Kontakt - SILENO<\/title>\n<meta name=\"robots\" content=\"index, follow, max-snippet:-1, max-image-preview:large, max-video-preview:-1\" \/>\n<link rel=\"canonical\" href=\"https:\/\/sileno.com\/de\/kontakt\/\" \/>\n<meta property=\"og:locale\" content=\"de_DE\" \/>\n<meta property=\"og:type\" content=\"article\" \/>\n<meta property=\"og:title\" content=\"Kontakt - SILENO\" \/>\n<meta property=\"og:description\" content=\"Erstens, wenn Sie eine bestimmte Frage oder Anfrage haben, freuen wir uns sehr, dass Sie uns direkt telefonisch, per E-Mail oder \u00fcber unsere Website kontaktieren k\u00f6nnen. Alternativ k\u00f6nnen Sie sich auch an unsere Partner wenden, wenn Sie Hilfe bei einem bestimmten Produkt oder einer bestimmten Dienstleistung ben\u00f6tigen. Unsere Partner sind in der Regel auf unserer [&hellip;]\" \/>\n<meta property=\"og:url\" content=\"https:\/\/sileno.com\/de\/kontakt\/\" \/>\n<meta property=\"og:site_name\" content=\"SILENO\" \/>\n<meta property=\"article:modified_time\" content=\"2024-08-26T11:48:33+00:00\" \/>\n<meta property=\"og:image\" content=\"https:\/\/sileno.com\/wp-content\/uploads\/2023\/03\/contact-1900x455-1.jpg\" \/>\n\t<meta property=\"og:image:width\" content=\"1900\" \/>\n\t<meta property=\"og:image:height\" content=\"455\" \/>\n\t<meta property=\"og:image:type\" content=\"image\/jpeg\" \/>\n<meta name=\"twitter:card\" content=\"summary_large_image\" \/>\n<meta name=\"twitter:label1\" content=\"Gesch\u00e4tzte Lesezeit\" \/>\n\t<meta name=\"twitter:data1\" content=\"1\u00a0Minute\" \/>\n<script type=\"application\/ld+json\" class=\"yoast-schema-graph\">{\"@context\":\"https:\/\/schema.org\",\"@graph\":[{\"@type\":\"WebPage\",\"@id\":\"https:\/\/sileno.com\/de\/kontakt\/\",\"url\":\"https:\/\/sileno.com\/de\/kontakt\/\",\"name\":\"Kontakt - SILENO\",\"isPartOf\":{\"@id\":\"https:\/\/sileno.com\/#website\"},\"primaryImageOfPage\":{\"@id\":\"https:\/\/sileno.com\/de\/kontakt\/#primaryimage\"},\"image\":{\"@id\":\"https:\/\/sileno.com\/de\/kontakt\/#primaryimage\"},\"thumbnailUrl\":\"https:\/\/sileno.com\/wp-content\/uploads\/2023\/03\/contact-1900x455-1.jpg\",\"datePublished\":\"2023-03-03T06:23:26+00:00\",\"dateModified\":\"2024-08-26T11:48:33+00:00\",\"breadcrumb\":{\"@id\":\"https:\/\/sileno.com\/de\/kontakt\/#breadcrumb\"},\"inLanguage\":\"de\",\"potentialAction\":[{\"@type\":\"ReadAction\",\"target\":[\"https:\/\/sileno.com\/de\/kontakt\/\"]}]},{\"@type\":\"ImageObject\",\"inLanguage\":\"de\",\"@id\":\"https:\/\/sileno.com\/de\/kontakt\/#primaryimage\",\"url\":\"https:\/\/sileno.com\/wp-content\/uploads\/2023\/03\/contact-1900x455-1.jpg\",\"contentUrl\":\"https:\/\/sileno.com\/wp-content\/uploads\/2023\/03\/contact-1900x455-1.jpg\",\"width\":1900,\"height\":455},{\"@type\":\"BreadcrumbList\",\"@id\":\"https:\/\/sileno.com\/de\/kontakt\/#breadcrumb\",\"itemListElement\":[{\"@type\":\"ListItem\",\"position\":1,\"name\":\"Home\",\"item\":\"https:\/\/sileno.com\/de\/\"},{\"@type\":\"ListItem\",\"position\":2,\"name\":\"Kontakt\"}]},{\"@type\":\"WebSite\",\"@id\":\"https:\/\/sileno.com\/#website\",\"url\":\"https:\/\/sileno.com\/\",\"name\":\"SILENO\",\"description\":\"SCADA and EnMS energy management solution\",\"publisher\":{\"@id\":\"https:\/\/sileno.com\/#organization\"},\"potentialAction\":[{\"@type\":\"SearchAction\",\"target\":{\"@type\":\"EntryPoint\",\"urlTemplate\":\"https:\/\/sileno.com\/?s={search_term_string}\"},\"query-input\":{\"@type\":\"PropertyValueSpecification\",\"valueRequired\":true,\"valueName\":\"search_term_string\"}}],\"inLanguage\":\"de\"},{\"@type\":\"Organization\",\"@id\":\"https:\/\/sileno.com\/#organization\",\"name\":\"SILENO\",\"url\":\"https:\/\/sileno.com\/\",\"logo\":{\"@type\":\"ImageObject\",\"inLanguage\":\"de\",\"@id\":\"https:\/\/sileno.com\/#\/schema\/logo\/image\/\",\"url\":\"https:\/\/sileno.com\/wp-content\/uploads\/2023\/02\/logo.png\",\"contentUrl\":\"https:\/\/sileno.com\/wp-content\/uploads\/2023\/02\/logo.png\",\"width\":297,\"height\":45,\"caption\":\"SILENO\"},\"image\":{\"@id\":\"https:\/\/sileno.com\/#\/schema\/logo\/image\/\"},\"sameAs\":[\"https:\/\/www.linkedin.com\/company\/10977817\"]}]}<\/script>\n<!-- \/ Yoast SEO plugin. -->","yoast_head_json":{"title":"Kontakt - SILENO","robots":{"index":"index","follow":"follow","max-snippet":"max-snippet:-1","max-image-preview":"max-image-preview:large","max-video-preview":"max-video-preview:-1"},"canonical":"https:\/\/sileno.com\/de\/kontakt\/","og_locale":"de_DE","og_type":"article","og_title":"Kontakt - SILENO","og_description":"Erstens, wenn Sie eine bestimmte Frage oder Anfrage haben, freuen wir uns sehr, dass Sie uns direkt telefonisch, per E-Mail oder \u00fcber unsere Website kontaktieren k\u00f6nnen. Alternativ k\u00f6nnen Sie sich auch an unsere Partner wenden, wenn Sie Hilfe bei einem bestimmten Produkt oder einer bestimmten Dienstleistung ben\u00f6tigen. Unsere Partner sind in der Regel auf unserer [&hellip;]","og_url":"https:\/\/sileno.com\/de\/kontakt\/","og_site_name":"SILENO","article_modified_time":"2024-08-26T11:48:33+00:00","og_image":[{"width":1900,"height":455,"url":"https:\/\/sileno.com\/wp-content\/uploads\/2023\/03\/contact-1900x455-1.jpg","type":"image\/jpeg"}],"twitter_card":"summary_large_image","twitter_misc":{"Gesch\u00e4tzte Lesezeit":"1\u00a0Minute"},"schema":{"@context":"https:\/\/schema.org","@graph":[{"@type":"WebPage","@id":"https:\/\/sileno.com\/de\/kontakt\/","url":"https:\/\/sileno.com\/de\/kontakt\/","name":"Kontakt - SILENO","isPartOf":{"@id":"https:\/\/sileno.com\/#website"},"primaryImageOfPage":{"@id":"https:\/\/sileno.com\/de\/kontakt\/#primaryimage"},"image":{"@id":"https:\/\/sileno.com\/de\/kontakt\/#primaryimage"},"thumbnailUrl":"https:\/\/sileno.com\/wp-content\/uploads\/2023\/03\/contact-1900x455-1.jpg","datePublished":"2023-03-03T06:23:26+00:00","dateModified":"2024-08-26T11:48:33+00:00","breadcrumb":{"@id":"https:\/\/sileno.com\/de\/kontakt\/#breadcrumb"},"inLanguage":"de","potentialAction":[{"@type":"ReadAction","target":["https:\/\/sileno.com\/de\/kontakt\/"]}]},{"@type":"ImageObject","inLanguage":"de","@id":"https:\/\/sileno.com\/de\/kontakt\/#primaryimage","url":"https:\/\/sileno.com\/wp-content\/uploads\/2023\/03\/contact-1900x455-1.jpg","contentUrl":"https:\/\/sileno.com\/wp-content\/uploads\/2023\/03\/contact-1900x455-1.jpg","width":1900,"height":455},{"@type":"BreadcrumbList","@id":"https:\/\/sileno.com\/de\/kontakt\/#breadcrumb","itemListElement":[{"@type":"ListItem","position":1,"name":"Home","item":"https:\/\/sileno.com\/de\/"},{"@type":"ListItem","position":2,"name":"Kontakt"}]},{"@type":"WebSite","@id":"https:\/\/sileno.com\/#website","url":"https:\/\/sileno.com\/","name":"SILENO","description":"SCADA and EnMS energy management solution","publisher":{"@id":"https:\/\/sileno.com\/#organization"},"potentialAction":[{"@type":"SearchAction","target":{"@type":"EntryPoint","urlTemplate":"https:\/\/sileno.com\/?s={search_term_string}"},"query-input":{"@type":"PropertyValueSpecification","valueRequired":true,"valueName":"search_term_string"}}],"inLanguage":"de"},{"@type":"Organization","@id":"https:\/\/sileno.com\/#organization","name":"SILENO","url":"https:\/\/sileno.com\/","logo":{"@type":"ImageObject","inLanguage":"de","@id":"https:\/\/sileno.com\/#\/schema\/logo\/image\/","url":"https:\/\/sileno.com\/wp-content\/uploads\/2023\/02\/logo.png","contentUrl":"https:\/\/sileno.com\/wp-content\/uploads\/2023\/02\/logo.png","width":297,"height":45,"caption":"SILENO"},"image":{"@id":"https:\/\/sileno.com\/#\/schema\/logo\/image\/"},"sameAs":["https:\/\/www.linkedin.com\/company\/10977817"]}]}},"_links":{"self":[{"href":"https:\/\/sileno.com\/de\/wp-json\/wp\/v2\/pages\/2505","targetHints":{"allow":["GET"]}}],"collection":[{"href":"https:\/\/sileno.com\/de\/wp-json\/wp\/v2\/pages"}],"about":[{"href":"https:\/\/sileno.com\/de\/wp-json\/wp\/v2\/types\/page"}],"author":[{"embeddable":true,"href":"https:\/\/sileno.com\/de\/wp-json\/wp\/v2\/users\/5"}],"replies":[{"embeddable":true,"href":"https:\/\/sileno.com\/de\/wp-json\/wp\/v2\/comments?post=2505"}],"version-history":[{"count":5,"href":"https:\/\/sileno.com\/de\/wp-json\/wp\/v2\/pages\/2505\/revisions"}],"predecessor-version":[{"id":3517,"href":"https:\/\/sileno.com\/de\/wp-json\/wp\/v2\/pages\/2505\/revisions\/3517"}],"wp:featuredmedia":[{"embeddable":true,"href":"https:\/\/sileno.com\/de\/wp-json\/wp\/v2\/media\/1848"}],"wp:attachment":[{"href":"https:\/\/sileno.com\/de\/wp-json\/wp\/v2\/media?parent=2505"}],"curies":[{"name":"wp","href":"https:\/\/api.w.org\/{rel}","templated":true}]}}