{"id":2498,"date":"2023-03-02T13:00:41","date_gmt":"2023-03-02T11:00:41","guid":{"rendered":"http:\/\/alpha.sileno.fr.185-178-193-66.227.hosttech.eu\/news\/"},"modified":"2023-06-22T22:14:16","modified_gmt":"2023-06-22T20:14:16","slug":"nachricht","status":"publish","type":"page","link":"https:\/\/sileno.com\/de\/nachricht\/","title":{"rendered":"News"},"content":{"rendered":"<p>Willkommen im SILNEO-News-Bereich unserer Website, wo Sie sich \u00fcber die neuesten Updates, Ank\u00fcndigungen und Entwicklungen unseres Unternehmens auf dem Laufenden halten k\u00f6nnen.<\/p>\n<p>Hier teilen wir Neuigkeiten \u00fcber unsere Produkte, Dienstleistungen, Partnerschaften und Initiativen sowie alle anderen relevanten Informationen, von denen wir glauben, dass sie f\u00fcr unsere Kunden, Stakeholder und die allgemeine \u00d6ffentlichkeit von Interesse sein k\u00f6nnten.<\/p>\n<p>Unser Unternehmen setzt sich f\u00fcr Transparenz und offene Kommunikation ein, und wir glauben, dass das Teilen unserer Neuigkeiten und Updates mit unserem Publikum ein wichtiger Teil des Aufbaus starker Beziehungen und der F\u00f6rderung von Vertrauen ist.<\/p>\n<p>Egal, ob Sie ein aktueller oder potenzieller Kunde, Partner, Distributor oder einfach nur an unserem Unternehmen interessiert sind, wir laden Sie ein, unseren News-Bereich zu erkunden, sich \u00fcber unsere neuesten Entwicklungen auf dem Laufenden zu halten und unseren Newsletter zu abonnieren.<\/p>\n","protected":false},"excerpt":{"rendered":"<p>Willkommen im SILNEO-News-Bereich unserer Website, wo Sie sich \u00fcber die neuesten Updates, Ank\u00fcndigungen und Entwicklungen unseres Unternehmens auf dem Laufenden halten k\u00f6nnen. Hier teilen wir Neuigkeiten \u00fcber unsere Produkte, Dienstleistungen, Partnerschaften und Initiativen sowie alle anderen relevanten Informationen, von denen wir glauben, dass sie f\u00fcr unsere Kunden, Stakeholder und die allgemeine \u00d6ffentlichkeit von Interesse sein [&hellip;]<\/p>\n","protected":false},"author":5,"featured_media":2613,"parent":0,"menu_order":26,"comment_status":"closed","ping_status":"closed","template":"page-news.php","meta":{"footnotes":""},"class_list":["post-2498","page","type-page","status-publish","has-post-thumbnail","hentry"],"acf":[],"yoast_head":"<!-- This site is optimized with the Yoast SEO plugin v24.0 - https:\/\/yoast.com\/wordpress\/plugins\/seo\/ -->\n<title>News - SILENO<\/title>\n<meta name=\"robots\" content=\"index, follow, max-snippet:-1, max-image-preview:large, max-video-preview:-1\" \/>\n<link rel=\"canonical\" href=\"https:\/\/sileno.com\/de\/nachricht\/\" \/>\n<meta property=\"og:locale\" content=\"de_DE\" \/>\n<meta property=\"og:type\" content=\"article\" \/>\n<meta property=\"og:title\" content=\"News - SILENO\" \/>\n<meta property=\"og:description\" content=\"Willkommen im SILNEO-News-Bereich unserer Website, wo Sie sich \u00fcber die neuesten Updates, Ank\u00fcndigungen und Entwicklungen unseres Unternehmens auf dem Laufenden halten k\u00f6nnen. Hier teilen wir Neuigkeiten \u00fcber unsere Produkte, Dienstleistungen, Partnerschaften und Initiativen sowie alle anderen relevanten Informationen, von denen wir glauben, dass sie f\u00fcr unsere Kunden, Stakeholder und die allgemeine \u00d6ffentlichkeit von Interesse sein [&hellip;]\" \/>\n<meta property=\"og:url\" content=\"https:\/\/sileno.com\/de\/nachricht\/\" \/>\n<meta property=\"og:site_name\" content=\"SILENO\" \/>\n<meta property=\"article:modified_time\" content=\"2023-06-22T20:14:16+00:00\" \/>\n<meta property=\"og:image\" content=\"https:\/\/sileno.com\/wp-content\/uploads\/2023\/03\/news_1900x455.jpg\" \/>\n\t<meta property=\"og:image:width\" content=\"1900\" \/>\n\t<meta property=\"og:image:height\" content=\"455\" \/>\n\t<meta property=\"og:image:type\" content=\"image\/jpeg\" \/>\n<meta name=\"twitter:card\" content=\"summary_large_image\" \/>\n<meta name=\"twitter:label1\" content=\"Gesch\u00e4tzte Lesezeit\" \/>\n\t<meta name=\"twitter:data1\" content=\"1\u00a0Minute\" \/>\n<script type=\"application\/ld+json\" class=\"yoast-schema-graph\">{\"@context\":\"https:\/\/schema.org\",\"@graph\":[{\"@type\":\"WebPage\",\"@id\":\"https:\/\/sileno.com\/de\/nachricht\/\",\"url\":\"https:\/\/sileno.com\/de\/nachricht\/\",\"name\":\"News - SILENO\",\"isPartOf\":{\"@id\":\"https:\/\/sileno.com\/#website\"},\"primaryImageOfPage\":{\"@id\":\"https:\/\/sileno.com\/de\/nachricht\/#primaryimage\"},\"image\":{\"@id\":\"https:\/\/sileno.com\/de\/nachricht\/#primaryimage\"},\"thumbnailUrl\":\"https:\/\/sileno.com\/wp-content\/uploads\/2023\/03\/news_1900x455.jpg\",\"datePublished\":\"2023-03-02T11:00:41+00:00\",\"dateModified\":\"2023-06-22T20:14:16+00:00\",\"breadcrumb\":{\"@id\":\"https:\/\/sileno.com\/de\/nachricht\/#breadcrumb\"},\"inLanguage\":\"de\",\"potentialAction\":[{\"@type\":\"ReadAction\",\"target\":[\"https:\/\/sileno.com\/de\/nachricht\/\"]}]},{\"@type\":\"ImageObject\",\"inLanguage\":\"de\",\"@id\":\"https:\/\/sileno.com\/de\/nachricht\/#primaryimage\",\"url\":\"https:\/\/sileno.com\/wp-content\/uploads\/2023\/03\/news_1900x455.jpg\",\"contentUrl\":\"https:\/\/sileno.com\/wp-content\/uploads\/2023\/03\/news_1900x455.jpg\",\"width\":1900,\"height\":455},{\"@type\":\"BreadcrumbList\",\"@id\":\"https:\/\/sileno.com\/de\/nachricht\/#breadcrumb\",\"itemListElement\":[{\"@type\":\"ListItem\",\"position\":1,\"name\":\"Home\",\"item\":\"https:\/\/sileno.com\/de\/\"},{\"@type\":\"ListItem\",\"position\":2,\"name\":\"News\"}]},{\"@type\":\"WebSite\",\"@id\":\"https:\/\/sileno.com\/#website\",\"url\":\"https:\/\/sileno.com\/\",\"name\":\"SILENO\",\"description\":\"SCADA and EnMS energy management solution\",\"publisher\":{\"@id\":\"https:\/\/sileno.com\/#organization\"},\"potentialAction\":[{\"@type\":\"SearchAction\",\"target\":{\"@type\":\"EntryPoint\",\"urlTemplate\":\"https:\/\/sileno.com\/?s={search_term_string}\"},\"query-input\":{\"@type\":\"PropertyValueSpecification\",\"valueRequired\":true,\"valueName\":\"search_term_string\"}}],\"inLanguage\":\"de\"},{\"@type\":\"Organization\",\"@id\":\"https:\/\/sileno.com\/#organization\",\"name\":\"SILENO\",\"url\":\"https:\/\/sileno.com\/\",\"logo\":{\"@type\":\"ImageObject\",\"inLanguage\":\"de\",\"@id\":\"https:\/\/sileno.com\/#\/schema\/logo\/image\/\",\"url\":\"https:\/\/sileno.com\/wp-content\/uploads\/2023\/02\/logo.png\",\"contentUrl\":\"https:\/\/sileno.com\/wp-content\/uploads\/2023\/02\/logo.png\",\"width\":297,\"height\":45,\"caption\":\"SILENO\"},\"image\":{\"@id\":\"https:\/\/sileno.com\/#\/schema\/logo\/image\/\"},\"sameAs\":[\"https:\/\/www.linkedin.com\/company\/10977817\"]}]}<\/script>\n<!-- \/ Yoast SEO plugin. -->","yoast_head_json":{"title":"News - SILENO","robots":{"index":"index","follow":"follow","max-snippet":"max-snippet:-1","max-image-preview":"max-image-preview:large","max-video-preview":"max-video-preview:-1"},"canonical":"https:\/\/sileno.com\/de\/nachricht\/","og_locale":"de_DE","og_type":"article","og_title":"News - SILENO","og_description":"Willkommen im SILNEO-News-Bereich unserer Website, wo Sie sich \u00fcber die neuesten Updates, Ank\u00fcndigungen und Entwicklungen unseres Unternehmens auf dem Laufenden halten k\u00f6nnen. Hier teilen wir Neuigkeiten \u00fcber unsere Produkte, Dienstleistungen, Partnerschaften und Initiativen sowie alle anderen relevanten Informationen, von denen wir glauben, dass sie f\u00fcr unsere Kunden, Stakeholder und die allgemeine \u00d6ffentlichkeit von Interesse sein [&hellip;]","og_url":"https:\/\/sileno.com\/de\/nachricht\/","og_site_name":"SILENO","article_modified_time":"2023-06-22T20:14:16+00:00","og_image":[{"width":1900,"height":455,"url":"https:\/\/sileno.com\/wp-content\/uploads\/2023\/03\/news_1900x455.jpg","type":"image\/jpeg"}],"twitter_card":"summary_large_image","twitter_misc":{"Gesch\u00e4tzte Lesezeit":"1\u00a0Minute"},"schema":{"@context":"https:\/\/schema.org","@graph":[{"@type":"WebPage","@id":"https:\/\/sileno.com\/de\/nachricht\/","url":"https:\/\/sileno.com\/de\/nachricht\/","name":"News - SILENO","isPartOf":{"@id":"https:\/\/sileno.com\/#website"},"primaryImageOfPage":{"@id":"https:\/\/sileno.com\/de\/nachricht\/#primaryimage"},"image":{"@id":"https:\/\/sileno.com\/de\/nachricht\/#primaryimage"},"thumbnailUrl":"https:\/\/sileno.com\/wp-content\/uploads\/2023\/03\/news_1900x455.jpg","datePublished":"2023-03-02T11:00:41+00:00","dateModified":"2023-06-22T20:14:16+00:00","breadcrumb":{"@id":"https:\/\/sileno.com\/de\/nachricht\/#breadcrumb"},"inLanguage":"de","potentialAction":[{"@type":"ReadAction","target":["https:\/\/sileno.com\/de\/nachricht\/"]}]},{"@type":"ImageObject","inLanguage":"de","@id":"https:\/\/sileno.com\/de\/nachricht\/#primaryimage","url":"https:\/\/sileno.com\/wp-content\/uploads\/2023\/03\/news_1900x455.jpg","contentUrl":"https:\/\/sileno.com\/wp-content\/uploads\/2023\/03\/news_1900x455.jpg","width":1900,"height":455},{"@type":"BreadcrumbList","@id":"https:\/\/sileno.com\/de\/nachricht\/#breadcrumb","itemListElement":[{"@type":"ListItem","position":1,"name":"Home","item":"https:\/\/sileno.com\/de\/"},{"@type":"ListItem","position":2,"name":"News"}]},{"@type":"WebSite","@id":"https:\/\/sileno.com\/#website","url":"https:\/\/sileno.com\/","name":"SILENO","description":"SCADA and EnMS energy management solution","publisher":{"@id":"https:\/\/sileno.com\/#organization"},"potentialAction":[{"@type":"SearchAction","target":{"@type":"EntryPoint","urlTemplate":"https:\/\/sileno.com\/?s={search_term_string}"},"query-input":{"@type":"PropertyValueSpecification","valueRequired":true,"valueName":"search_term_string"}}],"inLanguage":"de"},{"@type":"Organization","@id":"https:\/\/sileno.com\/#organization","name":"SILENO","url":"https:\/\/sileno.com\/","logo":{"@type":"ImageObject","inLanguage":"de","@id":"https:\/\/sileno.com\/#\/schema\/logo\/image\/","url":"https:\/\/sileno.com\/wp-content\/uploads\/2023\/02\/logo.png","contentUrl":"https:\/\/sileno.com\/wp-content\/uploads\/2023\/02\/logo.png","width":297,"height":45,"caption":"SILENO"},"image":{"@id":"https:\/\/sileno.com\/#\/schema\/logo\/image\/"},"sameAs":["https:\/\/www.linkedin.com\/company\/10977817"]}]}},"_links":{"self":[{"href":"https:\/\/sileno.com\/de\/wp-json\/wp\/v2\/pages\/2498","targetHints":{"allow":["GET"]}}],"collection":[{"href":"https:\/\/sileno.com\/de\/wp-json\/wp\/v2\/pages"}],"about":[{"href":"https:\/\/sileno.com\/de\/wp-json\/wp\/v2\/types\/page"}],"author":[{"embeddable":true,"href":"https:\/\/sileno.com\/de\/wp-json\/wp\/v2\/users\/5"}],"replies":[{"embeddable":true,"href":"https:\/\/sileno.com\/de\/wp-json\/wp\/v2\/comments?post=2498"}],"version-history":[{"count":4,"href":"https:\/\/sileno.com\/de\/wp-json\/wp\/v2\/pages\/2498\/revisions"}],"predecessor-version":[{"id":3241,"href":"https:\/\/sileno.com\/de\/wp-json\/wp\/v2\/pages\/2498\/revisions\/3241"}],"wp:featuredmedia":[{"embeddable":true,"href":"https:\/\/sileno.com\/de\/wp-json\/wp\/v2\/media\/2613"}],"wp:attachment":[{"href":"https:\/\/sileno.com\/de\/wp-json\/wp\/v2\/media?parent=2498"}],"curies":[{"name":"wp","href":"https:\/\/api.w.org\/{rel}","templated":true}]}}