{"id":1789,"date":"2023-02-08T12:29:34","date_gmt":"2023-02-08T10:29:34","guid":{"rendered":"http:\/\/alpha.sileno.fr.185-178-193-66.227.hosttech.eu\/?page_id=1789"},"modified":"2024-08-09T11:08:44","modified_gmt":"2024-08-09T09:08:44","slug":"ihre-branche","status":"publish","type":"page","link":"https:\/\/sileno.com\/de\/ihre-branche\/","title":{"rendered":"Branchen"},"content":{"rendered":"<p>Jede Branche oder Dienstleistung hat ihre eigenen spezifischen Anforderungen. \u00dcberwachung und Steuerung oder Energiemanagement werden im Geb\u00e4ude oder in der Industrie oder bei Maschinenbauern nicht in gleicher Weise durchgef\u00fchrt. SILENO hat Anwendungen f\u00fcr viele verschiedene Kunden bereitgestellt und bietet massgeschneiderte und effiziente Tools, die den Anforderungen Ihrer Aktivit\u00e4t am besten entsprechen.<\/p>\n","protected":false},"excerpt":{"rendered":"<p>Jede Branche oder Dienstleistung hat ihre eigenen spezifischen Anforderungen. \u00dcberwachung und Steuerung oder Energiemanagement werden im Geb\u00e4ude oder in der Industrie oder bei Maschinenbauern nicht in gleicher Weise durchgef\u00fchrt. SILENO hat Anwendungen f\u00fcr viele verschiedene Kunden bereitgestellt und bietet massgeschneiderte und effiziente Tools, die den Anforderungen Ihrer Aktivit\u00e4t am besten entsprechen.<\/p>\n","protected":false},"author":5,"featured_media":0,"parent":0,"menu_order":2,"comment_status":"closed","ping_status":"closed","template":"page-sector.php","meta":{"footnotes":""},"class_list":["post-1789","page","type-page","status-publish","hentry"],"acf":[],"yoast_head":"<!-- This site is optimized with the Yoast SEO plugin v24.0 - https:\/\/yoast.com\/wordpress\/plugins\/seo\/ -->\n<title>Branchen - SILENO<\/title>\n<meta name=\"robots\" content=\"index, follow, max-snippet:-1, max-image-preview:large, max-video-preview:-1\" \/>\n<link rel=\"canonical\" href=\"https:\/\/sileno.com\/de\/ihre-branche\/\" \/>\n<meta property=\"og:locale\" content=\"de_DE\" \/>\n<meta property=\"og:type\" content=\"article\" \/>\n<meta property=\"og:title\" content=\"Branchen - SILENO\" \/>\n<meta property=\"og:description\" content=\"Jede Branche oder Dienstleistung hat ihre eigenen spezifischen Anforderungen. \u00dcberwachung und Steuerung oder Energiemanagement werden im Geb\u00e4ude oder in der Industrie oder bei Maschinenbauern nicht in gleicher Weise durchgef\u00fchrt. SILENO hat Anwendungen f\u00fcr viele verschiedene Kunden bereitgestellt und bietet massgeschneiderte und effiziente Tools, die den Anforderungen Ihrer Aktivit\u00e4t am besten entsprechen.\" \/>\n<meta property=\"og:url\" content=\"https:\/\/sileno.com\/de\/ihre-branche\/\" \/>\n<meta property=\"og:site_name\" content=\"SILENO\" \/>\n<meta property=\"article:modified_time\" content=\"2024-08-09T09:08:44+00:00\" \/>\n<meta property=\"og:image\" content=\"https:\/\/sileno.com\/wp-content\/uploads\/2023\/03\/AdobeStock_481449351-reworked-1.jpg\" \/>\n\t<meta property=\"og:image:width\" content=\"2000\" \/>\n\t<meta property=\"og:image:height\" content=\"939\" \/>\n\t<meta property=\"og:image:type\" content=\"image\/jpeg\" \/>\n<meta name=\"twitter:card\" content=\"summary_large_image\" \/>\n<meta name=\"twitter:label1\" content=\"Gesch\u00e4tzte Lesezeit\" \/>\n\t<meta name=\"twitter:data1\" content=\"1\u00a0Minute\" \/>\n<script type=\"application\/ld+json\" class=\"yoast-schema-graph\">{\"@context\":\"https:\/\/schema.org\",\"@graph\":[{\"@type\":\"WebPage\",\"@id\":\"https:\/\/sileno.com\/de\/ihre-branche\/\",\"url\":\"https:\/\/sileno.com\/de\/ihre-branche\/\",\"name\":\"Branchen - SILENO\",\"isPartOf\":{\"@id\":\"https:\/\/sileno.com\/#website\"},\"datePublished\":\"2023-02-08T10:29:34+00:00\",\"dateModified\":\"2024-08-09T09:08:44+00:00\",\"breadcrumb\":{\"@id\":\"https:\/\/sileno.com\/de\/ihre-branche\/#breadcrumb\"},\"inLanguage\":\"de\",\"potentialAction\":[{\"@type\":\"ReadAction\",\"target\":[\"https:\/\/sileno.com\/de\/ihre-branche\/\"]}]},{\"@type\":\"BreadcrumbList\",\"@id\":\"https:\/\/sileno.com\/de\/ihre-branche\/#breadcrumb\",\"itemListElement\":[{\"@type\":\"ListItem\",\"position\":1,\"name\":\"Home\",\"item\":\"https:\/\/sileno.com\/de\/\"},{\"@type\":\"ListItem\",\"position\":2,\"name\":\"Branchen\"}]},{\"@type\":\"WebSite\",\"@id\":\"https:\/\/sileno.com\/#website\",\"url\":\"https:\/\/sileno.com\/\",\"name\":\"SILENO\",\"description\":\"SCADA and EnMS energy management solution\",\"publisher\":{\"@id\":\"https:\/\/sileno.com\/#organization\"},\"potentialAction\":[{\"@type\":\"SearchAction\",\"target\":{\"@type\":\"EntryPoint\",\"urlTemplate\":\"https:\/\/sileno.com\/?s={search_term_string}\"},\"query-input\":{\"@type\":\"PropertyValueSpecification\",\"valueRequired\":true,\"valueName\":\"search_term_string\"}}],\"inLanguage\":\"de\"},{\"@type\":\"Organization\",\"@id\":\"https:\/\/sileno.com\/#organization\",\"name\":\"SILENO\",\"url\":\"https:\/\/sileno.com\/\",\"logo\":{\"@type\":\"ImageObject\",\"inLanguage\":\"de\",\"@id\":\"https:\/\/sileno.com\/#\/schema\/logo\/image\/\",\"url\":\"https:\/\/sileno.com\/wp-content\/uploads\/2023\/02\/logo.png\",\"contentUrl\":\"https:\/\/sileno.com\/wp-content\/uploads\/2023\/02\/logo.png\",\"width\":297,\"height\":45,\"caption\":\"SILENO\"},\"image\":{\"@id\":\"https:\/\/sileno.com\/#\/schema\/logo\/image\/\"},\"sameAs\":[\"https:\/\/www.linkedin.com\/company\/10977817\"]}]}<\/script>\n<!-- \/ Yoast SEO plugin. -->","yoast_head_json":{"title":"Branchen - SILENO","robots":{"index":"index","follow":"follow","max-snippet":"max-snippet:-1","max-image-preview":"max-image-preview:large","max-video-preview":"max-video-preview:-1"},"canonical":"https:\/\/sileno.com\/de\/ihre-branche\/","og_locale":"de_DE","og_type":"article","og_title":"Branchen - SILENO","og_description":"Jede Branche oder Dienstleistung hat ihre eigenen spezifischen Anforderungen. \u00dcberwachung und Steuerung oder Energiemanagement werden im Geb\u00e4ude oder in der Industrie oder bei Maschinenbauern nicht in gleicher Weise durchgef\u00fchrt. SILENO hat Anwendungen f\u00fcr viele verschiedene Kunden bereitgestellt und bietet massgeschneiderte und effiziente Tools, die den Anforderungen Ihrer Aktivit\u00e4t am besten entsprechen.","og_url":"https:\/\/sileno.com\/de\/ihre-branche\/","og_site_name":"SILENO","article_modified_time":"2024-08-09T09:08:44+00:00","og_image":[{"width":2000,"height":939,"url":"https:\/\/sileno.com\/wp-content\/uploads\/2023\/03\/AdobeStock_481449351-reworked-1.jpg","type":"image\/jpeg"}],"twitter_card":"summary_large_image","twitter_misc":{"Gesch\u00e4tzte Lesezeit":"1\u00a0Minute"},"schema":{"@context":"https:\/\/schema.org","@graph":[{"@type":"WebPage","@id":"https:\/\/sileno.com\/de\/ihre-branche\/","url":"https:\/\/sileno.com\/de\/ihre-branche\/","name":"Branchen - SILENO","isPartOf":{"@id":"https:\/\/sileno.com\/#website"},"datePublished":"2023-02-08T10:29:34+00:00","dateModified":"2024-08-09T09:08:44+00:00","breadcrumb":{"@id":"https:\/\/sileno.com\/de\/ihre-branche\/#breadcrumb"},"inLanguage":"de","potentialAction":[{"@type":"ReadAction","target":["https:\/\/sileno.com\/de\/ihre-branche\/"]}]},{"@type":"BreadcrumbList","@id":"https:\/\/sileno.com\/de\/ihre-branche\/#breadcrumb","itemListElement":[{"@type":"ListItem","position":1,"name":"Home","item":"https:\/\/sileno.com\/de\/"},{"@type":"ListItem","position":2,"name":"Branchen"}]},{"@type":"WebSite","@id":"https:\/\/sileno.com\/#website","url":"https:\/\/sileno.com\/","name":"SILENO","description":"SCADA and EnMS energy management solution","publisher":{"@id":"https:\/\/sileno.com\/#organization"},"potentialAction":[{"@type":"SearchAction","target":{"@type":"EntryPoint","urlTemplate":"https:\/\/sileno.com\/?s={search_term_string}"},"query-input":{"@type":"PropertyValueSpecification","valueRequired":true,"valueName":"search_term_string"}}],"inLanguage":"de"},{"@type":"Organization","@id":"https:\/\/sileno.com\/#organization","name":"SILENO","url":"https:\/\/sileno.com\/","logo":{"@type":"ImageObject","inLanguage":"de","@id":"https:\/\/sileno.com\/#\/schema\/logo\/image\/","url":"https:\/\/sileno.com\/wp-content\/uploads\/2023\/02\/logo.png","contentUrl":"https:\/\/sileno.com\/wp-content\/uploads\/2023\/02\/logo.png","width":297,"height":45,"caption":"SILENO"},"image":{"@id":"https:\/\/sileno.com\/#\/schema\/logo\/image\/"},"sameAs":["https:\/\/www.linkedin.com\/company\/10977817"]}]}},"_links":{"self":[{"href":"https:\/\/sileno.com\/de\/wp-json\/wp\/v2\/pages\/1789","targetHints":{"allow":["GET"]}}],"collection":[{"href":"https:\/\/sileno.com\/de\/wp-json\/wp\/v2\/pages"}],"about":[{"href":"https:\/\/sileno.com\/de\/wp-json\/wp\/v2\/types\/page"}],"author":[{"embeddable":true,"href":"https:\/\/sileno.com\/de\/wp-json\/wp\/v2\/users\/5"}],"replies":[{"embeddable":true,"href":"https:\/\/sileno.com\/de\/wp-json\/wp\/v2\/comments?post=1789"}],"version-history":[{"count":7,"href":"https:\/\/sileno.com\/de\/wp-json\/wp\/v2\/pages\/1789\/revisions"}],"predecessor-version":[{"id":3442,"href":"https:\/\/sileno.com\/de\/wp-json\/wp\/v2\/pages\/1789\/revisions\/3442"}],"wp:attachment":[{"href":"https:\/\/sileno.com\/de\/wp-json\/wp\/v2\/media?parent=1789"}],"curies":[{"name":"wp","href":"https:\/\/api.w.org\/{rel}","templated":true}]}}